{"id":756,"date":"2021-03-21T15:15:03","date_gmt":"2021-03-21T14:15:03","guid":{"rendered":"http:\/\/wroclawaikikai.pl\/nowa\/?page_id=756"},"modified":"2024-06-24T12:16:08","modified_gmt":"2024-06-24T10:16:08","slug":"kontakt","status":"publish","type":"page","link":"https:\/\/wroclawaikikai.pl\/en\/kontakt\/","title":{"rendered":"Kontakt"},"content":{"rendered":"<p><strong>KONTAKT<br \/>Ul. Hubska 20 (naprzeciw Komisariatu Policji Drogowej)<br \/><\/strong><\/p>\n<p>Telefon<br \/>zaj\u0119cia dla dzieci i doros\u0142ych +48 507 480 656<br \/>e mail: pmasz@poczta.wp.pl<\/p>\n\n\n<div class=\"wp-block-media-text alignwide has-media-on-the-right is-stacked-on-mobile\"><div class=\"wp-block-media-text__content\">\n<h2 class=\"wp-block-heading\">Jak do nas trafi\u0107?<\/h2>\n\n\n\n<p>Ul. Hubska 20 (naprzeciw Komisariatu Policji Drogowej)<\/p>\n\n\n\n<ul class=\"wp-block-list\">\n<li>10 minut marszu od Dworca G\u0142\u00f3wnego PKP i PKS<\/li>\n<li>tramwaje: 8, 16,\u00a0 15, 22<\/li>\n<li>autobusy: 110, 125<\/li>\n<\/ul>\n<\/div><figure class=\"wp-block-media-text__media\"><img loading=\"lazy\" decoding=\"async\" width=\"1024\" height=\"768\" src=\"https:\/\/wroclawaikikai.pl\/wp-content\/uploads\/2021\/03\/68993108_460225541500339_971561193363734528_n-1024x768.jpg\" alt=\"\" class=\"wp-image-764 size-full\" srcset=\"https:\/\/wroclawaikikai.pl\/wp-content\/uploads\/2021\/03\/68993108_460225541500339_971561193363734528_n-1024x768.jpg 1024w, https:\/\/wroclawaikikai.pl\/wp-content\/uploads\/2021\/03\/68993108_460225541500339_971561193363734528_n-300x225.jpg 300w, https:\/\/wroclawaikikai.pl\/wp-content\/uploads\/2021\/03\/68993108_460225541500339_971561193363734528_n-768x576.jpg 768w, https:\/\/wroclawaikikai.pl\/wp-content\/uploads\/2021\/03\/68993108_460225541500339_971561193363734528_n-1536x1152.jpg 1536w, https:\/\/wroclawaikikai.pl\/wp-content\/uploads\/2021\/03\/68993108_460225541500339_971561193363734528_n-600x450.jpg 600w, https:\/\/wroclawaikikai.pl\/wp-content\/uploads\/2021\/03\/68993108_460225541500339_971561193363734528_n.jpg 2048w\" sizes=\"(max-width: 1024px) 100vw, 1024px\" \/><\/figure><\/div>\n\n\n\n<p><img loading=\"lazy\" decoding=\"async\" src=\"https:\/\/wroclawaikikai.pl\/wp-content\/uploads\/2021\/03\/hubska-300x150.jpg\" alt=\"\" width=\"300\" height=\"150\"><\/p>\n\n\n\n<p><\/p>","protected":false},"excerpt":{"rendered":"<p>KONTAKTUl. Hubska 20 (naprzeciw Komisariatu Policji Drogowej) Telefonzaj\u0119cia dla dzieci i doros\u0142ych +48 507 480 656e mail: pmasz@poczta.wp.pl Jak do nas trafi\u0107? Ul. Hubska 20&hellip; <\/p>","protected":false},"author":2,"featured_media":0,"parent":0,"menu_order":0,"comment_status":"closed","ping_status":"closed","template":"page-templates\/contact-template.php","meta":{"footnotes":""},"class_list":["post-756","page","type-page","status-publish","hentry"],"_links":{"self":[{"href":"https:\/\/wroclawaikikai.pl\/en\/wp-json\/wp\/v2\/pages\/756"}],"collection":[{"href":"https:\/\/wroclawaikikai.pl\/en\/wp-json\/wp\/v2\/pages"}],"about":[{"href":"https:\/\/wroclawaikikai.pl\/en\/wp-json\/wp\/v2\/types\/page"}],"author":[{"embeddable":true,"href":"https:\/\/wroclawaikikai.pl\/en\/wp-json\/wp\/v2\/users\/2"}],"replies":[{"embeddable":true,"href":"https:\/\/wroclawaikikai.pl\/en\/wp-json\/wp\/v2\/comments?post=756"}],"version-history":[{"count":0,"href":"https:\/\/wroclawaikikai.pl\/en\/wp-json\/wp\/v2\/pages\/756\/revisions"}],"wp:attachment":[{"href":"https:\/\/wroclawaikikai.pl\/en\/wp-json\/wp\/v2\/media?parent=756"}],"curies":[{"name":"wp","href":"https:\/\/api.w.org\/{rel}","templated":true}]}}