{"id":704,"date":"2021-03-18T23:42:35","date_gmt":"2021-03-18T22:42:35","guid":{"rendered":"http:\/\/wroclawaikikai.pl\/nowa\/?page_id=704"},"modified":"2023-05-02T13:14:24","modified_gmt":"2023-05-02T11:14:24","slug":"aikido-dla-doroslych","status":"publish","type":"page","link":"https:\/\/wroclawaikikai.pl\/en\/aikido-dla-doroslych\/","title":{"rendered":"Aikido dla doros\u0142ych"},"content":{"rendered":"<div class=\"wp-block-columns is-layout-flex wp-container-core-columns-is-layout-1 wp-block-columns-is-layout-flex\">\n<div class=\"wp-block-column is-layout-flow wp-block-column-is-layout-flow\" style=\"flex-basis:33.33%\">\n<figure class=\"wp-block-image size-large\"><img loading=\"lazy\" decoding=\"async\" width=\"406\" height=\"610\" src=\"https:\/\/wroclawaikikai.pl\/wp-content\/uploads\/2021\/01\/6.jpg\" alt=\"\" class=\"wp-image-299\" srcset=\"https:\/\/wroclawaikikai.pl\/wp-content\/uploads\/2021\/01\/6.jpg 406w, https:\/\/wroclawaikikai.pl\/wp-content\/uploads\/2021\/01\/6-200x300.jpg 200w\" sizes=\"(max-width: 406px) 100vw, 406px\" \/><\/figure>\n\n\n\n<p><\/p>\n<\/div>\n\n\n\n<div class=\"wp-block-column is-vertically-aligned-center is-layout-flow wp-block-column-is-layout-flow\" style=\"flex-basis:66.66%\">\n<p><strong>Aikido<\/strong> jest tradycyjn\u0105, japo\u0144sk\u0105 sztuk\u0105 walki. Zosta\u0142a stworzona na bazie system\u00f3w walki wr\u0119cz i&nbsp;japo\u0144skiej szermierki przez M. Ueshiba.<\/p>\n\n\n\n<p class=\"has-text-align-left\">Aikido jest dyscyplin\u0105 w kt\u00f3rej nie uprawia si\u0119 wsp\u00f3\u0142zawodnictwa a trening jest celem samym w sobie. Daje mo\u017cliwo\u015bci rozwoju ka\u017cdemu, bez wzgl\u0119du na wiek, p\u0142e\u0107, warunki fizyczne czy stan zdrowia.<br><br><br><\/p>\n\n\n\n<div class=\"wp-block-buttons is-layout-flex wp-block-buttons-is-layout-flex\">\n<div class=\"wp-block-button\"><a class=\"wp-block-button__link wp-element-button\" href=\"https:\/\/wroclawaikikai.pl\/en\/jak-do-nas-dolaczyc-2\/\">Jak do nas do\u0142\u0105czy\u0107?<\/a><\/div>\n<\/div>\n\n\n\n<p><\/p>\n\n\n\n<p><\/p>\n\n\n\n<div class=\"wp-block-buttons is-layout-flex wp-block-buttons-is-layout-flex\"><\/div>\n<\/div>\n<\/div>\n\n\n\n<figure class=\"wp-block-embed is-type-video is-provider-youtube wp-block-embed-youtube wp-embed-aspect-16-9 wp-has-aspect-ratio\"><div class=\"wp-block-embed__wrapper\">\n<iframe loading=\"lazy\" title=\"AIKIDO - Wroc\u0142aw Aikikai - reporta\u017c\" width=\"1778\" height=\"1000\" src=\"https:\/\/www.youtube.com\/embed\/QxleZCHc9aU?start=10&#038;feature=oembed&#038;enablejsapi=1&#038;origin=https:\/\/wroclawaikikai.pl\" frameborder=\"0\" allow=\"accelerometer; autoplay; clipboard-write; encrypted-media; gyroscope; picture-in-picture; web-share\" allowfullscreen><\/iframe>\n<\/div><\/figure>","protected":false},"excerpt":{"rendered":"<p>Aikido jest tradycyjn\u0105, japo\u0144sk\u0105 sztuk\u0105 walki. Zosta\u0142a stworzona na bazie system\u00f3w walki wr\u0119cz i&nbsp;japo\u0144skiej szermierki przez M. Ueshiba. Aikido jest dyscyplin\u0105 w kt\u00f3rej nie uprawia&hellip; <\/p>","protected":false},"author":2,"featured_media":0,"parent":0,"menu_order":0,"comment_status":"closed","ping_status":"closed","template":"page-templates\/gallery-template.php","meta":{"footnotes":""},"class_list":["post-704","page","type-page","status-publish","hentry"],"_links":{"self":[{"href":"https:\/\/wroclawaikikai.pl\/en\/wp-json\/wp\/v2\/pages\/704"}],"collection":[{"href":"https:\/\/wroclawaikikai.pl\/en\/wp-json\/wp\/v2\/pages"}],"about":[{"href":"https:\/\/wroclawaikikai.pl\/en\/wp-json\/wp\/v2\/types\/page"}],"author":[{"embeddable":true,"href":"https:\/\/wroclawaikikai.pl\/en\/wp-json\/wp\/v2\/users\/2"}],"replies":[{"embeddable":true,"href":"https:\/\/wroclawaikikai.pl\/en\/wp-json\/wp\/v2\/comments?post=704"}],"version-history":[{"count":0,"href":"https:\/\/wroclawaikikai.pl\/en\/wp-json\/wp\/v2\/pages\/704\/revisions"}],"wp:attachment":[{"href":"https:\/\/wroclawaikikai.pl\/en\/wp-json\/wp\/v2\/media?parent=704"}],"curies":[{"name":"wp","href":"https:\/\/api.w.org\/{rel}","templated":true}]}}