{"id":4131,"date":"2025-05-12T16:00:39","date_gmt":"2025-05-12T14:00:39","guid":{"rendered":"https:\/\/wroclawaikikai.pl\/?page_id=4131"},"modified":"2025-05-21T14:26:38","modified_gmt":"2025-05-21T12:26:38","slug":"terapia-czaszkowo-krzyzowa","status":"publish","type":"page","link":"https:\/\/wroclawaikikai.pl\/en\/terapia-czaszkowo-krzyzowa\/","title":{"rendered":"Terapia czaszkowo-krzy\u017cowa i akupunktura w dojo"},"content":{"rendered":"<p>Poza treningiem sztuk walki w dojo Wroc\u0142aw Aikikai mo\u017cecie Pa\u0144stwo skorzysta\u0107 z sesji terapii czaszkowo &#8211; krzy\u017cowej i akupunktury dystalnej. Cz\u0142onkowie dojo mog\u0105 skorzysta\u0107 z ni\u017cszych op\u0142at za terapi\u0119. Zainteresowane osoby prosimy o kontakt telefoniczny tel. 501280250<br>Zabiegi odbywaj\u0105 si\u0119 w dojo Wroc\u0142aw Aikikai przy ul. Hubskiej 20 (mapa i szczeg\u00f3\u0142y dojazdu poni\u017cej)<br><a href=\"https:\/\/wyspazdrowia.com.pl\/\">Wi\u0119cej o terapii i terapeucie<\/a><br><\/p>\n\n\n\n<figure class=\"wp-block-image size-large\"><img loading=\"lazy\" decoding=\"async\" width=\"576\" height=\"1024\" src=\"https:\/\/wroclawaikikai.pl\/wp-content\/uploads\/2025\/05\/Dodaj-naglowek-3-1-576x1024.jpg\" alt=\"\" class=\"wp-image-4134\" srcset=\"https:\/\/wroclawaikikai.pl\/wp-content\/uploads\/2025\/05\/Dodaj-naglowek-3-1-576x1024.jpg 576w, https:\/\/wroclawaikikai.pl\/wp-content\/uploads\/2025\/05\/Dodaj-naglowek-3-1-169x300.jpg 169w, https:\/\/wroclawaikikai.pl\/wp-content\/uploads\/2025\/05\/Dodaj-naglowek-3-1-768x1365.jpg 768w, https:\/\/wroclawaikikai.pl\/wp-content\/uploads\/2025\/05\/Dodaj-naglowek-3-1-864x1536.jpg 864w, https:\/\/wroclawaikikai.pl\/wp-content\/uploads\/2025\/05\/Dodaj-naglowek-3-1-7x12.jpg 7w, https:\/\/wroclawaikikai.pl\/wp-content\/uploads\/2025\/05\/Dodaj-naglowek-3-1-338x600.jpg 338w, https:\/\/wroclawaikikai.pl\/wp-content\/uploads\/2025\/05\/Dodaj-naglowek-3-1.jpg 1080w\" sizes=\"(max-width: 576px) 100vw, 576px\" \/><\/figure>\n\n\n\n<figure class=\"wp-block-image size-large\"><img loading=\"lazy\" decoding=\"async\" width=\"1024\" height=\"461\" src=\"https:\/\/wroclawaikikai.pl\/wp-content\/uploads\/2025\/05\/Zdjecie-WhatsApp-2025-05-15-o-13.25.25_c5d9909e-1024x461.jpg\" alt=\"\" class=\"wp-image-4146\" srcset=\"https:\/\/wroclawaikikai.pl\/wp-content\/uploads\/2025\/05\/Zdjecie-WhatsApp-2025-05-15-o-13.25.25_c5d9909e-1024x461.jpg 1024w, https:\/\/wroclawaikikai.pl\/wp-content\/uploads\/2025\/05\/Zdjecie-WhatsApp-2025-05-15-o-13.25.25_c5d9909e-300x135.jpg 300w, https:\/\/wroclawaikikai.pl\/wp-content\/uploads\/2025\/05\/Zdjecie-WhatsApp-2025-05-15-o-13.25.25_c5d9909e-768x346.jpg 768w, https:\/\/wroclawaikikai.pl\/wp-content\/uploads\/2025\/05\/Zdjecie-WhatsApp-2025-05-15-o-13.25.25_c5d9909e-1536x691.jpg 1536w, https:\/\/wroclawaikikai.pl\/wp-content\/uploads\/2025\/05\/Zdjecie-WhatsApp-2025-05-15-o-13.25.25_c5d9909e-18x8.jpg 18w, https:\/\/wroclawaikikai.pl\/wp-content\/uploads\/2025\/05\/Zdjecie-WhatsApp-2025-05-15-o-13.25.25_c5d9909e-400x180.jpg 400w, https:\/\/wroclawaikikai.pl\/wp-content\/uploads\/2025\/05\/Zdjecie-WhatsApp-2025-05-15-o-13.25.25_c5d9909e.jpg 1600w\" sizes=\"(max-width: 1024px) 100vw, 1024px\" \/><\/figure>","protected":false},"excerpt":{"rendered":"<p>Poza treningiem sztuk walki w dojo Wroc\u0142aw Aikikai mo\u017cecie Pa\u0144stwo skorzysta\u0107 z sesji terapii czaszkowo &#8211; krzy\u017cowej i akupunktury dystalnej. Cz\u0142onkowie dojo mog\u0105 skorzysta\u0107 z&hellip; <\/p>","protected":false},"author":2,"featured_media":4134,"parent":0,"menu_order":0,"comment_status":"closed","ping_status":"closed","template":"","meta":{"footnotes":""},"class_list":["post-4131","page","type-page","status-publish","has-post-thumbnail","hentry"],"_links":{"self":[{"href":"https:\/\/wroclawaikikai.pl\/en\/wp-json\/wp\/v2\/pages\/4131"}],"collection":[{"href":"https:\/\/wroclawaikikai.pl\/en\/wp-json\/wp\/v2\/pages"}],"about":[{"href":"https:\/\/wroclawaikikai.pl\/en\/wp-json\/wp\/v2\/types\/page"}],"author":[{"embeddable":true,"href":"https:\/\/wroclawaikikai.pl\/en\/wp-json\/wp\/v2\/users\/2"}],"replies":[{"embeddable":true,"href":"https:\/\/wroclawaikikai.pl\/en\/wp-json\/wp\/v2\/comments?post=4131"}],"version-history":[{"count":0,"href":"https:\/\/wroclawaikikai.pl\/en\/wp-json\/wp\/v2\/pages\/4131\/revisions"}],"wp:featuredmedia":[{"embeddable":true,"href":"https:\/\/wroclawaikikai.pl\/en\/wp-json\/wp\/v2\/media\/4134"}],"wp:attachment":[{"href":"https:\/\/wroclawaikikai.pl\/en\/wp-json\/wp\/v2\/media?parent=4131"}],"curies":[{"name":"wp","href":"https:\/\/api.w.org\/{rel}","templated":true}]}}