{"id":4032,"date":"2025-03-19T06:59:58","date_gmt":"2025-03-19T05:59:58","guid":{"rendered":"https:\/\/wroclawaikikai.pl\/?page_id=4032"},"modified":"2025-06-10T21:35:40","modified_gmt":"2025-06-10T19:35:40","slug":"materialy-szkoleniowe-dla-dzieci","status":"publish","type":"page","link":"https:\/\/wroclawaikikai.pl\/en\/materialy-szkoleniowe-dla-dzieci\/","title":{"rendered":"Materia\u0142y szkoleniowe dla dzieci"},"content":{"rendered":"<figure class=\"wp-block-image size-large\"><img loading=\"lazy\" decoding=\"async\" width=\"1024\" height=\"459\" src=\"https:\/\/wroclawaikikai.pl\/wp-content\/uploads\/2025\/03\/dzieciaki_fot-43-1-1024x459.jpg\" alt=\"\" class=\"wp-image-4034\" srcset=\"https:\/\/wroclawaikikai.pl\/wp-content\/uploads\/2025\/03\/dzieciaki_fot-43-1-1024x459.jpg 1024w, https:\/\/wroclawaikikai.pl\/wp-content\/uploads\/2025\/03\/dzieciaki_fot-43-1-300x135.jpg 300w, https:\/\/wroclawaikikai.pl\/wp-content\/uploads\/2025\/03\/dzieciaki_fot-43-1-768x344.jpg 768w, https:\/\/wroclawaikikai.pl\/wp-content\/uploads\/2025\/03\/dzieciaki_fot-43-1-1536x689.jpg 1536w, https:\/\/wroclawaikikai.pl\/wp-content\/uploads\/2025\/03\/dzieciaki_fot-43-1-2048x918.jpg 2048w, https:\/\/wroclawaikikai.pl\/wp-content\/uploads\/2025\/03\/dzieciaki_fot-43-1-18x8.jpg 18w, https:\/\/wroclawaikikai.pl\/wp-content\/uploads\/2025\/03\/dzieciaki_fot-43-1-400x179.jpg 400w\" sizes=\"(max-width: 1024px) 100vw, 1024px\" \/><\/figure>\n\n\n\n<figure class=\"wp-block-table\"><table class=\"has-fixed-layout\"><tbody><tr><td class=\"has-text-align-center\" data-align=\"center\"><strong>S\u0141OWNIK<\/strong><\/td><td class=\"has-text-align-center\" data-align=\"center\"><strong>LICZEBNIKI<\/strong><\/td><\/tr><\/tbody><\/table><\/figure>\n\n\n\n<div class=\"wp-block-columns is-layout-flex wp-container-core-columns-is-layout-2 wp-block-columns-is-layout-flex\">\n<div class=\"wp-block-column is-layout-flow wp-block-column-is-layout-flow\">\n<p><strong>Podstawy dla ma\u0142ych dzieci (grupa 5\/6 lat)<\/strong><br><br><strong>Dojo<\/strong> \u2013 miejsce \u0107wicze\u0144<br><strong>Sense<\/strong>i \u2013 nauczyciel<br><strong>Tatami<\/strong> \u2013 mata do \u0107wicze\u0144<br><strong>Keikogi <\/strong>\u2013 str\u00f3j do \u0107wicze\u0144<br>Obi \u2013 pas<br><strong>Rei <\/strong>\u2013 uk\u0142on<br><strong>Arigato<\/strong> \u2013 dzi\u0119kuj\u0119<br><strong>Onegai shimasu<\/strong> \u2013 czy mog\u0119 z Tob\u0105 \u0107wiczy\u0107?<\/p>\n\n\n\n<p><strong>Kamiza<\/strong> \u2013 centralne miejsce dojo z napisem Aikido i portretem O&#8217;sensei<br><strong>Shikko<\/strong> \u2013 chodzenie na kolanach<br><strong>Seiza<\/strong> &#8211; siad, si\u0105d\u017a<br><strong>Kiritsu<\/strong> \u2013 wsta\u0144<br><br><strong>Dzieci starsze (od 7 lat)<\/strong><br><strong>Bokken <\/strong>&#8211; drewniany miecz<br><strong>Tanto<\/strong> \u2013 drewniany n\u00f3\u017c<br><strong>Jo<\/strong> \u2013 drewniany kij<br><strong>Ukemi<\/strong> &#8211; przewr\u00f3t<br><strong>Mae<\/strong> \u2013 do przodu<br><strong>Ushiro<\/strong> \u2013 do ty\u0142u<br><strong>Yoko<\/strong> \u2013 w bok<br><strong>Hidari<\/strong> \u2013 w lewo<br><strong>Migi<\/strong> \u2013 w prawo<br><strong>O&#8217;sensei<\/strong> \u2013 tw\u00f3rca aikido \u2013 Morihei Ueshiba<br><strong>Dan<\/strong> \u2013 stopie\u0144 mistrzowski (czarny pas)<br><strong>Kyu<\/strong> \u2013 stopie\u0144 uczniowski (od 12 do 1 kyu)<br><strong>Kamae <\/strong>\u2013 pozycja<br><strong>Hakama<\/strong> \u2013 szerokie spodnie ubierane przez zaawansowanych<br><strong>Uke<\/strong> \u2013 kto\u015b kto atakuje i przyjmuje technik\u0119<br><strong>Tori <\/strong>\u2013 osoba wykonuj\u0105ca technik\u0119<br><strong>Tachi waza<\/strong> \u2013 techniki w pozycji stoj\u0105cej<br><strong>Suwari waza<\/strong> \u2013 techniki w siadzie<br><strong>Hanmi handachi waza<\/strong> -osoba atakuje stoj\u0105c, uke wykonuje technik\u0119 w siadzie.<br><br><\/p>\n\n\n\n<p><strong>Ataki:<\/strong><br><strong>Ai hanmi<\/strong> \u2013 pozycja zgodno\u015bci uchwyt za nadgarstek (prawa\/prawa, lewa\/lewa)<br><strong>Gyaku hanmi<\/strong> \u2013 pozycja odwrotna uchwyt za nadgarstek (prawa\/lewa, lewa\/prawa)<br><strong>Shomen uchi<\/strong> &#8211; uderzenie w g\u0142ow\u0119 z g\u00f3ry<br><strong>Yokomen uchi <\/strong>\u2013 uderzenie w bok g\u0142owy<br><strong>Tsuki <\/strong>\u2013 udzenie poziome pie\u015bci\u0105<br><strong>Kata dori<\/strong> \u2013 uchwyt za r\u0119kaw keikogi<br><strong>Ryote dori<\/strong> \u2013 uchwyt dw\u00f3ch r\u0105k za dwie r\u0119ce<br><strong>Morote dori<\/strong> \u2013 uchwyt dwoma d\u0142o\u0144mi za jedn\u0105 r\u0119k\u0119<\/p>\n<\/div>\n\n\n\n<div class=\"wp-block-column is-layout-flow wp-block-column-is-layout-flow\">\n<figure class=\"wp-block-table\"><table class=\"has-fixed-layout\"><tbody><tr><td>1<\/td><td>ichi<\/td><td>\u3044\u3061<\/td><\/tr><tr><td>2<\/td><td>ni<\/td><td>\u306b<\/td><\/tr><tr><td>3<\/td><td>san<\/td><td>\u3055\u3093<\/td><\/tr><tr><td>4<\/td><td>shi<\/td><td>\u3057<\/td><\/tr><tr><td>5<\/td><td>go<\/td><td>\u3054<\/td><\/tr><tr><td>6<\/td><td>roku<\/td><td>\u308d\u304f<\/td><\/tr><tr><td>7<\/td><td>shichi<\/td><td>\u3057\u3061<\/td><\/tr><tr><td>8<\/td><td>hachi<\/td><td>\u306f\u3061<\/td><\/tr><tr><td>9<\/td><td>kyuu<\/td><td>\u304d\u3085\u3046<\/td><\/tr><tr><td>10<\/td><td>juu<\/td><td>\u3058\u3085\u3046<\/td><\/tr><\/tbody><\/table><\/figure>\n\n\n\n<p class=\"has-text-align-center\"><strong>Wymagania na stopie\u0144 12 kyu<\/strong><br><strong>(bia\u0142y pas):<br>Gyaku hanmi sumi otoshi omote, ura<br>Aihanmi juji nage omote i ura<\/strong><\/p>\n\n\n\n<div class=\"wp-block-columns is-layout-flex wp-container-core-columns-is-layout-1 wp-block-columns-is-layout-flex\">\n<div class=\"wp-block-column is-layout-flow wp-block-column-is-layout-flow\">\n<figure class=\"wp-block-video\"><video controls src=\"https:\/\/wroclawaikikai.pl\/wp-content\/uploads\/2025\/06\/12-KYU-DZIECI.mp4\"><\/video><\/figure>\n\n\n\n<p><strong>11 kyu <br>(\u017b\u00f3\u0142ty pas)<br>Suwari waza ryote dori kokyu ho<br>Aihanmi kote geashi<\/strong><\/p>\n<\/div>\n<\/div>\n<\/div>\n<\/div>","protected":false},"excerpt":{"rendered":"<p>S\u0141OWNIK LICZEBNIKI Podstawy dla ma\u0142ych dzieci (grupa 5\/6 lat) Dojo \u2013 miejsce \u0107wicze\u0144Sensei \u2013 nauczycielTatami \u2013 mata do \u0107wicze\u0144Keikogi \u2013 str\u00f3j do \u0107wicze\u0144Obi \u2013 pasRei&hellip; <\/p>","protected":false},"author":2,"featured_media":0,"parent":0,"menu_order":0,"comment_status":"closed","ping_status":"closed","template":"","meta":{"footnotes":""},"class_list":["post-4032","page","type-page","status-publish","hentry"],"_links":{"self":[{"href":"https:\/\/wroclawaikikai.pl\/en\/wp-json\/wp\/v2\/pages\/4032"}],"collection":[{"href":"https:\/\/wroclawaikikai.pl\/en\/wp-json\/wp\/v2\/pages"}],"about":[{"href":"https:\/\/wroclawaikikai.pl\/en\/wp-json\/wp\/v2\/types\/page"}],"author":[{"embeddable":true,"href":"https:\/\/wroclawaikikai.pl\/en\/wp-json\/wp\/v2\/users\/2"}],"replies":[{"embeddable":true,"href":"https:\/\/wroclawaikikai.pl\/en\/wp-json\/wp\/v2\/comments?post=4032"}],"version-history":[{"count":0,"href":"https:\/\/wroclawaikikai.pl\/en\/wp-json\/wp\/v2\/pages\/4032\/revisions"}],"wp:attachment":[{"href":"https:\/\/wroclawaikikai.pl\/en\/wp-json\/wp\/v2\/media?parent=4032"}],"curies":[{"name":"wp","href":"https:\/\/api.w.org\/{rel}","templated":true}]}}