{"id":3815,"date":"2024-11-07T15:47:55","date_gmt":"2024-11-07T14:47:55","guid":{"rendered":"https:\/\/wroclawaikikai.pl\/?page_id=3815"},"modified":"2026-03-29T20:04:48","modified_gmt":"2026-03-29T18:04:48","slug":"wroclaw-aikikai-aikido-winter-camp-2025","status":"publish","type":"page","link":"https:\/\/wroclawaikikai.pl\/en\/wroclaw-aikikai-aikido-winter-camp-2025\/","title":{"rendered":"Wroc\u0142aw Aikikai Aikido Summer Camp 2026"},"content":{"rendered":"<h2 class=\"wp-block-heading has-text-align-center\"><strong>20 &#8211; 23. 08. 2026<br>Brzezinka ko\u0142o Ole\u015bnicy<\/strong><\/h2>\n\n\n\n<div class=\"wp-block-columns is-layout-flex wp-container-core-columns-is-layout-1 wp-block-columns-is-layout-flex\">\n<div class=\"wp-block-column is-layout-flow wp-block-column-is-layout-flow\">\n<p>Zapraszamy serdecznie do udzia\u0142u w letniej szkole Aikido. <br><a href=\"https:\/\/forms.gle\/KQKr5VtJQVPbE4mT7\">Rejestracja obok!<\/a><\/p>\n<\/div>\n\n\n\n<div class=\"wp-block-column is-layout-flow wp-block-column-is-layout-flow\">\n<figure class=\"wp-block-image size-full is-resized\"><a href=\"https:\/\/forms.gle\/KQKr5VtJQVPbE4mT7\"><img loading=\"lazy\" decoding=\"async\" width=\"500\" height=\"500\" src=\"https:\/\/wroclawaikikai.pl\/wp-content\/uploads\/2024\/11\/Black-and-White-Round-Fashion-Monogram-Logo-3.jpg\" alt=\"\" class=\"wp-image-3820\" style=\"width:253px;height:auto\" srcset=\"https:\/\/wroclawaikikai.pl\/wp-content\/uploads\/2024\/11\/Black-and-White-Round-Fashion-Monogram-Logo-3.jpg 500w, https:\/\/wroclawaikikai.pl\/wp-content\/uploads\/2024\/11\/Black-and-White-Round-Fashion-Monogram-Logo-3-300x300.jpg 300w, https:\/\/wroclawaikikai.pl\/wp-content\/uploads\/2024\/11\/Black-and-White-Round-Fashion-Monogram-Logo-3-150x150.jpg 150w, https:\/\/wroclawaikikai.pl\/wp-content\/uploads\/2024\/11\/Black-and-White-Round-Fashion-Monogram-Logo-3-12x12.jpg 12w, https:\/\/wroclawaikikai.pl\/wp-content\/uploads\/2024\/11\/Black-and-White-Round-Fashion-Monogram-Logo-3-75x75.jpg 75w, https:\/\/wroclawaikikai.pl\/wp-content\/uploads\/2024\/11\/Black-and-White-Round-Fashion-Monogram-Logo-3-200x200.jpg 200w, https:\/\/wroclawaikikai.pl\/wp-content\/uploads\/2024\/11\/Black-and-White-Round-Fashion-Monogram-Logo-3-400x400.jpg 400w\" sizes=\"(max-width: 500px) 100vw, 500px\" \/><\/a><\/figure>\n<\/div>\n<\/div>\n\n\n\n<figure class=\"wp-block-image size-full is-resized\"><img loading=\"lazy\" decoding=\"async\" width=\"851\" height=\"315\" src=\"https:\/\/wroclawaikikai.pl\/wp-content\/uploads\/2026\/02\/Piotr-Masztalerz-sensei-Wroclaw-Aikikai-5.jpg\" alt=\"\" class=\"wp-image-19456\" style=\"width:842px;height:auto\" srcset=\"https:\/\/wroclawaikikai.pl\/wp-content\/uploads\/2026\/02\/Piotr-Masztalerz-sensei-Wroclaw-Aikikai-5.jpg 851w, https:\/\/wroclawaikikai.pl\/wp-content\/uploads\/2026\/02\/Piotr-Masztalerz-sensei-Wroclaw-Aikikai-5-300x111.jpg 300w, https:\/\/wroclawaikikai.pl\/wp-content\/uploads\/2026\/02\/Piotr-Masztalerz-sensei-Wroclaw-Aikikai-5-768x284.jpg 768w, https:\/\/wroclawaikikai.pl\/wp-content\/uploads\/2026\/02\/Piotr-Masztalerz-sensei-Wroclaw-Aikikai-5-18x7.jpg 18w, https:\/\/wroclawaikikai.pl\/wp-content\/uploads\/2026\/02\/Piotr-Masztalerz-sensei-Wroclaw-Aikikai-5-400x148.jpg 400w\" sizes=\"(max-width: 851px) 100vw, 851px\" \/><\/figure>\n\n\n\n<div class=\"wp-block-columns is-layout-flex wp-container-core-columns-is-layout-2 wp-block-columns-is-layout-flex\"><\/div>\n\n\n\n<p class=\"has-medium-font-size\"><\/p>\n\n\n\n<p><\/p>","protected":false},"excerpt":{"rendered":"<p>20 &#8211; 23. 08. 2026Brzezinka ko\u0142o Ole\u015bnicy Zapraszamy serdecznie do udzia\u0142u w letniej szkole Aikido. Rejestracja obok!<\/p>","protected":false},"author":2,"featured_media":0,"parent":0,"menu_order":0,"comment_status":"closed","ping_status":"closed","template":"","meta":{"footnotes":""},"class_list":["post-3815","page","type-page","status-publish","hentry"],"_links":{"self":[{"href":"https:\/\/wroclawaikikai.pl\/en\/wp-json\/wp\/v2\/pages\/3815"}],"collection":[{"href":"https:\/\/wroclawaikikai.pl\/en\/wp-json\/wp\/v2\/pages"}],"about":[{"href":"https:\/\/wroclawaikikai.pl\/en\/wp-json\/wp\/v2\/types\/page"}],"author":[{"embeddable":true,"href":"https:\/\/wroclawaikikai.pl\/en\/wp-json\/wp\/v2\/users\/2"}],"replies":[{"embeddable":true,"href":"https:\/\/wroclawaikikai.pl\/en\/wp-json\/wp\/v2\/comments?post=3815"}],"version-history":[{"count":0,"href":"https:\/\/wroclawaikikai.pl\/en\/wp-json\/wp\/v2\/pages\/3815\/revisions"}],"wp:attachment":[{"href":"https:\/\/wroclawaikikai.pl\/en\/wp-json\/wp\/v2\/media?parent=3815"}],"curies":[{"name":"wp","href":"https:\/\/api.w.org\/{rel}","templated":true}]}}