{"id":3797,"date":"2024-11-06T12:53:29","date_gmt":"2024-11-06T11:53:29","guid":{"rendered":"https:\/\/wroclawaikikai.pl\/?page_id=3797"},"modified":"2024-11-06T12:54:25","modified_gmt":"2024-11-06T11:54:25","slug":"darmowe-pokazowe-zajecia-aikido-dla-szkol-i-przedszkoli","status":"publish","type":"page","link":"https:\/\/wroclawaikikai.pl\/en\/darmowe-pokazowe-zajecia-aikido-dla-szkol-i-przedszkoli\/","title":{"rendered":"Darmowe, pokazowe zaj\u0119cia Aikido dla Szk\u00f3\u0142 i Przedszkoli"},"content":{"rendered":"<figure class=\"wp-block-image size-large\"><img loading=\"lazy\" decoding=\"async\" width=\"1024\" height=\"536\" src=\"https:\/\/wroclawaikikai.pl\/wp-content\/uploads\/2024\/11\/AikDarmowe-zajecia-Aikido-dla-szkjol-i-przedszkoli-1024x536.jpg\" alt=\"\" class=\"wp-image-3798\" srcset=\"https:\/\/wroclawaikikai.pl\/wp-content\/uploads\/2024\/11\/AikDarmowe-zajecia-Aikido-dla-szkjol-i-przedszkoli-1024x536.jpg 1024w, https:\/\/wroclawaikikai.pl\/wp-content\/uploads\/2024\/11\/AikDarmowe-zajecia-Aikido-dla-szkjol-i-przedszkoli-300x157.jpg 300w, https:\/\/wroclawaikikai.pl\/wp-content\/uploads\/2024\/11\/AikDarmowe-zajecia-Aikido-dla-szkjol-i-przedszkoli-768x402.jpg 768w, https:\/\/wroclawaikikai.pl\/wp-content\/uploads\/2024\/11\/AikDarmowe-zajecia-Aikido-dla-szkjol-i-przedszkoli-1536x804.jpg 1536w, https:\/\/wroclawaikikai.pl\/wp-content\/uploads\/2024\/11\/AikDarmowe-zajecia-Aikido-dla-szkjol-i-przedszkoli-18x9.jpg 18w, https:\/\/wroclawaikikai.pl\/wp-content\/uploads\/2024\/11\/AikDarmowe-zajecia-Aikido-dla-szkjol-i-przedszkoli-400x209.jpg 400w, https:\/\/wroclawaikikai.pl\/wp-content\/uploads\/2024\/11\/AikDarmowe-zajecia-Aikido-dla-szkjol-i-przedszkoli.jpg 1920w\" sizes=\"(max-width: 1024px) 100vw, 1024px\" \/><\/figure>\n\n\n\n<p>Serdecznie zapraszamy do zorganizowania w naszym dojo darmowych zaj\u0119\u0107 Aikido dla dzieci z Waszego Przedszkola lub Szko\u0142y.<br>Przeprowadzamy jednorazowe, pokazowe zaj\u0119cia Aikido dla grupy\/ klasy.<br>&#8211; \u015awietna zabawa i urozmaicenie zaj\u0119\u0107 wychowania fizycznego<br>&#8211; Nauka pad\u00f3w i przewrot\u00f3w<br>&#8211; Profesjonalni instruktorzy<br>&#8211; Bezpieczna przestrze\u0144<br>&#8211; 30 lat do\u015bwiadczenia w pracy z dzie\u0107mi<br><br>Zapraszamy do kontaktu z nami:<br>Piotr Masztalerz<br>Wroc\u0142aw Aikikai<br><a href=\"https:\/\/wroclawaikikai.pl\/en\/\">www.wroclawaikikai.pl<\/a><br>tel. 507480656<\/p>","protected":false},"excerpt":{"rendered":"<p>Serdecznie zapraszamy do zorganizowania w naszym dojo darmowych zaj\u0119\u0107 Aikido dla dzieci z Waszego Przedszkola lub Szko\u0142y.Przeprowadzamy jednorazowe, pokazowe zaj\u0119cia Aikido dla grupy\/ klasy.&#8211; \u015awietna&hellip; <\/p>","protected":false},"author":2,"featured_media":0,"parent":0,"menu_order":0,"comment_status":"closed","ping_status":"closed","template":"","meta":{"footnotes":""},"class_list":["post-3797","page","type-page","status-publish","hentry"],"_links":{"self":[{"href":"https:\/\/wroclawaikikai.pl\/en\/wp-json\/wp\/v2\/pages\/3797"}],"collection":[{"href":"https:\/\/wroclawaikikai.pl\/en\/wp-json\/wp\/v2\/pages"}],"about":[{"href":"https:\/\/wroclawaikikai.pl\/en\/wp-json\/wp\/v2\/types\/page"}],"author":[{"embeddable":true,"href":"https:\/\/wroclawaikikai.pl\/en\/wp-json\/wp\/v2\/users\/2"}],"replies":[{"embeddable":true,"href":"https:\/\/wroclawaikikai.pl\/en\/wp-json\/wp\/v2\/comments?post=3797"}],"version-history":[{"count":0,"href":"https:\/\/wroclawaikikai.pl\/en\/wp-json\/wp\/v2\/pages\/3797\/revisions"}],"wp:attachment":[{"href":"https:\/\/wroclawaikikai.pl\/en\/wp-json\/wp\/v2\/media?parent=3797"}],"curies":[{"name":"wp","href":"https:\/\/api.w.org\/{rel}","templated":true}]}}