{"id":3684,"date":"2024-08-27T20:23:31","date_gmt":"2024-08-27T18:23:31","guid":{"rendered":"https:\/\/wroclawaikikai.pl\/?page_id=3684"},"modified":"2025-09-29T10:41:29","modified_gmt":"2025-09-29T08:41:29","slug":"prawdziwe-dojo-dyskusje-nauczycieli","status":"publish","type":"page","link":"https:\/\/wroclawaikikai.pl\/en\/prawdziwe-dojo-dyskusje-nauczycieli\/","title":{"rendered":"Prawdziwe dojo &#8211; dyskusje nauczycieli"},"content":{"rendered":"<p>Wroc\u0142aw Aikikai poza miejscem treningu jest r\u00f3wnie\u017c platform\u0105 dyskusji mi\u0119dzy nauczycielami. \u017beby zrozumie\u0107 fenomen sta\u0142ego dojo i relacji nauczyciel &#8211; ucze\u0144 warto przes\u0142ucha\u0107 poni\u017csze dyskusje. Mia\u0142y one miejsce w czasie trwania naszych oboz\u00f3w letnich i organizowanych przez dojo seminari\u00f3w.<br>2025 &#8211; O zmianie<br>2024 &#8211; Powiedzie\u0107 &#8222;Do widzenia&#8221;<br>2023 &#8211; Memento mori<br>2022 &#8211; Via Negativa<\/p>\n\n\n\n<figure class=\"wp-block-embed is-type-video is-provider-youtube wp-block-embed-youtube wp-embed-aspect-16-9 wp-has-aspect-ratio\"><div class=\"wp-block-embed__wrapper\">\n<iframe loading=\"lazy\" title=\"&quot;About Change&quot; Brzezinka 2025\" width=\"1778\" height=\"1000\" src=\"https:\/\/www.youtube.com\/embed\/Wwk5YhKJdvk?start=1&#038;feature=oembed\" frameborder=\"0\" allow=\"accelerometer; autoplay; clipboard-write; encrypted-media; gyroscope; picture-in-picture; web-share\" referrerpolicy=\"strict-origin-when-cross-origin\" allowfullscreen><\/iframe>\n<\/div><\/figure>\n\n\n\n<figure class=\"wp-block-embed is-type-video is-provider-youtube wp-block-embed-youtube wp-embed-aspect-16-9 wp-has-aspect-ratio\"><div class=\"wp-block-embed__wrapper\">\n<iframe loading=\"lazy\" title=\"&quot;Saying Goodbye&quot;. A conversation between teachers.  Wroc\u0142aw Aikikai 2024\" width=\"1778\" height=\"1000\" src=\"https:\/\/www.youtube.com\/embed\/R3Oz45O-vTk?start=893&#038;feature=oembed\" frameborder=\"0\" allow=\"accelerometer; autoplay; clipboard-write; encrypted-media; gyroscope; picture-in-picture; web-share\" referrerpolicy=\"strict-origin-when-cross-origin\" allowfullscreen><\/iframe>\n<\/div><\/figure>\n\n\n\n<figure class=\"wp-block-embed is-type-video is-provider-youtube wp-block-embed-youtube wp-embed-aspect-16-9 wp-has-aspect-ratio\"><div class=\"wp-block-embed__wrapper\">\n<iframe loading=\"lazy\" title=\"Memento Mori\" width=\"1778\" height=\"1000\" src=\"https:\/\/www.youtube.com\/embed\/hmZ1yk8hySM?list=PLPbN58lRbiNZKx7gLaxY9vtGx2c-Nd_T-\" frameborder=\"0\" allow=\"accelerometer; autoplay; clipboard-write; encrypted-media; gyroscope; picture-in-picture; web-share\" referrerpolicy=\"strict-origin-when-cross-origin\" allowfullscreen><\/iframe>\n<\/div><\/figure>\n\n\n\n<figure class=\"wp-block-embed is-type-video is-provider-youtube wp-block-embed-youtube wp-embed-aspect-16-9 wp-has-aspect-ratio\"><div class=\"wp-block-embed__wrapper\">\n<iframe loading=\"lazy\" title=\"Via Negativa. R. Savoca\/J. Flower\/P. Masztalerz\/ P. B\u0142aszczak\" width=\"1778\" height=\"1000\" src=\"https:\/\/www.youtube.com\/embed\/AM_EBhkIMI8?list=PLPbN58lRbiNZKx7gLaxY9vtGx2c-Nd_T-\" frameborder=\"0\" allow=\"accelerometer; autoplay; clipboard-write; encrypted-media; gyroscope; picture-in-picture; web-share\" referrerpolicy=\"strict-origin-when-cross-origin\" allowfullscreen><\/iframe>\n<\/div><\/figure>","protected":false},"excerpt":{"rendered":"<p>Wroc\u0142aw Aikikai poza miejscem treningu jest r\u00f3wnie\u017c platform\u0105 dyskusji mi\u0119dzy nauczycielami. \u017beby zrozumie\u0107 fenomen sta\u0142ego dojo i relacji nauczyciel &#8211; ucze\u0144 warto przes\u0142ucha\u0107 poni\u017csze dyskusje.&hellip; <\/p>","protected":false},"author":2,"featured_media":0,"parent":0,"menu_order":0,"comment_status":"closed","ping_status":"closed","template":"","meta":{"footnotes":""},"class_list":["post-3684","page","type-page","status-publish","hentry"],"_links":{"self":[{"href":"https:\/\/wroclawaikikai.pl\/en\/wp-json\/wp\/v2\/pages\/3684"}],"collection":[{"href":"https:\/\/wroclawaikikai.pl\/en\/wp-json\/wp\/v2\/pages"}],"about":[{"href":"https:\/\/wroclawaikikai.pl\/en\/wp-json\/wp\/v2\/types\/page"}],"author":[{"embeddable":true,"href":"https:\/\/wroclawaikikai.pl\/en\/wp-json\/wp\/v2\/users\/2"}],"replies":[{"embeddable":true,"href":"https:\/\/wroclawaikikai.pl\/en\/wp-json\/wp\/v2\/comments?post=3684"}],"version-history":[{"count":0,"href":"https:\/\/wroclawaikikai.pl\/en\/wp-json\/wp\/v2\/pages\/3684\/revisions"}],"wp:attachment":[{"href":"https:\/\/wroclawaikikai.pl\/en\/wp-json\/wp\/v2\/media?parent=3684"}],"curies":[{"name":"wp","href":"https:\/\/api.w.org\/{rel}","templated":true}]}}