{"id":318,"date":"2021-01-28T23:12:40","date_gmt":"2021-01-28T22:12:40","guid":{"rendered":"http:\/\/wroclawaikikai.pl\/nowa\/?page_id=318"},"modified":"2025-11-24T13:07:15","modified_gmt":"2025-11-24T12:07:15","slug":"obozy-aikido-dla-dzieci-i-mlodziezy","status":"publish","type":"page","link":"https:\/\/wroclawaikikai.pl\/en\/aikido-dla-dzieci\/obozy-aikido-dla-dzieci-i-mlodziezy\/","title":{"rendered":"Warsztaty\/ obozy dla dzieci"},"content":{"rendered":"<h2 class=\"wp-block-heading has-text-align-left\"><br><strong>Zapraszamy serdecznie na obozy letnie w Nowej Bystrzycy:<br>27.06. 2026 &#8211; 5. 07. 2026<\/strong> dla dzieci od 7 roku \u017cycia<br><strong>oraz <\/strong><br><strong>05. 07. 2026 \u2013 12.07. 2026<\/strong> dla m\u0142odzie\u017cy od 12 roku \u017cycia.<br><a href=\"https:\/\/forms.gle\/fakRXM8RMCpXpvoi8\" data-type=\"link\" data-id=\"https:\/\/forms.gle\/fakRXM8RMCpXpvoi8\">Do ko\u0144ca stycznia 2026 trwaj\u0105 wst\u0119pne zapisy. Kliknij tutaj. <\/a><br><br>Je\u015bli do tego czasu nie zbierze si\u0119 minimalna ilo\u015b\u0107 dzieci \u2013 po\u0142\u0105czymy oba turnusy i wsp\u00f3lny wyjazd obu grup odb\u0119dzie si\u0119 w terminie: 27.06. 2026 &#8211; 5. 07. 2026.<br>Prognozowana cena obozu to oko\u0142o 2500 z\u0142 (nie potwierdzili\u015bmy jeszcze cen za o\u015brodek na ten sezon)<\/h2>\n\n\n\n<figure class=\"wp-block-image size-large\"><img loading=\"lazy\" decoding=\"async\" width=\"1024\" height=\"768\" src=\"https:\/\/wroclawaikikai.pl\/wp-content\/uploads\/2025\/11\/490293826_1211868864272864_2006677075681513071_n-1024x768.jpg\" alt=\"\" class=\"wp-image-14484\" srcset=\"https:\/\/wroclawaikikai.pl\/wp-content\/uploads\/2025\/11\/490293826_1211868864272864_2006677075681513071_n-1024x768.jpg 1024w, https:\/\/wroclawaikikai.pl\/wp-content\/uploads\/2025\/11\/490293826_1211868864272864_2006677075681513071_n-300x225.jpg 300w, https:\/\/wroclawaikikai.pl\/wp-content\/uploads\/2025\/11\/490293826_1211868864272864_2006677075681513071_n-768x576.jpg 768w, https:\/\/wroclawaikikai.pl\/wp-content\/uploads\/2025\/11\/490293826_1211868864272864_2006677075681513071_n-1536x1152.jpg 1536w, https:\/\/wroclawaikikai.pl\/wp-content\/uploads\/2025\/11\/490293826_1211868864272864_2006677075681513071_n-16x12.jpg 16w, https:\/\/wroclawaikikai.pl\/wp-content\/uploads\/2025\/11\/490293826_1211868864272864_2006677075681513071_n-400x300.jpg 400w, https:\/\/wroclawaikikai.pl\/wp-content\/uploads\/2025\/11\/490293826_1211868864272864_2006677075681513071_n.jpg 2048w\" sizes=\"(max-width: 1024px) 100vw, 1024px\" \/><\/figure>","protected":false},"excerpt":{"rendered":"<p>Zapraszamy serdecznie na obozy letnie w Nowej Bystrzycy:27.06. 2026 &#8211; 5. 07. 2026 dla dzieci od 7 roku \u017cyciaoraz 05. 07. 2026 \u2013 12.07. 2026&hellip; <\/p>","protected":false},"author":2,"featured_media":0,"parent":320,"menu_order":0,"comment_status":"closed","ping_status":"closed","template":"page-templates\/gallery-template.php","meta":{"footnotes":""},"class_list":["post-318","page","type-page","status-publish","hentry"],"_links":{"self":[{"href":"https:\/\/wroclawaikikai.pl\/en\/wp-json\/wp\/v2\/pages\/318"}],"collection":[{"href":"https:\/\/wroclawaikikai.pl\/en\/wp-json\/wp\/v2\/pages"}],"about":[{"href":"https:\/\/wroclawaikikai.pl\/en\/wp-json\/wp\/v2\/types\/page"}],"author":[{"embeddable":true,"href":"https:\/\/wroclawaikikai.pl\/en\/wp-json\/wp\/v2\/users\/2"}],"replies":[{"embeddable":true,"href":"https:\/\/wroclawaikikai.pl\/en\/wp-json\/wp\/v2\/comments?post=318"}],"version-history":[{"count":0,"href":"https:\/\/wroclawaikikai.pl\/en\/wp-json\/wp\/v2\/pages\/318\/revisions"}],"up":[{"embeddable":true,"href":"https:\/\/wroclawaikikai.pl\/en\/wp-json\/wp\/v2\/pages\/320"}],"wp:attachment":[{"href":"https:\/\/wroclawaikikai.pl\/en\/wp-json\/wp\/v2\/media?parent=318"}],"curies":[{"name":"wp","href":"https:\/\/api.w.org\/{rel}","templated":true}]}}