{"id":316,"date":"2021-01-28T23:11:30","date_gmt":"2021-01-28T22:11:30","guid":{"rendered":"http:\/\/wroclawaikikai.pl\/nowa\/?page_id=316"},"modified":"2026-05-11T18:54:27","modified_gmt":"2026-05-11T16:54:27","slug":"grafik-treningow-aikido-dla-dzieci","status":"publish","type":"page","link":"https:\/\/wroclawaikikai.pl\/en\/aikido-dla-dzieci\/grafik-treningow-aikido-dla-dzieci\/","title":{"rendered":"Grafik trening\u00f3w aikido dla dzieci"},"content":{"rendered":"<h2 class=\"wp-block-heading\">ZAPISY !<br>Nr tel. 507480656<br>W LIPCU I SIERPNIU NIE PROWADZIMY ZAJ\u0118\u0106 DLA DZIECI!<br><mark style=\"background-color:rgba(0, 0, 0, 0)\" class=\"has-inline-color has-vivid-red-color\">Grafik zaj\u0119\u0107 od 1 wrze\u015bnia 2025<\/mark><\/h2>\n\n\n\n<div class=\"wp-block-buttons is-layout-flex wp-block-buttons-is-layout-flex\">\n<div class=\"wp-block-button\"><a class=\"wp-block-button__link wp-element-button\" href=\"https:\/\/wroclawaikikai.pl\/en\/jak-do-nas-dolaczyc-2\/\">Jak do nas do\u0142\u0105czy\u0107?<\/a><\/div>\n<\/div>\n\n\n\n<div class=\"wp-block-columns is-layout-flex wp-container-core-columns-is-layout-1 wp-block-columns-is-layout-flex\">\n<div class=\"wp-block-column is-vertically-aligned-center is-layout-flow wp-block-column-is-layout-flow\" style=\"flex-basis:66.66%\">\n<figure class=\"wp-block-table\"><table class=\"has-fixed-layout\"><thead><tr><th><strong>Poniedzia\u0142ek<\/strong><\/th><th><strong>Wtorek<\/strong><\/th><th><strong>\u015aroda<\/strong><\/th><th><strong>Czwartek<\/strong><\/th><th><strong>Pi\u0105tek<\/strong><\/th><th><strong>Sobota<\/strong><\/th><\/tr><\/thead><tbody><tr><td><\/td><td><\/td><td><\/td><td><\/td><td><\/td><td><\/td><\/tr><tr><td><\/td><td>16.00 \u2013 16.50<br><a href=\"https:\/\/wroclawaikikai.pl\/en\/aikido-dla-dzieci\/\">Dzieci 10-12 lat<\/a><\/td><td><\/td><td>16.00 \u2013 16.50<br><a href=\"https:\/\/wroclawaikikai.pl\/en\/aikido-dla-dzieci\/\">Dzieci 10-12 lat<\/a><\/td><td><br><\/td><td><\/td><\/tr><tr><td>17.00 \u2013 17.50<br><a href=\"https:\/\/wroclawaikikai.pl\/en\/aikido-dla-dzieci\/\">Dzieci 5-6 lat<\/a><\/td><td>17.00 \u2013 17.50<br>Kids<br><a href=\"https:\/\/wroclawaikikai.pl\/en\/aikido-dla-dzieci\/\">7-9 lat<br><\/a><br><\/td><td>17.00 \u2013 17.50<br><a href=\"https:\/\/wroclawaikikai.pl\/en\/aikido-dla-dzieci\/\">Dzieci 5- 6 lat<\/a><\/td><td>17.00 \u2013 17.50<br>Kids<br><a href=\"https:\/\/wroclawaikikai.pl\/en\/aikido-dla-dzieci\/\">7-9 lat<br><\/a><br><\/td><td><\/td><td><\/td><\/tr><tr><td><\/td><td>18.00 \u2013 18.50<br>M\u0142odzie\u017c<br>12-16 lat<\/td><td><\/td><td>18.00 \u2013 18.50<br>M\u0142odzie\u017c<br>12-16 lat<\/td><td><\/td><td><\/td><\/tr><\/tbody><\/table><\/figure>\n\n\n\n<p><strong>KONTAKT<br>Ul. Hubska 20 (naprzeciw Komisariatu Policji Drogowej)<\/strong><br>Telefon  +48 507 480 656<br><br>e mail: pmasz@poczta.wp.pl<\/p>\n<\/div>\n\n\n\n<div class=\"wp-block-column is-layout-flow wp-block-column-is-layout-flow\" style=\"flex-basis:20%\"><div class=\"wp-block-image\">\n<figure class=\"aligncenter size-large\"><img loading=\"lazy\" decoding=\"async\" width=\"91\" height=\"216\" src=\"https:\/\/wroclawaikikai.pl\/wp-content\/uploads\/2021\/03\/logo.png\" alt=\"\" class=\"wp-image-880\"\/><\/figure><\/div>\n\n\n<p><\/p>\n\n\n\n<div class=\"wp-block-buttons alignwide is-horizontal is-content-justification-center is-layout-flex wp-container-core-buttons-is-layout-2 wp-block-buttons-is-layout-flex\">\n<div class=\"wp-block-button is-style-fill\"><a class=\"wp-block-button__link wp-element-button\" href=\"https:\/\/wroclawaikikai.pl\/en\/jak-do-nas-dolaczyc-2\/\">Zapisz si\u0119 na trening<\/a><\/div>\n<\/div>\n\n\n\n<p class=\"has-text-align-center\"><\/p>\n<\/div>\n<\/div>","protected":false},"excerpt":{"rendered":"<p>ZAPISY !Nr tel. 507480656W LIPCU I SIERPNIU NIE PROWADZIMY ZAJ\u0118\u0106 DLA DZIECI!Grafik zaj\u0119\u0107 od 1 wrze\u015bnia 2025 Poniedzia\u0142ek Wtorek \u015aroda Czwartek Pi\u0105tek Sobota 16.00 \u2013&hellip; <\/p>","protected":false},"author":2,"featured_media":0,"parent":320,"menu_order":0,"comment_status":"closed","ping_status":"closed","template":"page-templates\/gallery-template.php","meta":{"footnotes":""},"class_list":["post-316","page","type-page","status-publish","hentry"],"_links":{"self":[{"href":"https:\/\/wroclawaikikai.pl\/en\/wp-json\/wp\/v2\/pages\/316"}],"collection":[{"href":"https:\/\/wroclawaikikai.pl\/en\/wp-json\/wp\/v2\/pages"}],"about":[{"href":"https:\/\/wroclawaikikai.pl\/en\/wp-json\/wp\/v2\/types\/page"}],"author":[{"embeddable":true,"href":"https:\/\/wroclawaikikai.pl\/en\/wp-json\/wp\/v2\/users\/2"}],"replies":[{"embeddable":true,"href":"https:\/\/wroclawaikikai.pl\/en\/wp-json\/wp\/v2\/comments?post=316"}],"version-history":[{"count":0,"href":"https:\/\/wroclawaikikai.pl\/en\/wp-json\/wp\/v2\/pages\/316\/revisions"}],"up":[{"embeddable":true,"href":"https:\/\/wroclawaikikai.pl\/en\/wp-json\/wp\/v2\/pages\/320"}],"wp:attachment":[{"href":"https:\/\/wroclawaikikai.pl\/en\/wp-json\/wp\/v2\/media?parent=316"}],"curies":[{"name":"wp","href":"https:\/\/api.w.org\/{rel}","templated":true}]}}