{"id":2968,"date":"2024-03-14T15:39:29","date_gmt":"2024-03-14T14:39:29","guid":{"rendered":"https:\/\/wroclawaikikai.pl\/?page_id=2968"},"modified":"2024-04-03T13:05:36","modified_gmt":"2024-04-03T11:05:36","slug":"podroz-do-srodka-siebie-szkolenie-dla-twojej-firmy","status":"publish","type":"page","link":"https:\/\/wroclawaikikai.pl\/en\/podroz-do-srodka-siebie-szkolenie-dla-twojej-firmy\/","title":{"rendered":"Dojo &#8211; miejsce wsp\u00f3lnej drogi. Szkolenie dla Twojej firmy"},"content":{"rendered":"<figure class=\"wp-block-image size-large\"><img loading=\"lazy\" decoding=\"async\" width=\"1024\" height=\"173\" src=\"https:\/\/wroclawaikikai.pl\/wp-content\/uploads\/2024\/03\/Projekt-bez-nazwy-9-1024x173.jpg\" alt=\"\" class=\"wp-image-3015\" srcset=\"https:\/\/wroclawaikikai.pl\/wp-content\/uploads\/2024\/03\/Projekt-bez-nazwy-9-1024x173.jpg 1024w, https:\/\/wroclawaikikai.pl\/wp-content\/uploads\/2024\/03\/Projekt-bez-nazwy-9-300x51.jpg 300w, https:\/\/wroclawaikikai.pl\/wp-content\/uploads\/2024\/03\/Projekt-bez-nazwy-9-768x130.jpg 768w, https:\/\/wroclawaikikai.pl\/wp-content\/uploads\/2024\/03\/Projekt-bez-nazwy-9-18x3.jpg 18w, https:\/\/wroclawaikikai.pl\/wp-content\/uploads\/2024\/03\/Projekt-bez-nazwy-9-400x68.jpg 400w, https:\/\/wroclawaikikai.pl\/wp-content\/uploads\/2024\/03\/Projekt-bez-nazwy-9.jpg 1128w\" sizes=\"(max-width: 1024px) 100vw, 1024px\" \/><\/figure>\n\n\n\n<p class=\"has-large-font-size\">ZAPRASZAMY PA\u0143STWA<\/p>\n\n\n\n<p class=\"has-medium-font-size\"> na warsztat, kt\u00f3ry wykorzystuje&nbsp;filozofi\u0119 aikido&nbsp;jako narz\u0119dzie do nauki&nbsp;wsp\u00f3\u0142pracy, odpowiedzialno\u015bci i zespo\u0142owego dzia\u0142ania. Aikido to japo\u0144ska sztuka walki, ale przede wszystkim  droga do&nbsp;harmonii, zjednoczenia i rozwoju osobistego.  Japo\u0144czycy k\u0142ad\u0105 ogromny nacisk na<strong>&nbsp;odpowiedzialno\u015b\u0107 wobec rodziny, pracodawcy i spo\u0142ecze\u0144stwa<\/strong>. To podej\u015bcie jest widoczne r\u00f3wnie\u017c w ich podej\u015bciu do obowi\u0105zk\u00f3w. Adepci sztuk walki s\u0105 <strong>sumienni, dok\u0142adni i d\u0105\u017c\u0105 do doskona\u0142o\u015bci w ka\u017cdej dziedzinie \u017cycia<\/strong>. Podczas szkolenia uczestnicy b\u0119d\u0105 mieli okazj\u0119 pozna\u0107 filozofi\u0119 aikido, kt\u00f3ra opiera si\u0119 na&nbsp;harmonii, wsp\u00f3\u0142pracy i zrozumieniu. Naszym celem nie jest zniszczenie atakuj\u0105cego, ale wykorzystanie jego energii. \u0106wiczenia aikido nie tylko rozwijaj\u0105 umiej\u0119tno\u015bci fizyczne, ale tak\u017ce kszta\u0142tuj\u0105 postaw\u0119, kultur\u0119 cia\u0142a i umys\u0142owy spok\u00f3j. To<strong> nieustanny proces samodoskonalenia, kt\u00f3ry mo\u017ce zmieni\u0107 dynamik\u0119 pracy w firmie<\/strong>. W aikido uczymy si\u0119 nie tylko technik obronnych, ale tak\u017ce&nbsp;wsp\u00f3\u0142dzia\u0142ania z partnerem, <strong>wykorzystuj\u0105c jego energi\u0119 do osi\u0105gni\u0119cia wsp\u00f3lnego celu<\/strong>. To nie tylko sztuka walki, ale tak\u017ce&nbsp;droga do harmonii wewn\u0119trznej i zewn\u0119trznej. Podobnie jak w aikido, w <strong>firmie wa\u017cne jest&nbsp;wsp\u00f3\u0142dzia\u0142anie, zrozumienie i odpowiedzialno\u015b\u0107<\/strong>. Warsztaty korporacyjne oparte na filozofii aikido mog\u0105 p<strong>om\u00f3c pracownikom spojrze\u0107 na firm\u0119 w nowy spos\u00f3b, zbudowa\u0107 zesp\u00f3\u0142 i osi\u0105gn\u0105\u0107 wsp\u00f3lne cele<\/strong>. <strong>To unikalne do\u015bwiadczenie mo\u017ce zmieni\u0107 dynamik\u0119 pracy i przyczyni\u0107 si\u0119 do sukcesu organizacji. <\/strong><br>Zapraszamy serdecznie do wsp\u00f3\u0142pracy!<br><img loading=\"lazy\" decoding=\"async\" width=\"1000\" height=\"563\" class=\"wp-image-2969\" style=\"width: 1000px;\" src=\"https:\/\/wroclawaikikai.pl\/wp-content\/uploads\/2024\/03\/Prawdziwe-zwycieztwo-to-zwyciestwo-nad-samym-soba.jpg\" alt=\"\" srcset=\"https:\/\/wroclawaikikai.pl\/wp-content\/uploads\/2024\/03\/Prawdziwe-zwycieztwo-to-zwyciestwo-nad-samym-soba.jpg 1920w, https:\/\/wroclawaikikai.pl\/wp-content\/uploads\/2024\/03\/Prawdziwe-zwycieztwo-to-zwyciestwo-nad-samym-soba-300x169.jpg 300w, https:\/\/wroclawaikikai.pl\/wp-content\/uploads\/2024\/03\/Prawdziwe-zwycieztwo-to-zwyciestwo-nad-samym-soba-1024x576.jpg 1024w, https:\/\/wroclawaikikai.pl\/wp-content\/uploads\/2024\/03\/Prawdziwe-zwycieztwo-to-zwyciestwo-nad-samym-soba-768x432.jpg 768w, https:\/\/wroclawaikikai.pl\/wp-content\/uploads\/2024\/03\/Prawdziwe-zwycieztwo-to-zwyciestwo-nad-samym-soba-1536x864.jpg 1536w, https:\/\/wroclawaikikai.pl\/wp-content\/uploads\/2024\/03\/Prawdziwe-zwycieztwo-to-zwyciestwo-nad-samym-soba-18x10.jpg 18w, https:\/\/wroclawaikikai.pl\/wp-content\/uploads\/2024\/03\/Prawdziwe-zwycieztwo-to-zwyciestwo-nad-samym-soba-400x225.jpg 400w\" sizes=\"(max-width: 1000px) 100vw, 1000px\" \/><\/p>\n\n\n\n<p class=\"has-vivid-red-color has-text-color has-link-color wp-elements-503fd147b2be0145bbb657f26621396e\"><em>Szkolenie jest r\u00f3wnie\u017c dost\u0119pne cz\u0119\u015bciowo lub w ca\u0142o\u015bci w j\u0119zyku angielskim<\/em><\/p>\n\n\n\n<figure class=\"wp-block-image size-full\"><img loading=\"lazy\" decoding=\"async\" width=\"1024\" height=\"137\" src=\"https:\/\/wroclawaikikai.pl\/wp-content\/uploads\/2024\/03\/image.png\" alt=\"Obrazek posiada pusty atrybut alt; plik o nazwie INTRO-1024x137.png\" class=\"wp-image-2978\" srcset=\"https:\/\/wroclawaikikai.pl\/wp-content\/uploads\/2024\/03\/image.png 1024w, https:\/\/wroclawaikikai.pl\/wp-content\/uploads\/2024\/03\/image-300x40.png 300w, https:\/\/wroclawaikikai.pl\/wp-content\/uploads\/2024\/03\/image-768x103.png 768w, https:\/\/wroclawaikikai.pl\/wp-content\/uploads\/2024\/03\/image-18x2.png 18w, https:\/\/wroclawaikikai.pl\/wp-content\/uploads\/2024\/03\/image-400x54.png 400w\" sizes=\"(max-width: 1024px) 100vw, 1024px\" \/><\/figure>\n\n\n\n<figure class=\"wp-block-table has-medium-font-size\"><table class=\"has-white-background-color has-background has-fixed-layout\"><tbody><tr><td><img loading=\"lazy\" decoding=\"async\" width=\"40\" height=\"40\" class=\"wp-image-2974\" style=\"width: 40px;\" src=\"https:\/\/wroclawaikikai.pl\/wp-content\/uploads\/2024\/03\/istockphoto-1482553524-170667a.jpg\" alt=\"\" srcset=\"https:\/\/wroclawaikikai.pl\/wp-content\/uploads\/2024\/03\/istockphoto-1482553524-170667a.jpg 416w, https:\/\/wroclawaikikai.pl\/wp-content\/uploads\/2024\/03\/istockphoto-1482553524-170667a-300x300.jpg 300w, https:\/\/wroclawaikikai.pl\/wp-content\/uploads\/2024\/03\/istockphoto-1482553524-170667a-150x150.jpg 150w, https:\/\/wroclawaikikai.pl\/wp-content\/uploads\/2024\/03\/istockphoto-1482553524-170667a-12x12.jpg 12w, https:\/\/wroclawaikikai.pl\/wp-content\/uploads\/2024\/03\/istockphoto-1482553524-170667a-75x75.jpg 75w, https:\/\/wroclawaikikai.pl\/wp-content\/uploads\/2024\/03\/istockphoto-1482553524-170667a-200x200.jpg 200w, https:\/\/wroclawaikikai.pl\/wp-content\/uploads\/2024\/03\/istockphoto-1482553524-170667a-400x400.jpg 400w\" sizes=\"(max-width: 40px) 100vw, 40px\" \/> 1 H   <strong>FILOZOFIA AIKIDO | PASJA<\/strong><\/td><\/tr><tr><td><img decoding=\"async\" style=\"width: 40px;\" src=\"https:\/\/wroclawaikikai.pl\/wp-content\/uploads\/2024\/03\/istockphoto-1482553524-170667a.jpg\" alt=\"\"> 1 H <strong>PRZEWROTY | MO\u017bESZ WSZYSTKO!<\/strong><\/td><\/tr><tr><td><img decoding=\"async\" style=\"width: 40px;\" src=\"https:\/\/wroclawaikikai.pl\/wp-content\/uploads\/2024\/03\/istockphoto-1482553524-170667a.jpg\" alt=\"\"> 1 H <strong>CHWYTY\/ TECHNIKI | SI\u0141A JAK\u0104 MASZ<\/strong><\/td><\/tr><tr><td><img decoding=\"async\" style=\"width: 40px;\" src=\"https:\/\/wroclawaikikai.pl\/wp-content\/uploads\/2024\/03\/istockphoto-1482553524-170667a.jpg\" alt=\"\"> 1 H <strong>ODDECH | S\u0141UCHAJ SWOICH EMOCJI<\/strong><\/td><\/tr><tr><td><img decoding=\"async\" style=\"width: 40px;\" src=\"https:\/\/wroclawaikikai.pl\/wp-content\/uploads\/2024\/03\/istockphoto-1482553524-170667a.jpg\" alt=\"\"> 1 H <strong>BRO\u0143 | ENERGIA I JAK J\u0104 CZERPA\u0106<\/strong><\/td><\/tr><tr><td><img decoding=\"async\" style=\"width: 40px;\" src=\"https:\/\/wroclawaikikai.pl\/wp-content\/uploads\/2024\/03\/istockphoto-1482553524-170667a.jpg\" alt=\"\"> 1 H <strong>SUSHI | KULTURA, CZ\u0141OWIEK, DBANIE O INNYCH<\/strong><br><\/td><\/tr><\/tbody><\/table><\/figure>\n\n\n\n<figure class=\"wp-block-image size-large\"><img loading=\"lazy\" decoding=\"async\" width=\"1024\" height=\"137\" src=\"https:\/\/wroclawaikikai.pl\/wp-content\/uploads\/2024\/03\/INTRO-1-1024x137.jpg\" alt=\"\" class=\"wp-image-2981\" srcset=\"https:\/\/wroclawaikikai.pl\/wp-content\/uploads\/2024\/03\/INTRO-1-1024x137.jpg 1024w, https:\/\/wroclawaikikai.pl\/wp-content\/uploads\/2024\/03\/INTRO-1-300x40.jpg 300w, https:\/\/wroclawaikikai.pl\/wp-content\/uploads\/2024\/03\/INTRO-1-768x102.jpg 768w, https:\/\/wroclawaikikai.pl\/wp-content\/uploads\/2024\/03\/INTRO-1-18x2.jpg 18w, https:\/\/wroclawaikikai.pl\/wp-content\/uploads\/2024\/03\/INTRO-1-400x53.jpg 400w, https:\/\/wroclawaikikai.pl\/wp-content\/uploads\/2024\/03\/INTRO-1.jpg 1500w\" sizes=\"(max-width: 1024px) 100vw, 1024px\" \/><\/figure>\n\n\n\n<figure class=\"wp-block-table has-medium-font-size\"><table><tbody><tr><td><img loading=\"lazy\" decoding=\"async\" width=\"40\" height=\"40\" class=\"wp-image-2974\" style=\"width: 40px;\" src=\"https:\/\/wroclawaikikai.pl\/wp-content\/uploads\/2024\/03\/istockphoto-1482553524-170667a.jpg\" alt=\"\" srcset=\"https:\/\/wroclawaikikai.pl\/wp-content\/uploads\/2024\/03\/istockphoto-1482553524-170667a.jpg 416w, https:\/\/wroclawaikikai.pl\/wp-content\/uploads\/2024\/03\/istockphoto-1482553524-170667a-300x300.jpg 300w, https:\/\/wroclawaikikai.pl\/wp-content\/uploads\/2024\/03\/istockphoto-1482553524-170667a-150x150.jpg 150w, https:\/\/wroclawaikikai.pl\/wp-content\/uploads\/2024\/03\/istockphoto-1482553524-170667a-12x12.jpg 12w, https:\/\/wroclawaikikai.pl\/wp-content\/uploads\/2024\/03\/istockphoto-1482553524-170667a-75x75.jpg 75w, https:\/\/wroclawaikikai.pl\/wp-content\/uploads\/2024\/03\/istockphoto-1482553524-170667a-200x200.jpg 200w, https:\/\/wroclawaikikai.pl\/wp-content\/uploads\/2024\/03\/istockphoto-1482553524-170667a-400x400.jpg 400w\" sizes=\"(max-width: 40px) 100vw, 40px\" \/>2 H <strong>FILOZOFIA AIKIDO | PASJA<\/strong><\/td><\/tr><tr><td><img decoding=\"async\" style=\"width: 40px;\" src=\"https:\/\/wroclawaikikai.pl\/wp-content\/uploads\/2024\/03\/istockphoto-1482553524-170667a.jpg\" alt=\"\">2 H <strong>PRZEWROTY | MO\u017bESZ WSZYSTKO!<\/strong><\/td><\/tr><tr><td><img decoding=\"async\" style=\"width: 40px;\" src=\"https:\/\/wroclawaikikai.pl\/wp-content\/uploads\/2024\/03\/istockphoto-1482553524-170667a.jpg\" alt=\"\">4 H<strong> CHWYTY\/ TECHNIKI | SI\u0141A JAK\u0104 MASZ<\/strong><\/td><\/tr><tr><td><img decoding=\"async\" style=\"width: 40px;\" src=\"https:\/\/wroclawaikikai.pl\/wp-content\/uploads\/2024\/03\/istockphoto-1482553524-170667a.jpg\" alt=\"\">4 H <strong>BRO\u0143 | ENERGIA I JAK J\u0104 CZERPA\u0106<\/strong><\/td><\/tr><tr><td><img decoding=\"async\" style=\"width: 40px;\" src=\"https:\/\/wroclawaikikai.pl\/wp-content\/uploads\/2024\/03\/istockphoto-1482553524-170667a.jpg\" alt=\"\">2 H <strong><strong>ODDECH | S\u0141UCHAJ SWOICH EMOCJI<\/strong><\/strong><\/td><\/tr><tr><td><img decoding=\"async\" style=\"width: 40px;\" src=\"https:\/\/wroclawaikikai.pl\/wp-content\/uploads\/2024\/03\/istockphoto-1482553524-170667a.jpg\" alt=\"\">2 H <strong><strong>SUSHI | KULTURA, CZ\u0141OWIEK, DBANIE O INNYCH<\/strong><\/strong><\/td><\/tr><\/tbody><\/table><figcaption class=\"wp-element-caption\">*Modu\u0142y mog\u0105 by\u0107 \u0142\u0105czone w dowolny spos\u00f3b, jednak dzie\u0144 szkoleniowy nie powinien przekracza\u0107 6 godzin. Istnieje mo\u017cliwo\u015b\u0107 organizacji szkole\u0144 dwudniowych. Proponowane szkolenie nadaje si\u0119 dla os\u00f3b minimum 8 a maximum 20 osobowych. Cena ustalana jest indywidualnie.  <\/figcaption><\/figure>\n\n\n\n<div class=\"wp-block-columns is-layout-flex wp-container-core-columns-is-layout-1 wp-block-columns-is-layout-flex\">\n<div class=\"wp-block-column is-layout-flow wp-block-column-is-layout-flow\">\n<p class=\"has-vivid-red-color has-text-color has-link-color has-x-large-font-size wp-elements-f9b18f149af7dd73c2c9aebcf80b564d\">Prowadz\u0105cy<\/p>\n\n\n\n<h3 class=\"wp-block-heading\"><strong>Piotr Masztalerz<\/strong><\/h3>\n\n\n\n<p class=\"has-medium-font-size\">6 DAN SHIDOIN<br>Rozpocz\u0105\u0142 trening w 1988 roku pod okiem D. Brunner Shihan. W 1999 przez rok \u0107wiczy\u0142 u Kanetsuka Shihan w Londynie. Przez rok by\u0142 uchideshi T. K. Chiba Shihan w San Diego, USA.<br>Prowadzi\u0142 zaj\u0119cia na Politechnice Wroc\u0142awskiej (2003 \u2013 2018 r.) oraz Uniwersytecie Wroc\u0142awskim (2003-4), Zespole Szk\u00f3\u0142 Akademickich we Wroc\u0142awiu (od 2015), Instytucie Badania Tw\u00f3rczo\u015bci J. Grotowskiego we Wroc\u0142awiu (od 2007 roku).<br>Autor ksi\u0105\u017cki&nbsp;&nbsp;<a href=\"http:\/\/oficynka.pl\/pl\/p\/Krolestwo-kurzu-Piotr-Masztalerz\/672\">\u201eKr\u00f3lestwo kurzu\u201d (2018)<\/a><br>Prowadzi zaj\u0119cia i szkolenia w Polsce i za granic\u0105 (m.in W. Brytania, Francja, Kenia, Chile, Rosja, USA i inne)<\/p>\n<\/div>\n\n\n\n<div class=\"wp-block-column is-layout-flow wp-block-column-is-layout-flow\">\n<figure class=\"wp-block-image size-large is-resized\"><img loading=\"lazy\" decoding=\"async\" width=\"773\" height=\"1024\" src=\"https:\/\/wroclawaikikai.pl\/wp-content\/uploads\/2021\/04\/Bez-tytulu-773x1024.jpg\" alt=\"\" class=\"wp-image-1153\" style=\"width:275px;height:auto\" srcset=\"https:\/\/wroclawaikikai.pl\/wp-content\/uploads\/2021\/04\/Bez-tytulu-773x1024.jpg 773w, https:\/\/wroclawaikikai.pl\/wp-content\/uploads\/2021\/04\/Bez-tytulu-226x300.jpg 226w, https:\/\/wroclawaikikai.pl\/wp-content\/uploads\/2021\/04\/Bez-tytulu-768x1018.jpg 768w, https:\/\/wroclawaikikai.pl\/wp-content\/uploads\/2021\/04\/Bez-tytulu-600x795.jpg 600w, https:\/\/wroclawaikikai.pl\/wp-content\/uploads\/2021\/04\/Bez-tytulu.jpg 932w\" sizes=\"(max-width: 773px) 100vw, 773px\" \/><\/figure>\n<\/div>\n<\/div>\n\n\n\n<div class=\"wp-block-columns is-layout-flex wp-container-core-columns-is-layout-2 wp-block-columns-is-layout-flex\">\n<div class=\"wp-block-column is-layout-flow wp-block-column-is-layout-flow\">\n<figure class=\"wp-block-embed is-type-video is-provider-youtube wp-block-embed-youtube wp-embed-aspect-16-9 wp-has-aspect-ratio\"><div class=\"wp-block-embed__wrapper\">\n<iframe loading=\"lazy\" title=\"miejce\" width=\"1778\" height=\"1000\" src=\"https:\/\/www.youtube.com\/embed\/p3FnccK4voY?feature=oembed&#038;enablejsapi=1&#038;origin=https:\/\/wroclawaikikai.pl\" frameborder=\"0\" allow=\"accelerometer; autoplay; clipboard-write; encrypted-media; gyroscope; picture-in-picture; web-share\" referrerpolicy=\"strict-origin-when-cross-origin\" allowfullscreen><\/iframe>\n<\/div><\/figure>\n<\/div>\n\n\n\n<div class=\"wp-block-column is-layout-flow wp-block-column-is-layout-flow\">\n<p class=\"has-vivid-red-color has-text-color has-link-color has-x-large-font-size wp-elements-652ed7fd768146d4e7235e79ac2caa41\">Miejsce<\/p>\n\n\n\n<p class=\"has-medium-font-size\">Wroc\u0142aw Aikikai to unikalne miejsce &#8211; sta\u0142e dojo aikido.Tradycja, skupienie, praca nad sob\u0105 a przede wszystkim wspania\u0142a wsp\u00f3lnota ludzi pod\u0105\u017caj\u0105cych za pasj\u0105.  Miejsce zbudowane przez adept\u00f3w. \u017bywa wsp\u00f3lnota pasji &#8211; idealny wz\u00f3r dla Twojego zespo\u0142u. <\/p>\n<\/div>\n<\/div>\n\n\n\n<div class=\"wp-block-columns is-layout-flex wp-container-core-columns-is-layout-3 wp-block-columns-is-layout-flex\">\n<div class=\"wp-block-column is-layout-flow wp-block-column-is-layout-flow\">\n<p class=\"has-vivid-red-color has-text-color has-link-color has-large-font-size wp-elements-c7029f38cf15cd4274e2c9ebef8a2bfc\">Kontakt:<br><\/p>\n<\/div>\n\n\n\n<div class=\"wp-block-column is-layout-flow wp-block-column-is-layout-flow\">\n<p class=\"has-medium-font-size\"><img loading=\"lazy\" decoding=\"async\" width=\"40\" height=\"40\" class=\"wp-image-2998\" style=\"width: 40px;\" src=\"https:\/\/wroclawaikikai.pl\/wp-content\/uploads\/2024\/03\/phone-sign-call-outline-icon-vector-web-app-cell-telephone-symbol-phone-sign-call-outline-icon-vector-web-app-cell-149538416.webp\" alt=\"\" srcset=\"https:\/\/wroclawaikikai.pl\/wp-content\/uploads\/2024\/03\/phone-sign-call-outline-icon-vector-web-app-cell-telephone-symbol-phone-sign-call-outline-icon-vector-web-app-cell-149538416.webp 800w, https:\/\/wroclawaikikai.pl\/wp-content\/uploads\/2024\/03\/phone-sign-call-outline-icon-vector-web-app-cell-telephone-symbol-phone-sign-call-outline-icon-vector-web-app-cell-149538416-300x300.webp 300w, https:\/\/wroclawaikikai.pl\/wp-content\/uploads\/2024\/03\/phone-sign-call-outline-icon-vector-web-app-cell-telephone-symbol-phone-sign-call-outline-icon-vector-web-app-cell-149538416-150x150.webp 150w, https:\/\/wroclawaikikai.pl\/wp-content\/uploads\/2024\/03\/phone-sign-call-outline-icon-vector-web-app-cell-telephone-symbol-phone-sign-call-outline-icon-vector-web-app-cell-149538416-768x768.webp 768w, https:\/\/wroclawaikikai.pl\/wp-content\/uploads\/2024\/03\/phone-sign-call-outline-icon-vector-web-app-cell-telephone-symbol-phone-sign-call-outline-icon-vector-web-app-cell-149538416-12x12.webp 12w, https:\/\/wroclawaikikai.pl\/wp-content\/uploads\/2024\/03\/phone-sign-call-outline-icon-vector-web-app-cell-telephone-symbol-phone-sign-call-outline-icon-vector-web-app-cell-149538416-75x75.webp 75w, https:\/\/wroclawaikikai.pl\/wp-content\/uploads\/2024\/03\/phone-sign-call-outline-icon-vector-web-app-cell-telephone-symbol-phone-sign-call-outline-icon-vector-web-app-cell-149538416-500x500.webp 500w, https:\/\/wroclawaikikai.pl\/wp-content\/uploads\/2024\/03\/phone-sign-call-outline-icon-vector-web-app-cell-telephone-symbol-phone-sign-call-outline-icon-vector-web-app-cell-149538416-200x200.webp 200w, https:\/\/wroclawaikikai.pl\/wp-content\/uploads\/2024\/03\/phone-sign-call-outline-icon-vector-web-app-cell-telephone-symbol-phone-sign-call-outline-icon-vector-web-app-cell-149538416-400x400.webp 400w\" sizes=\"(max-width: 40px) 100vw, 40px\" \/> tel. +48 507480656<\/p>\n<\/div>\n<\/div>","protected":false},"excerpt":{"rendered":"<p>ZAPRASZAMY PA\u0143STWA na warsztat, kt\u00f3ry wykorzystuje&nbsp;filozofi\u0119 aikido&nbsp;jako narz\u0119dzie do nauki&nbsp;wsp\u00f3\u0142pracy, odpowiedzialno\u015bci i zespo\u0142owego dzia\u0142ania. Aikido to japo\u0144ska sztuka walki, ale przede wszystkim droga do&nbsp;harmonii, zjednoczenia&hellip; <\/p>","protected":false},"author":2,"featured_media":0,"parent":0,"menu_order":0,"comment_status":"closed","ping_status":"closed","template":"","meta":{"footnotes":""},"class_list":["post-2968","page","type-page","status-publish","hentry"],"_links":{"self":[{"href":"https:\/\/wroclawaikikai.pl\/en\/wp-json\/wp\/v2\/pages\/2968"}],"collection":[{"href":"https:\/\/wroclawaikikai.pl\/en\/wp-json\/wp\/v2\/pages"}],"about":[{"href":"https:\/\/wroclawaikikai.pl\/en\/wp-json\/wp\/v2\/types\/page"}],"author":[{"embeddable":true,"href":"https:\/\/wroclawaikikai.pl\/en\/wp-json\/wp\/v2\/users\/2"}],"replies":[{"embeddable":true,"href":"https:\/\/wroclawaikikai.pl\/en\/wp-json\/wp\/v2\/comments?post=2968"}],"version-history":[{"count":0,"href":"https:\/\/wroclawaikikai.pl\/en\/wp-json\/wp\/v2\/pages\/2968\/revisions"}],"wp:attachment":[{"href":"https:\/\/wroclawaikikai.pl\/en\/wp-json\/wp\/v2\/media?parent=2968"}],"curies":[{"name":"wp","href":"https:\/\/api.w.org\/{rel}","templated":true}]}}