{"id":2820,"date":"2024-01-03T13:10:36","date_gmt":"2024-01-03T12:10:36","guid":{"rendered":"https:\/\/wroclawaikikai.pl\/?page_id=2820"},"modified":"2024-01-03T13:23:36","modified_gmt":"2024-01-03T12:23:36","slug":"przekaz-1-5-podatku","status":"publish","type":"page","link":"https:\/\/wroclawaikikai.pl\/en\/przekaz-1-5-podatku\/","title":{"rendered":"Przeka\u017c 1.5 % podatku!"},"content":{"rendered":"<h1 class=\"wp-block-heading\"><br>Wroc\u0142aw Aikikai &#8211; wsparcie dla dojo Aikido<\/h1>\n\n\n\n<figure class=\"wp-block-image size-large\"><a href=\"https:\/\/fsmm.pl\/13054\/wroclaw_aikikai__wsparcie_dla_dojo_aikido\"><img loading=\"lazy\" decoding=\"async\" width=\"1024\" height=\"164\" src=\"https:\/\/wroclawaikikai.pl\/wp-content\/uploads\/2024\/01\/podaruj-1024x164.jpg\" alt=\"\" class=\"wp-image-2821\" srcset=\"https:\/\/wroclawaikikai.pl\/wp-content\/uploads\/2024\/01\/podaruj-1024x164.jpg 1024w, https:\/\/wroclawaikikai.pl\/wp-content\/uploads\/2024\/01\/podaruj-300x48.jpg 300w, https:\/\/wroclawaikikai.pl\/wp-content\/uploads\/2024\/01\/podaruj-768x123.jpg 768w, https:\/\/wroclawaikikai.pl\/wp-content\/uploads\/2024\/01\/podaruj-18x3.jpg 18w, https:\/\/wroclawaikikai.pl\/wp-content\/uploads\/2024\/01\/podaruj-400x64.jpg 400w, https:\/\/wroclawaikikai.pl\/wp-content\/uploads\/2024\/01\/podaruj.jpg 1190w\" sizes=\"(max-width: 1024px) 100vw, 1024px\" \/><\/a><\/figure>\n\n\n\n<figure class=\"wp-block-image size-large\"><img loading=\"lazy\" decoding=\"async\" width=\"1024\" height=\"415\" src=\"https:\/\/wroclawaikikai.pl\/wp-content\/uploads\/2023\/12\/img-20231216-wa0000kopia-1024x415.jpg\" alt=\"\" class=\"wp-image-2815\" srcset=\"https:\/\/wroclawaikikai.pl\/wp-content\/uploads\/2023\/12\/img-20231216-wa0000kopia-1024x415.jpg 1024w, https:\/\/wroclawaikikai.pl\/wp-content\/uploads\/2023\/12\/img-20231216-wa0000kopia-300x121.jpg 300w, https:\/\/wroclawaikikai.pl\/wp-content\/uploads\/2023\/12\/img-20231216-wa0000kopia-768x311.jpg 768w, https:\/\/wroclawaikikai.pl\/wp-content\/uploads\/2023\/12\/img-20231216-wa0000kopia-18x7.jpg 18w, https:\/\/wroclawaikikai.pl\/wp-content\/uploads\/2023\/12\/img-20231216-wa0000kopia-400x162.jpg 400w, https:\/\/wroclawaikikai.pl\/wp-content\/uploads\/2023\/12\/img-20231216-wa0000kopia.jpg 1482w\" sizes=\"(max-width: 1024px) 100vw, 1024px\" \/><\/figure>\n\n\n\n<p><\/p>\n\n\n\n<p class=\"has-medium-font-size\">Jeste\u015bmy unikalnym, sta\u0142ym dojo &#8211; o\u015brodkiem zajmuj\u0105cym si\u0119 japo\u0144sk\u0105 sztuk\u0105 walki &#8211; aikido. Prowadzi\u0142y zaj\u0119cia dla dzieci i doros\u0142ych rano i wieczorem, weekendowe warsztaty i obozy dla dzieci i doros\u0142ych. To miejsce gdzie cz\u0119sto za darmo \u0107wicz\u0105 i mieszkaj\u0105 ludzie z ca\u0142ego \u015bwiata ucz\u0105c si\u0119 jak by\u0107 nauczycielami. Jednak dojo to przede wszystkim wsp\u00f3lnota pomagaj\u0105ca sobie nawzajem. To miejsce to sala do \u0107wicze\u0144, drugi dom, miejsce pasji i wychowywania nast\u0119pnych pokole\u0144. \u017beby przetrwa\u0107 w nastawionym na zysk \u015bwiecie potrzebujemy Waszej pomocy. Stary budynek wymaga ci\u0105g\u0142ych remont\u00f3w, wysoki czynsz zw\u0142aszcza w wakacje jest dla nas olbrzymim obci\u0105\u017ceniem. Pomagaj\u0105c nam pozwalasz temu miejscu dzia\u0142a\u0107 i si\u0119 rozwija\u0107! Dzi\u0119kujemy!<br>Kliknij na baner!<\/p>\n\n\n\n<figure class=\"wp-block-image size-full\"><a href=\" https:\/\/fsmm.pl\/13054\/wroclaw_aikikai__wsparcie_dla_dojo_aikido\"><img loading=\"lazy\" decoding=\"async\" width=\"539\" height=\"285\" src=\"https:\/\/wroclawaikikai.pl\/wp-content\/uploads\/2024\/01\/podaruj2.jpg\" alt=\"\" class=\"wp-image-2822\" srcset=\"https:\/\/wroclawaikikai.pl\/wp-content\/uploads\/2024\/01\/podaruj2.jpg 539w, https:\/\/wroclawaikikai.pl\/wp-content\/uploads\/2024\/01\/podaruj2-300x159.jpg 300w, https:\/\/wroclawaikikai.pl\/wp-content\/uploads\/2024\/01\/podaruj2-18x10.jpg 18w, https:\/\/wroclawaikikai.pl\/wp-content\/uploads\/2024\/01\/podaruj2-400x212.jpg 400w\" sizes=\"(max-width: 539px) 100vw, 539px\" \/><\/a><\/figure>","protected":false},"excerpt":{"rendered":"<p>Wroc\u0142aw Aikikai &#8211; wsparcie dla dojo Aikido Jeste\u015bmy unikalnym, sta\u0142ym dojo &#8211; o\u015brodkiem zajmuj\u0105cym si\u0119 japo\u0144sk\u0105 sztuk\u0105 walki &#8211; aikido. Prowadzi\u0142y zaj\u0119cia dla dzieci i&hellip; <\/p>","protected":false},"author":2,"featured_media":0,"parent":0,"menu_order":0,"comment_status":"closed","ping_status":"closed","template":"","meta":{"footnotes":""},"class_list":["post-2820","page","type-page","status-publish","hentry"],"_links":{"self":[{"href":"https:\/\/wroclawaikikai.pl\/en\/wp-json\/wp\/v2\/pages\/2820"}],"collection":[{"href":"https:\/\/wroclawaikikai.pl\/en\/wp-json\/wp\/v2\/pages"}],"about":[{"href":"https:\/\/wroclawaikikai.pl\/en\/wp-json\/wp\/v2\/types\/page"}],"author":[{"embeddable":true,"href":"https:\/\/wroclawaikikai.pl\/en\/wp-json\/wp\/v2\/users\/2"}],"replies":[{"embeddable":true,"href":"https:\/\/wroclawaikikai.pl\/en\/wp-json\/wp\/v2\/comments?post=2820"}],"version-history":[{"count":0,"href":"https:\/\/wroclawaikikai.pl\/en\/wp-json\/wp\/v2\/pages\/2820\/revisions"}],"wp:attachment":[{"href":"https:\/\/wroclawaikikai.pl\/en\/wp-json\/wp\/v2\/media?parent=2820"}],"curies":[{"name":"wp","href":"https:\/\/api.w.org\/{rel}","templated":true}]}}