{"id":270,"date":"2021-01-27T23:39:59","date_gmt":"2021-01-27T22:39:59","guid":{"rendered":"http:\/\/wroclawaikikai.pl\/nowa\/?page_id=270"},"modified":"2026-03-11T07:20:19","modified_gmt":"2026-03-11T06:20:19","slug":"grafik-treningow-aikido-dla-doroslych","status":"publish","type":"page","link":"https:\/\/wroclawaikikai.pl\/en\/aikido-dla-doroslych\/grafik-treningow-aikido-dla-doroslych\/","title":{"rendered":"Grafik trening\u00f3w aikido dla doros\u0142ych"},"content":{"rendered":"<h1 class=\"wp-block-heading\">ZAPISY !<br>Nr tel. 507480656<\/h1>\n\n\n\n<p><mark style=\"background-color:rgba(0, 0, 0, 0)\" class=\"has-inline-color has-vivid-red-color\"><br><\/mark><\/p>\n\n\n\n<p class=\"has-text-align-center has-vivid-red-color has-text-color has-link-color has-large-font-size wp-elements-9f722f4c1e12c6d3da5b99bc9fd1118a\"><br><strong>Grafik zaj\u0119\u0107 dla doros\u0142ych i m\u0142odzie\u017cy w sezonie od 01. 09. 2025<\/strong>:<\/p>\n\n\n\n<div class=\"wp-block-columns is-layout-flex wp-container-core-columns-is-layout-1 wp-block-columns-is-layout-flex\">\n<div class=\"wp-block-column is-vertically-aligned-center is-layout-flow wp-block-column-is-layout-flow\" style=\"flex-basis:66.66%\">\n<figure class=\"wp-block-table alignwide is-style-regular\"><table class=\"has-fixed-layout\"><thead><tr><th class=\"has-text-align-center\" data-align=\"center\"><strong>Poniedzia\u0142ek<\/strong><\/th><th class=\"has-text-align-center\" data-align=\"center\"><strong>Wtorek<\/strong><\/th><th class=\"has-text-align-center\" data-align=\"center\"><strong>\u015aroda<\/strong><\/th><th class=\"has-text-align-center\" data-align=\"center\"><strong>Czwartek<\/strong><\/th><th class=\"has-text-align-center\" data-align=\"center\"><strong>Pi\u0105tek<\/strong><\/th><th>Niedziela<\/th><\/tr><\/thead><tbody><tr><td class=\"has-text-align-center\" data-align=\"center\"><\/td><td class=\"has-text-align-center\" data-align=\"center\">&nbsp;&nbsp;<\/td><td class=\"has-text-align-center\" data-align=\"center\"><\/td><td class=\"has-text-align-center\" data-align=\"center\">&nbsp;<\/td><td class=\"has-text-align-center\" data-align=\"center\"><\/td><td><\/td><\/tr><tr><td class=\"has-text-align-center\" data-align=\"center\"><\/td><td class=\"has-text-align-center\" data-align=\"center\">8.00 &#8211; 8.25<br><a href=\"https:\/\/wroclawaikikai.pl\/en\/misogi\/\">Misogi<\/a><br>8.25 &#8211; 8.50 <br>Zazen<br><\/td><td class=\"has-text-align-center\" data-align=\"center\"><\/td><td class=\"has-text-align-center\" data-align=\"center\">8.00 &#8211; 8.25<br><a href=\"https:\/\/wroclawaikikai.pl\/en\/misogi\/\">Misogi<\/a><br>8.25 &#8211; 8.50 <br>Zazen<br><br><\/td><td class=\"has-text-align-center\" data-align=\"center\"><br><\/td><td><\/td><\/tr><tr><td class=\"has-text-align-center\" data-align=\"center\"><\/td><td class=\"has-text-align-center\" data-align=\"center\">9.00 &#8211; 10.00<br>Aikido<br>wszyscy<br><\/td><td class=\"has-text-align-center\" data-align=\"center\"><\/td><td class=\"has-text-align-center\" data-align=\"center\">9.00 &#8211; 10.00<br>Aikido<br>wszyscy<br><\/td><td class=\"has-text-align-center\" data-align=\"center\"><br><\/td><td>12.00 &#8211; 13.30<br>Wolna mata\/ sprz\u0105tanie\/ drobne naprawy dojo<\/td><\/tr><tr><td class=\"has-text-align-center\" data-align=\"center\">17.00 &#8211; 17.40&nbsp;<br>Zazen<br>Ma\u0142a sala<\/td><td class=\"has-text-align-center\" data-align=\"center\"><\/td><td class=\"has-text-align-center\" data-align=\"center\">17.00 &#8211; 17.40&nbsp;<br>Zazen<br>Ma\u0142a sala<\/td><td class=\"has-text-align-center\" data-align=\"center\"><\/td><td class=\"has-text-align-center\" data-align=\"center\"><\/td><td><\/td><\/tr><tr><td class=\"has-text-align-center\" data-align=\"center\">18.00 &#8211; 19.00<br>Zamkni\u0119ty kurs dla pocz\u0105tkuj\u0105cych <br>Grupa 1<br><a href=\"https:\/\/wroclawaikikai.pl\/en\/3-miesieczny-kurs-podstaw-styczen-marzec-2025\/\">Zapisy<\/a><br><\/td><td class=\"has-text-align-center\" data-align=\"center\">&nbsp;18.00 &#8211; 19.00 <br><a href=\"https:\/\/wroclawaikikai.pl\/en\/grupa-mlodziezowa\/\">Aikido <br>grupa m\u0142odzie\u017cowa<\/a><br><\/td><td class=\"has-text-align-center\" data-align=\"center\">18.00 &#8211; 19.00<br>Zamkni\u0119ty kurs dla pocz\u0105tkuj\u0105cych <br>Grupa 2<br><a href=\"https:\/\/wroclawaikikai.pl\/en\/3-miesieczny-kurs-podstaw-styczen-marzec-2025\/\">Zapisy<\/a><\/td><td class=\"has-text-align-center\" data-align=\"center\">18.00 &#8211; 19.00<br><a href=\"https:\/\/wroclawaikikai.pl\/en\/grupa-mlodziezowa\/\">Aikido <br>grupa m\u0142odzie\u017cowa<\/a><br>&nbsp;<\/td><td class=\"has-text-align-center\" data-align=\"center\">&nbsp;18.00. &#8211; 19.00<br> Bro\u0144 <br>wszyscy<\/td><td><\/td><\/tr><tr><td class=\"has-text-align-center\" data-align=\"center\">19.00 &#8211; 20.00<br>Aikido <br>wszyscy<br><\/td><td class=\"has-text-align-center\" data-align=\"center\">19.00 &#8211; 20.00<br>Iaido <\/td><td class=\"has-text-align-center\" data-align=\"center\">19.00 &#8211; 20.00<br> Aikido <br>wszyscy<\/td><td class=\"has-text-align-center\" data-align=\"center\">19.00 &#8211; 20.00<br> Aikido <br>wszyscy<\/td><td class=\"has-text-align-center\" data-align=\"center\">19.10 &#8211; 20.10<br> Aikido <br>wszyscy\/ <br>Kenshusei *<br><\/td><td><\/td><\/tr><tr><td class=\"has-text-align-center\" data-align=\"center\">20.10 &#8211; 21.10<br>Aikido <br>zaawansowani<\/td><td class=\"has-text-align-center\" data-align=\"center\">20.10<br>21.10<br>Kurs Podstaw Tai Chi<br><\/td><td class=\"has-text-align-center\" data-align=\"center\">20.10 &#8211; 21.10<br>Aikido <br>zaawansowani<\/td><td class=\"has-text-align-center\" data-align=\"center\">20.10 &#8211; 21.10<br><a href=\"https:\/\/wroclawaikikai.pl\/en\/iaido\/\">Iaido<\/a>&nbsp;<\/td><td class=\"has-text-align-center\" data-align=\"center\">21.20 &#8211; 21.50<br>Harai<\/td><td><\/td><\/tr><tr><td class=\"has-text-align-center\" data-align=\"center\">21.20 &#8211; 22.00 <br>Bro\u0144<\/td><td class=\"has-text-align-center\" data-align=\"center\">&nbsp;<\/td><td class=\"has-text-align-center\" data-align=\"center\">21.20 &#8211; 22.00<br>Bro\u0144<\/td><td class=\"has-text-align-center\" data-align=\"center\">&nbsp;<\/td><td class=\"has-text-align-center\" data-align=\"center\">&nbsp;<\/td><td><\/td><\/tr><\/tbody><\/table><figcaption class=\"wp-element-caption\">* zaj\u0119cia dzielone.  <\/figcaption><\/figure>\n\n\n\n<h1 class=\"wp-block-heading\"><\/h1>\n\n\n\n<p><strong>KONTAKT<br>Ul. Hubska 20 (naprzeciw Komisariatu Policji Drogowej)<\/strong><\/p>\n\n\n\n<p>Telefon +48 507 480 656<br><br>e mail: pmasz@poczta.wp.pl<\/p>\n<\/div>\n\n\n\n<div class=\"wp-block-column is-layout-flow wp-block-column-is-layout-flow\" style=\"flex-basis:20%\"><div class=\"wp-block-image\">\n<figure class=\"aligncenter size-large\"><img loading=\"lazy\" decoding=\"async\" width=\"91\" height=\"216\" src=\"https:\/\/wroclawaikikai.pl\/wp-content\/uploads\/2021\/03\/logo.png\" alt=\"\" class=\"wp-image-880\"\/><\/figure><\/div>\n\n\n<p><\/p>\n\n\n\n<div class=\"wp-block-buttons alignwide is-horizontal is-content-justification-center is-layout-flex wp-container-core-buttons-is-layout-1 wp-block-buttons-is-layout-flex\">\n<div class=\"wp-block-button is-style-fill\"><a class=\"wp-block-button__link wp-element-button\" href=\"https:\/\/wroclawaikikai.pl\/en\/jak-do-nas-dolaczyc-2\/\">Zapisz si\u0119 na trening<\/a><\/div>\n<\/div>\n\n\n\n<p><\/p>\n\n\n\n<p class=\"has-text-align-center\">Mo\u017cliwo\u015b\u0107 wp\u0142aty na konto:<br><strong>\u201eMASZTALERZ\u201d <\/strong><br><strong>PIOTR MASZTALERZ<\/strong><\/p>\n\n\n\n<p class=\"has-text-align-center\"><strong>NIP 8941956143<\/strong><br><strong>konto<\/strong><br><strong>MBank<br>94 1140 2004 0000 3002 8344 7124<\/strong><\/p>\n<\/div>\n<\/div>","protected":false},"excerpt":{"rendered":"<p>ZAPISY !Nr tel. 507480656 Grafik zaj\u0119\u0107 dla doros\u0142ych i m\u0142odzie\u017cy w sezonie od 01. 09. 2025: Poniedzia\u0142ek Wtorek \u015aroda Czwartek Pi\u0105tek Niedziela &nbsp;&nbsp; &nbsp; 8.00&hellip; <\/p>","protected":false},"author":2,"featured_media":0,"parent":704,"menu_order":0,"comment_status":"closed","ping_status":"closed","template":"page-templates\/gallery-template.php","meta":{"footnotes":""},"class_list":["post-270","page","type-page","status-publish","hentry"],"_links":{"self":[{"href":"https:\/\/wroclawaikikai.pl\/en\/wp-json\/wp\/v2\/pages\/270"}],"collection":[{"href":"https:\/\/wroclawaikikai.pl\/en\/wp-json\/wp\/v2\/pages"}],"about":[{"href":"https:\/\/wroclawaikikai.pl\/en\/wp-json\/wp\/v2\/types\/page"}],"author":[{"embeddable":true,"href":"https:\/\/wroclawaikikai.pl\/en\/wp-json\/wp\/v2\/users\/2"}],"replies":[{"embeddable":true,"href":"https:\/\/wroclawaikikai.pl\/en\/wp-json\/wp\/v2\/comments?post=270"}],"version-history":[{"count":0,"href":"https:\/\/wroclawaikikai.pl\/en\/wp-json\/wp\/v2\/pages\/270\/revisions"}],"up":[{"embeddable":true,"href":"https:\/\/wroclawaikikai.pl\/en\/wp-json\/wp\/v2\/pages\/704"}],"wp:attachment":[{"href":"https:\/\/wroclawaikikai.pl\/en\/wp-json\/wp\/v2\/media?parent=270"}],"curies":[{"name":"wp","href":"https:\/\/api.w.org\/{rel}","templated":true}]}}