{"id":268,"date":"2021-01-27T23:38:40","date_gmt":"2021-01-27T22:38:40","guid":{"rendered":"http:\/\/wroclawaikikai.pl\/nowa\/?page_id=268"},"modified":"2026-01-15T00:06:00","modified_gmt":"2026-01-14T23:06:00","slug":"nauczyciele","status":"publish","type":"page","link":"https:\/\/wroclawaikikai.pl\/en\/kim-jestesmy\/nauczyciele\/","title":{"rendered":"Nauczyciele"},"content":{"rendered":"<h3 class=\"wp-block-heading\"><strong>G\u0142\u00f3wny nauczyciel<\/strong><\/h3>\n\n\n\n<div class=\"wp-block-columns is-layout-flex wp-container-core-columns-is-layout-1 wp-block-columns-is-layout-flex\">\n<div class=\"wp-block-column is-layout-flow wp-block-column-is-layout-flow\">\n<h3 class=\"wp-block-heading\">Piotr Masztalerz<\/h3>\n\n\n\n<p>6 dan Shihan<\/p>\n\n\n\n<p>Rozpocz\u0105\u0142 trening w 1988 roku pod okiem D. Brunner Shihan. W 1999 przez rok \u0107wiczy\u0142 u Kanetsuka Shihan w Londynie. Przez rok by\u0142 uchideshi T. K. Chiba Shihan w San Diego, USA.<\/p>\n\n\n\n<p>Prowadzi\u0142 zaj\u0119cia na Politechnice Wroc\u0142awskiej (2003 \u2013 2018 r.) oraz Uniwersytecie Wroc\u0142awskim (2003-4), Zespole Szk\u00f3\u0142 Akademickich we Wroc\u0142awiu (od 2015), Instytucie Badania Tw\u00f3rczo\u015bci J. Grotowskiego we Wroc\u0142awiu (od 2007 roku).<\/p>\n\n\n\n<p>Autor ksi\u0105\u017cki&nbsp;&nbsp;<a href=\"http:\/\/oficynka.pl\/pl\/p\/Krolestwo-kurzu-Piotr-Masztalerz\/672\">\u201eKr\u00f3lestwo kurzu\u201d (2018)<\/a><\/p>\n\n\n\n<p>Prowadzi zaj\u0119cia i szkolenia w Polsce i za granic\u0105 (m.in W. Brytania, Francja, Kenia, Chile, Rosja, USA i inne)<\/p>\n<\/div>\n\n\n\n<div class=\"wp-block-column is-layout-flow wp-block-column-is-layout-flow\">\n<figure class=\"wp-block-image size-large is-resized\"><img loading=\"lazy\" decoding=\"async\" width=\"773\" height=\"1024\" src=\"https:\/\/wroclawaikikai.pl\/wp-content\/uploads\/2021\/04\/Bez-tytulu-773x1024.jpg\" alt=\"\" class=\"wp-image-1153\" style=\"width:221px;height:auto\" srcset=\"https:\/\/wroclawaikikai.pl\/wp-content\/uploads\/2021\/04\/Bez-tytulu-773x1024.jpg 773w, https:\/\/wroclawaikikai.pl\/wp-content\/uploads\/2021\/04\/Bez-tytulu-226x300.jpg 226w, https:\/\/wroclawaikikai.pl\/wp-content\/uploads\/2021\/04\/Bez-tytulu-768x1018.jpg 768w, https:\/\/wroclawaikikai.pl\/wp-content\/uploads\/2021\/04\/Bez-tytulu-600x795.jpg 600w, https:\/\/wroclawaikikai.pl\/wp-content\/uploads\/2021\/04\/Bez-tytulu.jpg 932w\" sizes=\"(max-width: 773px) 100vw, 773px\" \/><\/figure>\n<\/div>\n<\/div>\n\n\n\n<h3 class=\"wp-block-heading\"><strong>Nauczyciele certyfikowani Birankai Polska<\/strong><\/h3>\n\n\n\n<p><br>Mateusz Waga 5 dan shidoin (Wojn\u00f3w Aikido)<br>Edmund Kaszewski 4 dan shidoin (Krzyki Aikikai)<br>Dariusz Komorowski 4 dan fukushidoin<br>Krzysztof Ch\u0142api\u0144ski 4 dan fukushidoin<br>Urszula Gryniewicz 3 dan fukushidoin<br>Zbigniew Kosior 3 dan fukushidoin<br>Andrzej Kalbarczyk 3 dan fukushidoin (Kaszyce Aikikai)<br>Przemys\u0142aw B\u0142aszczak 3 dan fukushidoin (Na Grobli Aikikai)<br>Bart\u0142omiej Ry\u015b 3 dan fukushidoin<br>Bart\u0142omiej Malarski 2 dan fukushidoin (Krzyki Aikikai)<\/p>\n\n\n\n<h3 class=\"wp-block-heading\"><strong>Instruktorzy Wroc\u0142aw Aikikai<\/strong><\/h3>\n\n\n\n<p>Wojciech Dere\u0144 2 dan<br>Anna J\u0119druch 1 dan<br>Bart\u0142omiej Wojtyczka 1 dan (Legnica Aikikai)<br>Artur Frach 1 kyu<\/p>\n\n\n\n<div class=\"wp-block-buttons is-layout-flex wp-block-buttons-is-layout-flex\">\n<div class=\"wp-block-button\"><a class=\"wp-block-button__link wp-element-button\" href=\"https:\/\/wroclawaikikai.pl\/en\/jak-do-nas-dolaczyc-2\/\">Jak do nas do\u0142\u0105czy\u0107?<\/a><\/div>\n<\/div>","protected":false},"excerpt":{"rendered":"<p>G\u0142\u00f3wny nauczyciel Piotr Masztalerz 6 dan Shihan Rozpocz\u0105\u0142 trening w 1988 roku pod okiem D. Brunner Shihan. W 1999 przez rok \u0107wiczy\u0142 u Kanetsuka Shihan&hellip; <\/p>","protected":false},"author":2,"featured_media":0,"parent":1398,"menu_order":0,"comment_status":"closed","ping_status":"closed","template":"page-templates\/gallery-template.php","meta":{"footnotes":""},"class_list":["post-268","page","type-page","status-publish","hentry"],"_links":{"self":[{"href":"https:\/\/wroclawaikikai.pl\/en\/wp-json\/wp\/v2\/pages\/268"}],"collection":[{"href":"https:\/\/wroclawaikikai.pl\/en\/wp-json\/wp\/v2\/pages"}],"about":[{"href":"https:\/\/wroclawaikikai.pl\/en\/wp-json\/wp\/v2\/types\/page"}],"author":[{"embeddable":true,"href":"https:\/\/wroclawaikikai.pl\/en\/wp-json\/wp\/v2\/users\/2"}],"replies":[{"embeddable":true,"href":"https:\/\/wroclawaikikai.pl\/en\/wp-json\/wp\/v2\/comments?post=268"}],"version-history":[{"count":0,"href":"https:\/\/wroclawaikikai.pl\/en\/wp-json\/wp\/v2\/pages\/268\/revisions"}],"up":[{"embeddable":true,"href":"https:\/\/wroclawaikikai.pl\/en\/wp-json\/wp\/v2\/pages\/1398"}],"wp:attachment":[{"href":"https:\/\/wroclawaikikai.pl\/en\/wp-json\/wp\/v2\/media?parent=268"}],"curies":[{"name":"wp","href":"https:\/\/api.w.org\/{rel}","templated":true}]}}