{"id":2513,"date":"2023-04-23T22:14:58","date_gmt":"2023-04-23T20:14:58","guid":{"rendered":"https:\/\/wroclawaikikai.pl\/?page_id=2513"},"modified":"2024-10-21T13:34:43","modified_gmt":"2024-10-21T11:34:43","slug":"jak-do-nas-dolaczyc-2","status":"publish","type":"page","link":"https:\/\/wroclawaikikai.pl\/en\/jak-do-nas-dolaczyc-2\/","title":{"rendered":"Jak do nas do\u0142\u0105czy\u0107?"},"content":{"rendered":"<h2 class=\"wp-block-heading has-text-align-center\">Zaj\u0119cia odbywaj\u0105 si\u0119 w dojo Wroc\u0142aw Aikikai<br> przy ul. Hubskiej 20. (mapa i opcje dojazdu na dole strony)<br><\/h2>\n\n\n\n<div class=\"wp-block-columns is-layout-flex wp-container-core-columns-is-layout-1 wp-block-columns-is-layout-flex\">\n<div class=\"wp-block-column is-layout-flow wp-block-column-is-layout-flow\">\n<h2 class=\"wp-block-heading has-text-align-center has-vivid-green-cyan-color has-text-color\"><strong>ZAPISY DLA DZIECI<\/strong><\/h2>\n\n\n\n<figure class=\"wp-block-image size-full\"><img loading=\"lazy\" decoding=\"async\" width=\"512\" height=\"1024\" src=\"https:\/\/wroclawaikikai.pl\/wp-content\/uploads\/2024\/06\/tel.jpg\" alt=\"\" class=\"wp-image-3522\" srcset=\"https:\/\/wroclawaikikai.pl\/wp-content\/uploads\/2024\/06\/tel.jpg 512w, https:\/\/wroclawaikikai.pl\/wp-content\/uploads\/2024\/06\/tel-150x300.jpg 150w, https:\/\/wroclawaikikai.pl\/wp-content\/uploads\/2024\/06\/tel-6x12.jpg 6w, https:\/\/wroclawaikikai.pl\/wp-content\/uploads\/2024\/06\/tel-300x600.jpg 300w\" sizes=\"(max-width: 512px) 100vw, 512px\" \/><\/figure>\n\n\n\n<h2 class=\"wp-block-heading\"><\/h2>\n\n\n\n<div class=\"wp-block-buttons is-layout-flex wp-block-buttons-is-layout-flex\">\n<div class=\"wp-block-button\"><a class=\"wp-block-button__link wp-element-button\" href=\"https:\/\/wroclawaikikai.pl\/en\/aikido-dla-dzieci\/grafik-treningow-aikido-dla-dzieci\/\">Grafik dzieci\u0119cy<\/a><\/div>\n<\/div>\n\n\n\n<h2 class=\"wp-block-heading\"><\/h2>\n\n\n\n<h4 class=\"wp-block-heading has-small-font-size\">Po prostu zadzwo\u0144 pod numer:<strong> <\/strong>507480656 i ustal z nauczycielem do jakiej grupy powinno do\u0142\u0105czy\u0107 dziecko. Pierwsze zaj\u0119cia s\u0105 bezp\u0142atne!<br><br><br><\/h4>\n<\/div>\n\n\n\n<div class=\"wp-block-column is-layout-flow wp-block-column-is-layout-flow\">\n<h2 class=\"wp-block-heading has-text-align-center has-vivid-red-color has-text-color\"><strong>ZAPISY DLA DOROS\u0141YCH<\/strong><\/h2>\n\n\n\n<figure class=\"wp-block-image size-large\"><img loading=\"lazy\" decoding=\"async\" width=\"512\" height=\"1024\" src=\"https:\/\/wroclawaikikai.pl\/wp-content\/uploads\/2023\/08\/Black-Blue-Modern-Tips-Grow-Business-Banner-16-512x1024.jpg\" alt=\"\" class=\"wp-image-2631\" srcset=\"https:\/\/wroclawaikikai.pl\/wp-content\/uploads\/2023\/08\/Black-Blue-Modern-Tips-Grow-Business-Banner-16-512x1024.jpg 512w, https:\/\/wroclawaikikai.pl\/wp-content\/uploads\/2023\/08\/Black-Blue-Modern-Tips-Grow-Business-Banner-16-150x300.jpg 150w, https:\/\/wroclawaikikai.pl\/wp-content\/uploads\/2023\/08\/Black-Blue-Modern-Tips-Grow-Business-Banner-16-768x1536.jpg 768w, https:\/\/wroclawaikikai.pl\/wp-content\/uploads\/2023\/08\/Black-Blue-Modern-Tips-Grow-Business-Banner-16-1024x2048.jpg 1024w, https:\/\/wroclawaikikai.pl\/wp-content\/uploads\/2023\/08\/Black-Blue-Modern-Tips-Grow-Business-Banner-16-6x12.jpg 6w, https:\/\/wroclawaikikai.pl\/wp-content\/uploads\/2023\/08\/Black-Blue-Modern-Tips-Grow-Business-Banner-16-300x600.jpg 300w, https:\/\/wroclawaikikai.pl\/wp-content\/uploads\/2023\/08\/Black-Blue-Modern-Tips-Grow-Business-Banner-16-scaled.jpg 1280w\" sizes=\"(max-width: 512px) 100vw, 512px\" \/><\/figure>\n\n\n\n<h2 class=\"wp-block-heading\"><\/h2>\n\n\n\n<div class=\"wp-block-buttons is-layout-flex wp-block-buttons-is-layout-flex\">\n<div class=\"wp-block-button\"><a class=\"wp-block-button__link wp-element-button\" href=\"https:\/\/wroclawaikikai.pl\/en\/aikido-dla-doroslych\/grafik-treningow-aikido-dla-doroslych\/\">Grafik doro\u015bli<\/a><\/div>\n<\/div>\n\n\n\n<h2 class=\"wp-block-heading\"><\/h2>\n\n\n\n<h4 class=\"wp-block-heading has-small-font-size\">Jeste\u015b osob\u0105 pe\u0142noletni\u0105 i chcesz rozpocz\u0105\u0107 zaj\u0119cia aikido? Mamy w grafiku zaj\u0119cia poranne i wieczorne. Zadzwo\u0144 pod numer <strong>507480656 <\/strong>i um\u00f3w si\u0119 na bezp\u0142atne zaj\u0119cia pr\u00f3bne  <\/h4>\n<\/div>\n\n\n\n<div class=\"wp-block-column is-layout-flow wp-block-column-is-layout-flow\">\n<h2 class=\"wp-block-heading has-text-align-center has-vivid-red-color has-text-color\"><strong>ZAPISY DLA DOROS\u0141YCH<\/strong><\/h2>\n\n\n\n<figure class=\"wp-block-image size-large\"><a href=\"https:\/\/wroclawaikikai.pl\/en\/3-miesieczny-kurs-podstaw-wrzesien-listopad-2024\/\"><img loading=\"lazy\" decoding=\"async\" width=\"512\" height=\"1024\" src=\"https:\/\/wroclawaikikai.pl\/wp-content\/uploads\/2023\/08\/Black-Blue-Modern-Tips-Grow-Business-Banner-14-512x1024.jpg\" alt=\"\" class=\"wp-image-2629\" srcset=\"https:\/\/wroclawaikikai.pl\/wp-content\/uploads\/2023\/08\/Black-Blue-Modern-Tips-Grow-Business-Banner-14-512x1024.jpg 512w, https:\/\/wroclawaikikai.pl\/wp-content\/uploads\/2023\/08\/Black-Blue-Modern-Tips-Grow-Business-Banner-14-150x300.jpg 150w, https:\/\/wroclawaikikai.pl\/wp-content\/uploads\/2023\/08\/Black-Blue-Modern-Tips-Grow-Business-Banner-14-768x1536.jpg 768w, https:\/\/wroclawaikikai.pl\/wp-content\/uploads\/2023\/08\/Black-Blue-Modern-Tips-Grow-Business-Banner-14-1024x2048.jpg 1024w, https:\/\/wroclawaikikai.pl\/wp-content\/uploads\/2023\/08\/Black-Blue-Modern-Tips-Grow-Business-Banner-14-6x12.jpg 6w, https:\/\/wroclawaikikai.pl\/wp-content\/uploads\/2023\/08\/Black-Blue-Modern-Tips-Grow-Business-Banner-14-300x600.jpg 300w, https:\/\/wroclawaikikai.pl\/wp-content\/uploads\/2023\/08\/Black-Blue-Modern-Tips-Grow-Business-Banner-14-scaled.jpg 1280w\" sizes=\"(max-width: 512px) 100vw, 512px\" \/><\/a><\/figure>\n\n\n\n<h2 class=\"wp-block-heading has-medium-font-size\"><\/h2>\n\n\n\n<div class=\"wp-block-buttons is-layout-flex wp-block-buttons-is-layout-flex\">\n<div class=\"wp-block-button\"><a class=\"wp-block-button__link wp-element-button\" href=\"https:\/\/wroclawaikikai.pl\/en\/3-miesieczny-kurs-podstaw-styczen-marzec-2025\/\">Zapisz si\u0119 na kurs od stycznia 2025!<\/a><\/div>\n<\/div>\n\n\n\n<h2 class=\"wp-block-heading\"><\/h2>\n\n\n\n<h4 class=\"wp-block-heading has-small-font-size\">Wolisz rozpocz\u0105\u0107 spokojnym kursem Podstaw Aikido? To dost\u0119pny dla ka\u017cdego trzymiesi\u0119czny kurs zupe\u0142nych podstaw. Zaj\u0119cia raz w tygodniu. Sprawd\u017a, kiedy rusza nowa edycja kursu.<br><\/h4>\n<\/div>\n<\/div>\n\n\n\n<div class=\"wp-block-columns is-layout-flex wp-container-core-columns-is-layout-2 wp-block-columns-is-layout-flex\">\n<div class=\"wp-block-column is-layout-flow wp-block-column-is-layout-flow\">\n<h2 class=\"wp-block-heading has-text-align-center has-vivid-cyan-blue-color has-text-color\">ODWIED\u0179 NAS<\/h2>\n\n\n\n<figure class=\"wp-block-image size-large\"><img loading=\"lazy\" decoding=\"async\" width=\"512\" height=\"1024\" src=\"https:\/\/wroclawaikikai.pl\/wp-content\/uploads\/2023\/08\/Black-Blue-Modern-Tips-Grow-Business-Banner-13-512x1024.jpg\" alt=\"\" class=\"wp-image-2628\" srcset=\"https:\/\/wroclawaikikai.pl\/wp-content\/uploads\/2023\/08\/Black-Blue-Modern-Tips-Grow-Business-Banner-13-512x1024.jpg 512w, https:\/\/wroclawaikikai.pl\/wp-content\/uploads\/2023\/08\/Black-Blue-Modern-Tips-Grow-Business-Banner-13-150x300.jpg 150w, https:\/\/wroclawaikikai.pl\/wp-content\/uploads\/2023\/08\/Black-Blue-Modern-Tips-Grow-Business-Banner-13-768x1536.jpg 768w, https:\/\/wroclawaikikai.pl\/wp-content\/uploads\/2023\/08\/Black-Blue-Modern-Tips-Grow-Business-Banner-13-1024x2048.jpg 1024w, https:\/\/wroclawaikikai.pl\/wp-content\/uploads\/2023\/08\/Black-Blue-Modern-Tips-Grow-Business-Banner-13-6x12.jpg 6w, https:\/\/wroclawaikikai.pl\/wp-content\/uploads\/2023\/08\/Black-Blue-Modern-Tips-Grow-Business-Banner-13-300x600.jpg 300w, https:\/\/wroclawaikikai.pl\/wp-content\/uploads\/2023\/08\/Black-Blue-Modern-Tips-Grow-Business-Banner-13-scaled.jpg 1280w\" sizes=\"(max-width: 512px) 100vw, 512px\" \/><\/figure>\n\n\n\n<p><\/p>\n\n\n\n<h4 class=\"wp-block-heading has-small-font-size\">Zadzwo\u0144 pod numer <strong>507480656 <\/strong>i um\u00f3w si\u0119 na spotkanie w dojo. Wyja\u015bnimy Ci specyfik\u0119 tego miejsca, ceremonia\u0142 i zasady. Upewnisz si\u0119, \u017ce to w\u0142a\u015bnie jest droga, kt\u00f3r\u0105 chcesz pod\u0105\u017ca\u0107. <\/h4>\n<\/div>\n\n\n\n<div class=\"wp-block-column is-layout-flow wp-block-column-is-layout-flow\">\n<h2 class=\"wp-block-heading has-text-align-center has-luminous-vivid-amber-color has-text-color\">VISITORS<\/h2>\n\n\n\n<figure class=\"wp-block-image size-large\"><a href=\"https:\/\/wroclawaikikai.pl\/en\/for-visitors\/\"><img loading=\"lazy\" decoding=\"async\" width=\"512\" height=\"1024\" src=\"https:\/\/wroclawaikikai.pl\/wp-content\/uploads\/2023\/08\/Black-Blue-Modern-Tips-Grow-Business-Banner-11-512x1024.jpg\" alt=\"\" class=\"wp-image-2627\" srcset=\"https:\/\/wroclawaikikai.pl\/wp-content\/uploads\/2023\/08\/Black-Blue-Modern-Tips-Grow-Business-Banner-11-512x1024.jpg 512w, https:\/\/wroclawaikikai.pl\/wp-content\/uploads\/2023\/08\/Black-Blue-Modern-Tips-Grow-Business-Banner-11-150x300.jpg 150w, https:\/\/wroclawaikikai.pl\/wp-content\/uploads\/2023\/08\/Black-Blue-Modern-Tips-Grow-Business-Banner-11-768x1536.jpg 768w, https:\/\/wroclawaikikai.pl\/wp-content\/uploads\/2023\/08\/Black-Blue-Modern-Tips-Grow-Business-Banner-11-1024x2048.jpg 1024w, https:\/\/wroclawaikikai.pl\/wp-content\/uploads\/2023\/08\/Black-Blue-Modern-Tips-Grow-Business-Banner-11-6x12.jpg 6w, https:\/\/wroclawaikikai.pl\/wp-content\/uploads\/2023\/08\/Black-Blue-Modern-Tips-Grow-Business-Banner-11-300x600.jpg 300w, https:\/\/wroclawaikikai.pl\/wp-content\/uploads\/2023\/08\/Black-Blue-Modern-Tips-Grow-Business-Banner-11-scaled.jpg 1280w\" sizes=\"(max-width: 512px) 100vw, 512px\" \/><\/a><\/figure>\n\n\n\n<p><\/p>\n\n\n\n<h4 class=\"wp-block-heading has-small-font-size\">Wroc\u0142aw Aikikai odwiedza wielu go\u015bci z Polski i zagranicy. Zaj\u0119cia og\u00f3lne s\u0105 dost\u0119pne dla wszystkich, przed udzia\u0142em w zaj\u0119ciach zaawansowanych, iaido, zazen, broni i harai nale\u017cy um\u00f3wi\u0107 si\u0119 telefonicznie pod numerem<strong> 507480656<\/strong>. Go\u015bci prosimy o uiszczenie op\u0142aty za zaj\u0119cia przed treningiem. <\/h4>\n<\/div>\n\n\n\n<div class=\"wp-block-column is-layout-flow wp-block-column-is-layout-flow\">\n<h2 class=\"wp-block-heading has-vivid-red-color has-text-color has-link-color wp-elements-c1995ce81e353237782fdef1a667714a\">A JAK PRZESTA\u0106 \u0106WICZY\u0106 AIKIDO?<br><img loading=\"lazy\" decoding=\"async\" width=\"300\" height=\"600\" class=\"wp-image-3262\" style=\"width: 300px;\" src=\"https:\/\/wroclawaikikai.pl\/wp-content\/uploads\/2024\/04\/Black-Blue-Modern-Tips-Grow-Business-Banner-17-scaled.jpg\" alt=\"\" srcset=\"https:\/\/wroclawaikikai.pl\/wp-content\/uploads\/2024\/04\/Black-Blue-Modern-Tips-Grow-Business-Banner-17-scaled.jpg 1280w, https:\/\/wroclawaikikai.pl\/wp-content\/uploads\/2024\/04\/Black-Blue-Modern-Tips-Grow-Business-Banner-17-150x300.jpg 150w, https:\/\/wroclawaikikai.pl\/wp-content\/uploads\/2024\/04\/Black-Blue-Modern-Tips-Grow-Business-Banner-17-512x1024.jpg 512w, https:\/\/wroclawaikikai.pl\/wp-content\/uploads\/2024\/04\/Black-Blue-Modern-Tips-Grow-Business-Banner-17-768x1536.jpg 768w, https:\/\/wroclawaikikai.pl\/wp-content\/uploads\/2024\/04\/Black-Blue-Modern-Tips-Grow-Business-Banner-17-1024x2048.jpg 1024w, https:\/\/wroclawaikikai.pl\/wp-content\/uploads\/2024\/04\/Black-Blue-Modern-Tips-Grow-Business-Banner-17-6x12.jpg 6w, https:\/\/wroclawaikikai.pl\/wp-content\/uploads\/2024\/04\/Black-Blue-Modern-Tips-Grow-Business-Banner-17-300x600.jpg 300w\" sizes=\"(max-width: 300px) 100vw, 300px\" \/><\/h2>\n\n\n\n<h6 class=\"wp-block-heading\">To naturalne, \u017ce wi\u0119kszo\u015b\u0107 z poczatkuj\u0105cych po kr\u00f3tszym lub d\u0142u\u017cszym czasie zrezygnuje z trening\u00f3w. Pami\u0119tajcie, \u017ce dla nas to miejsce to dom a wsp\u00f3\u0142\u0107wicz\u0105cy znaj\u0105 si\u0119 od wielu lat jak rodzina.  <br>Rezygnacja z szacunkiem dla ludzi i miejsca jest te\u017c cz\u0119\u015bci\u0105 praktyki!<br>Dzi\u0119kujemy. <\/h6>\n<\/div>\n<\/div>","protected":false},"excerpt":{"rendered":"<p>Zaj\u0119cia odbywaj\u0105 si\u0119 w dojo Wroc\u0142aw Aikikai przy ul. Hubskiej 20. (mapa i opcje dojazdu na dole strony) ZAPISY DLA DZIECI Po prostu zadzwo\u0144 pod&hellip; <\/p>","protected":false},"author":2,"featured_media":0,"parent":0,"menu_order":0,"comment_status":"closed","ping_status":"closed","template":"","meta":{"footnotes":""},"class_list":["post-2513","page","type-page","status-publish","hentry"],"_links":{"self":[{"href":"https:\/\/wroclawaikikai.pl\/en\/wp-json\/wp\/v2\/pages\/2513"}],"collection":[{"href":"https:\/\/wroclawaikikai.pl\/en\/wp-json\/wp\/v2\/pages"}],"about":[{"href":"https:\/\/wroclawaikikai.pl\/en\/wp-json\/wp\/v2\/types\/page"}],"author":[{"embeddable":true,"href":"https:\/\/wroclawaikikai.pl\/en\/wp-json\/wp\/v2\/users\/2"}],"replies":[{"embeddable":true,"href":"https:\/\/wroclawaikikai.pl\/en\/wp-json\/wp\/v2\/comments?post=2513"}],"version-history":[{"count":0,"href":"https:\/\/wroclawaikikai.pl\/en\/wp-json\/wp\/v2\/pages\/2513\/revisions"}],"wp:attachment":[{"href":"https:\/\/wroclawaikikai.pl\/en\/wp-json\/wp\/v2\/media?parent=2513"}],"curies":[{"name":"wp","href":"https:\/\/api.w.org\/{rel}","templated":true}]}}