{"id":2457,"date":"2023-03-13T08:11:49","date_gmt":"2023-03-13T07:11:49","guid":{"rendered":"https:\/\/wroclawaikikai.pl\/?page_id=2457"},"modified":"2023-09-12T16:25:27","modified_gmt":"2023-09-12T14:25:27","slug":"wymagania-egzaminacyjne-kyu-dla-doroslych","status":"publish","type":"page","link":"https:\/\/wroclawaikikai.pl\/en\/wymagania-egzaminacyjne-kyu-dla-doroslych\/","title":{"rendered":"Wymagania egzaminacyjne kyu dla doros\u0142ych"},"content":{"rendered":"<p class=\"has-text-align-center\">Materia\u0142y filmowe maj\u0105 jedynie pom\u00f3c w powt\u00f3rce i usystematyzowaniu wiedzy. Podstawowa praca musi by\u0107 wykonana w dojo w czasie regularnych zaj\u0119\u0107.<br><\/p>\n\n\n\n<div class=\"wp-block-columns is-layout-flex wp-container-core-columns-is-layout-1 wp-block-columns-is-layout-flex\">\n<div class=\"wp-block-column is-layout-flow wp-block-column-is-layout-flow\">\n<figure class=\"wp-block-image size-large\"><a href=\"https:\/\/wroclawaikikai.pl\/en\/wymagania-egzaminacyjne-dorosli\/\"><img loading=\"lazy\" decoding=\"async\" width=\"1024\" height=\"1024\" src=\"https:\/\/wroclawaikikai.pl\/wp-content\/uploads\/2023\/03\/5-2-1024x1024.jpg\" alt=\"\" class=\"wp-image-2458\" srcset=\"https:\/\/wroclawaikikai.pl\/wp-content\/uploads\/2023\/03\/5-2-1024x1024.jpg 1024w, https:\/\/wroclawaikikai.pl\/wp-content\/uploads\/2023\/03\/5-2-300x300.jpg 300w, https:\/\/wroclawaikikai.pl\/wp-content\/uploads\/2023\/03\/5-2-150x150.jpg 150w, https:\/\/wroclawaikikai.pl\/wp-content\/uploads\/2023\/03\/5-2-768x768.jpg 768w, https:\/\/wroclawaikikai.pl\/wp-content\/uploads\/2023\/03\/5-2-1536x1536.jpg 1536w, https:\/\/wroclawaikikai.pl\/wp-content\/uploads\/2023\/03\/5-2-12x12.jpg 12w, https:\/\/wroclawaikikai.pl\/wp-content\/uploads\/2023\/03\/5-2-75x75.jpg 75w, https:\/\/wroclawaikikai.pl\/wp-content\/uploads\/2023\/03\/5-2-500x500.jpg 500w, https:\/\/wroclawaikikai.pl\/wp-content\/uploads\/2023\/03\/5-2-200x200.jpg 200w, https:\/\/wroclawaikikai.pl\/wp-content\/uploads\/2023\/03\/5-2-400x400.jpg 400w, https:\/\/wroclawaikikai.pl\/wp-content\/uploads\/2023\/03\/5-2.jpg 1654w\" sizes=\"(max-width: 1024px) 100vw, 1024px\" \/><\/a><\/figure>\n<\/div>\n\n\n\n<div class=\"wp-block-column is-layout-flow wp-block-column-is-layout-flow\">\n<figure class=\"wp-block-image size-large\"><a href=\"\/en\/wymagania-egzaminacyjne-dla-doroslych-4-kyu\/\"><img loading=\"lazy\" decoding=\"async\" width=\"1024\" height=\"1024\" src=\"https:\/\/wroclawaikikai.pl\/wp-content\/uploads\/2023\/03\/5-1-1024x1024.jpg\" alt=\"\" class=\"wp-image-2459\" srcset=\"https:\/\/wroclawaikikai.pl\/wp-content\/uploads\/2023\/03\/5-1-1024x1024.jpg 1024w, https:\/\/wroclawaikikai.pl\/wp-content\/uploads\/2023\/03\/5-1-300x300.jpg 300w, https:\/\/wroclawaikikai.pl\/wp-content\/uploads\/2023\/03\/5-1-150x150.jpg 150w, https:\/\/wroclawaikikai.pl\/wp-content\/uploads\/2023\/03\/5-1-768x768.jpg 768w, https:\/\/wroclawaikikai.pl\/wp-content\/uploads\/2023\/03\/5-1-1536x1536.jpg 1536w, https:\/\/wroclawaikikai.pl\/wp-content\/uploads\/2023\/03\/5-1-12x12.jpg 12w, https:\/\/wroclawaikikai.pl\/wp-content\/uploads\/2023\/03\/5-1-75x75.jpg 75w, https:\/\/wroclawaikikai.pl\/wp-content\/uploads\/2023\/03\/5-1-500x500.jpg 500w, https:\/\/wroclawaikikai.pl\/wp-content\/uploads\/2023\/03\/5-1-200x200.jpg 200w, https:\/\/wroclawaikikai.pl\/wp-content\/uploads\/2023\/03\/5-1-400x400.jpg 400w, https:\/\/wroclawaikikai.pl\/wp-content\/uploads\/2023\/03\/5-1.jpg 1654w\" sizes=\"(max-width: 1024px) 100vw, 1024px\" \/><\/a><\/figure>\n<\/div>\n<\/div>\n\n\n\n<div class=\"wp-block-columns is-layout-flex wp-container-core-columns-is-layout-2 wp-block-columns-is-layout-flex\">\n<div class=\"wp-block-column is-layout-flow wp-block-column-is-layout-flow\">\n<figure class=\"wp-block-image size-large\"><img loading=\"lazy\" decoding=\"async\" width=\"1024\" height=\"1024\" src=\"https:\/\/wroclawaikikai.pl\/wp-content\/uploads\/2023\/03\/5-3-1024x1024.jpg\" alt=\"\" class=\"wp-image-2469\" srcset=\"https:\/\/wroclawaikikai.pl\/wp-content\/uploads\/2023\/03\/5-3-1024x1024.jpg 1024w, https:\/\/wroclawaikikai.pl\/wp-content\/uploads\/2023\/03\/5-3-300x300.jpg 300w, https:\/\/wroclawaikikai.pl\/wp-content\/uploads\/2023\/03\/5-3-150x150.jpg 150w, https:\/\/wroclawaikikai.pl\/wp-content\/uploads\/2023\/03\/5-3-768x768.jpg 768w, https:\/\/wroclawaikikai.pl\/wp-content\/uploads\/2023\/03\/5-3-1536x1536.jpg 1536w, https:\/\/wroclawaikikai.pl\/wp-content\/uploads\/2023\/03\/5-3-12x12.jpg 12w, https:\/\/wroclawaikikai.pl\/wp-content\/uploads\/2023\/03\/5-3-75x75.jpg 75w, https:\/\/wroclawaikikai.pl\/wp-content\/uploads\/2023\/03\/5-3-500x500.jpg 500w, https:\/\/wroclawaikikai.pl\/wp-content\/uploads\/2023\/03\/5-3-200x200.jpg 200w, https:\/\/wroclawaikikai.pl\/wp-content\/uploads\/2023\/03\/5-3-400x400.jpg 400w, https:\/\/wroclawaikikai.pl\/wp-content\/uploads\/2023\/03\/5-3.jpg 1654w\" sizes=\"(max-width: 1024px) 100vw, 1024px\" \/><\/figure>\n<\/div>\n\n\n\n<div class=\"wp-block-column is-layout-flow wp-block-column-is-layout-flow\">\n<figure class=\"wp-block-image size-large\"><img loading=\"lazy\" decoding=\"async\" width=\"1024\" height=\"1024\" src=\"https:\/\/wroclawaikikai.pl\/wp-content\/uploads\/2023\/03\/5-4-1024x1024.jpg\" alt=\"\" class=\"wp-image-2471\" srcset=\"https:\/\/wroclawaikikai.pl\/wp-content\/uploads\/2023\/03\/5-4-1024x1024.jpg 1024w, https:\/\/wroclawaikikai.pl\/wp-content\/uploads\/2023\/03\/5-4-300x300.jpg 300w, https:\/\/wroclawaikikai.pl\/wp-content\/uploads\/2023\/03\/5-4-150x150.jpg 150w, https:\/\/wroclawaikikai.pl\/wp-content\/uploads\/2023\/03\/5-4-768x768.jpg 768w, https:\/\/wroclawaikikai.pl\/wp-content\/uploads\/2023\/03\/5-4-1536x1536.jpg 1536w, https:\/\/wroclawaikikai.pl\/wp-content\/uploads\/2023\/03\/5-4-12x12.jpg 12w, https:\/\/wroclawaikikai.pl\/wp-content\/uploads\/2023\/03\/5-4-75x75.jpg 75w, https:\/\/wroclawaikikai.pl\/wp-content\/uploads\/2023\/03\/5-4-500x500.jpg 500w, https:\/\/wroclawaikikai.pl\/wp-content\/uploads\/2023\/03\/5-4-200x200.jpg 200w, https:\/\/wroclawaikikai.pl\/wp-content\/uploads\/2023\/03\/5-4-400x400.jpg 400w, https:\/\/wroclawaikikai.pl\/wp-content\/uploads\/2023\/03\/5-4.jpg 1654w\" sizes=\"(max-width: 1024px) 100vw, 1024px\" \/><\/figure>\n<\/div>\n<\/div>","protected":false},"excerpt":{"rendered":"<p>Materia\u0142y filmowe maj\u0105 jedynie pom\u00f3c w powt\u00f3rce i usystematyzowaniu wiedzy. Podstawowa praca musi by\u0107 wykonana w dojo w czasie regularnych zaj\u0119\u0107.<\/p>","protected":false},"author":2,"featured_media":0,"parent":0,"menu_order":0,"comment_status":"closed","ping_status":"closed","template":"","meta":{"footnotes":""},"class_list":["post-2457","page","type-page","status-publish","hentry"],"_links":{"self":[{"href":"https:\/\/wroclawaikikai.pl\/en\/wp-json\/wp\/v2\/pages\/2457"}],"collection":[{"href":"https:\/\/wroclawaikikai.pl\/en\/wp-json\/wp\/v2\/pages"}],"about":[{"href":"https:\/\/wroclawaikikai.pl\/en\/wp-json\/wp\/v2\/types\/page"}],"author":[{"embeddable":true,"href":"https:\/\/wroclawaikikai.pl\/en\/wp-json\/wp\/v2\/users\/2"}],"replies":[{"embeddable":true,"href":"https:\/\/wroclawaikikai.pl\/en\/wp-json\/wp\/v2\/comments?post=2457"}],"version-history":[{"count":0,"href":"https:\/\/wroclawaikikai.pl\/en\/wp-json\/wp\/v2\/pages\/2457\/revisions"}],"wp:attachment":[{"href":"https:\/\/wroclawaikikai.pl\/en\/wp-json\/wp\/v2\/media?parent=2457"}],"curies":[{"name":"wp","href":"https:\/\/api.w.org\/{rel}","templated":true}]}}