{"id":2319,"date":"2022-11-18T15:39:54","date_gmt":"2022-11-18T14:39:54","guid":{"rendered":"https:\/\/wroclawaikikai.pl\/?page_id=2319"},"modified":"2025-03-12T15:20:09","modified_gmt":"2025-03-12T14:20:09","slug":"wymagania-egzaminacyjne-dorosli","status":"publish","type":"page","link":"https:\/\/wroclawaikikai.pl\/en\/wymagania-egzaminacyjne-dorosli\/","title":{"rendered":"Wymagania egzaminacyjne doro\u015bli 5 kyu"},"content":{"rendered":"<p class=\"has-text-align-center has-vivid-red-color has-text-color\">Materia\u0142y filmowe maj\u0105 jedynie pom\u00f3c w powt\u00f3rce i usystematyzowaniu wiedzy. Podstawowa praca musi by\u0107 wykonana w dojo w czasie regularnych zaj\u0119\u0107. <\/p>\n\n\n\n<div class=\"wp-block-columns is-layout-flex wp-container-core-columns-is-layout-1 wp-block-columns-is-layout-flex\">\n<div class=\"wp-block-column is-layout-flow wp-block-column-is-layout-flow\">\n<p><strong>Wymagane umiej\u0119tno\u015bci:<\/strong><br>Liczenie do 10 po japo\u0144sku<br>Wi\u0105zanie pasa<br>Pozycja lewa i prawa (<strong>hidari kamae, migi kamae<\/strong>)<br>Poprawny uk\u0142on (<strong>rei<\/strong>)<br>Przewr\u00f3t w prz\u00f3d w pozycji siedz\u0105cej i stoj\u0105cej (<strong>mae ukemi suwari waza. mae ukemi tachi waza<\/strong>)<br>Przewr\u00f3t w ty\u0142 w pozycji siedz\u0105cej i stoj\u0105cej (<strong>ushiro ukemi suwari waza, ushiro ukemi tachi waza<\/strong>)<br>Chodzenie na kolanach w prz\u00f3d i do ty\u0142u (<strong>mae shikko, ushiro shikko<\/strong>)<br><br><\/p>\n<\/div>\n\n\n\n<div class=\"wp-block-column is-layout-flow wp-block-column-is-layout-flow\">\n<figure class=\"wp-block-table\"><table><tbody><tr><td>1<\/td><td>ichi<\/td><td>\u3044\u3061<\/td><\/tr><tr><td>2<\/td><td>ni<\/td><td>\u306b<\/td><\/tr><tr><td>3<\/td><td>san<\/td><td>\u3055\u3093<\/td><\/tr><tr><td>4<\/td><td>shi<\/td><td>\u3057<\/td><\/tr><tr><td>5<\/td><td>go<\/td><td>\u3054<\/td><\/tr><tr><td>6<\/td><td>roku<\/td><td>\u308d\u304f<\/td><\/tr><tr><td>7<\/td><td>shichi<\/td><td>\u3057\u3061<\/td><\/tr><tr><td>8<\/td><td>hachi<\/td><td>\u306f\u3061<\/td><\/tr><tr><td>9<\/td><td>kyuu<\/td><td>\u304d\u3085\u3046<\/td><\/tr><tr><td>10<\/td><td>juu<\/td><td>\u3058\u3085\u3046<\/td><\/tr><\/tbody><\/table><\/figure>\n<\/div>\n<\/div>\n\n\n\n<div class=\"wp-block-columns is-layout-flex wp-container-core-columns-is-layout-2 wp-block-columns-is-layout-flex\">\n<div class=\"wp-block-column is-layout-flow wp-block-column-is-layout-flow\">\n<p><strong>Technika<\/strong><\/p>\n<\/div>\n\n\n\n<div class=\"wp-block-column is-layout-flow wp-block-column-is-layout-flow\">\n<p><strong>S\u0142ownictwo<\/strong><\/p>\n<\/div>\n\n\n\n<div class=\"wp-block-column is-layout-flow wp-block-column-is-layout-flow\">\n<p><strong>Wideo<\/strong><\/p>\n<\/div>\n<\/div>\n\n\n\n<div class=\"wp-block-columns is-layout-flex wp-container-core-columns-is-layout-3 wp-block-columns-is-layout-flex\">\n<div class=\"wp-block-column is-layout-flow wp-block-column-is-layout-flow\">\n<p><strong>Tachi waza gyaku hanmi uchi kaiten nage (omote, ura)<\/strong><\/p>\n<\/div>\n\n\n\n<div class=\"wp-block-column is-layout-flow wp-block-column-is-layout-flow\">\n<p><strong>Tachi waza<\/strong> &#8211; pozycja stoj\u0105ca<br><strong>Gyaku hanmi<\/strong> &#8211; pozycja przeciwna(lewa\/prawa; prawa\/lewa)<br><strong>Uchi <\/strong> &#8211; w \u015brodku<br><strong>Kaiten <\/strong>&#8211; obraca\u0107<br><strong>Nage<\/strong> &#8211; rzuca\u0107<br><strong>Omote<\/strong> &#8211; wersja z wej\u015bciem do przodu<br><strong>Ura <\/strong>&#8211; wersja z przepuszczeniem, z wej\u015bciem za plecy.<\/p>\n<\/div>\n\n\n\n<div class=\"wp-block-column is-layout-flow wp-block-column-is-layout-flow\">\n<figure class=\"wp-block-video\"><video controls src=\"https:\/\/wroclawaikikai.pl\/wp-content\/uploads\/2022\/11\/uchi-kaiten-nage.mov\"><\/video><\/figure>\n<\/div>\n<\/div>\n\n\n\n<div class=\"wp-block-columns is-layout-flex wp-container-core-columns-is-layout-4 wp-block-columns-is-layout-flex\">\n<div class=\"wp-block-column is-layout-flow wp-block-column-is-layout-flow\">\n<p><strong>Tachi waza gyaku hanmi soto kaiten nage (omote, ura)<\/strong><\/p>\n<\/div>\n\n\n\n<div class=\"wp-block-column is-layout-flow wp-block-column-is-layout-flow\">\n<p><strong>Tachi waza<\/strong> &#8211; pozycja stoj\u0105ca<br><strong>Gyaku hanmi<\/strong> &#8211; pozycja przeciwna(lewa\/prawa; prawa\/lewa)<br><strong>Soto<\/strong> &#8211; na zewn\u0105trz<br><strong>Kaiten <\/strong>&#8211; obraca\u0107<br><strong>Nage<\/strong> &#8211; rzuca\u0107<br><strong>Omote<\/strong> &#8211; wersja z wej\u015bciem do przodu<br><strong>Ura <\/strong>&#8211; wersja z przepuszczeniem, z wej\u015bciem za plecy.<\/p>\n<\/div>\n\n\n\n<div class=\"wp-block-column is-layout-flow wp-block-column-is-layout-flow\">\n<figure class=\"wp-block-video\"><video controls src=\"https:\/\/wroclawaikikai.pl\/wp-content\/uploads\/2022\/11\/soto-kaiten-nage.mp4\"><\/video><\/figure>\n<\/div>\n<\/div>\n\n\n\n<div class=\"wp-block-columns is-layout-flex wp-container-core-columns-is-layout-5 wp-block-columns-is-layout-flex\">\n<div class=\"wp-block-column is-layout-flow wp-block-column-is-layout-flow\">\n<p><strong>Tachi waza gyaku hanmi shiho nage (omote, ura)<\/strong><\/p>\n<\/div>\n\n\n\n<div class=\"wp-block-column is-layout-flow wp-block-column-is-layout-flow\">\n<p><strong>Tachi waza<\/strong> &#8211; pozycja stoj\u0105ca<br><strong>Gyaku hanmi<\/strong> &#8211; pozycja przeciwna(lewa\/prawa; prawa\/lewa)<br><strong>Shiho nage<\/strong> &#8211; rzut czterech kierunk\u00f3w<br><strong>Omote<\/strong> &#8211; wersja z wej\u015bciem do przodu<br><strong>Ura <\/strong>&#8211; wersja z przepuszczeniem, z wej\u015bciem za plecy.<\/p>\n<\/div>\n\n\n\n<div class=\"wp-block-column is-layout-flow wp-block-column-is-layout-flow\">\n<figure class=\"wp-block-video\"><video controls src=\"https:\/\/wroclawaikikai.pl\/wp-content\/uploads\/2022\/11\/shiho-nage-1.mp4\"><\/video><\/figure>\n<\/div>\n<\/div>\n\n\n\n<div class=\"wp-block-columns is-layout-flex wp-container-core-columns-is-layout-6 wp-block-columns-is-layout-flex\">\n<div class=\"wp-block-column is-layout-flow wp-block-column-is-layout-flow\">\n<p><strong>Tachi waza ai hanmi ikkyo (omote, ura)<\/strong><\/p>\n<\/div>\n\n\n\n<div class=\"wp-block-column is-layout-flow wp-block-column-is-layout-flow\">\n<p><strong>Tachi waza<\/strong> &#8211; pozycja stoj\u0105ca<br><strong>Ai hanmi &#8211; <\/strong>uchwyt za zgodny nadgarstek &#8211; prawa\/prawa; lewa\/lewa.<br><strong>Ikkyo<\/strong> (dos\u0142. pierwsze nieruchomienie) &#8211; d\u017awignia na \u0142okie\u0107)<br><strong>Omote<\/strong> &#8211; wersja z wej\u015bciem do przodu<br><strong>Ura <\/strong>&#8211; wersja z przepuszczeniem, z wej\u015bciem za plecy.<\/p>\n<\/div>\n\n\n\n<div class=\"wp-block-column is-layout-flow wp-block-column-is-layout-flow\">\n<figure class=\"wp-block-video\"><video controls src=\"https:\/\/wroclawaikikai.pl\/wp-content\/uploads\/2022\/11\/ai-hanmi-ikkyo.mp4\"><\/video><\/figure>\n<\/div>\n<\/div>\n\n\n\n<div class=\"wp-block-columns is-layout-flex wp-container-core-columns-is-layout-7 wp-block-columns-is-layout-flex\">\n<div class=\"wp-block-column is-layout-flow wp-block-column-is-layout-flow\">\n<p><strong>Tachi waza shomen uchi ikkyo (omote, ura)<\/strong><\/p>\n<\/div>\n\n\n\n<div class=\"wp-block-column is-layout-flow wp-block-column-is-layout-flow\">\n<p><strong>Tachi waza<\/strong> &#8211; pozycja stoj\u0105ca<br><strong>Shomen uchi &#8211; <\/strong>pionowe ci\u0119cie r\u0119k\u0105. Atak pochodzi od ci\u0119cia mieczem. <br><strong>Ikkyo<\/strong> (dos\u0142. pierwsze nieruchomienie) &#8211; d\u017awignia na \u0142okie\u0107)<br><strong>Omote<\/strong> &#8211; wersja z wej\u015bciem do przodu<br><strong>Ura <\/strong>&#8211; wersja z przepuszczeniem, z wej\u015bciem za plecy.<\/p>\n<\/div>\n\n\n\n<div class=\"wp-block-column is-layout-flow wp-block-column-is-layout-flow\">\n<figure class=\"wp-block-video\"><video controls src=\"https:\/\/wroclawaikikai.pl\/wp-content\/uploads\/2022\/11\/shomen-uchi-ikkyo.mp4\"><\/video><\/figure>\n<\/div>\n<\/div>\n\n\n\n<div class=\"wp-block-columns is-layout-flex wp-container-core-columns-is-layout-8 wp-block-columns-is-layout-flex\">\n<div class=\"wp-block-column is-layout-flow wp-block-column-is-layout-flow\">\n<p><strong>Suwari waza shomen uchi ikkyo (omote, ura)<\/strong><\/p>\n<\/div>\n\n\n\n<div class=\"wp-block-column is-layout-flow wp-block-column-is-layout-flow\">\n<p><strong>Suwari waza<\/strong> &#8211; pozycja kl\u0119cz\u0105ca<br><strong>Shomen uchi &#8211; <\/strong>pionowe ci\u0119cie r\u0119k\u0105. Atak pochodzi od ci\u0119cia mieczem.<br><strong>Ikkyo<\/strong> (dos\u0142. pierwsze nieruchomienie) &#8211; d\u017awignia na \u0142okie\u0107)<br><strong>Omote<\/strong> &#8211; wersja z wej\u015bciem do przodu<br><strong>Ura <\/strong>&#8211; wersja z przepuszczeniem, z wej\u015bciem za plecy.<\/p>\n<\/div>\n\n\n\n<div class=\"wp-block-column is-layout-flow wp-block-column-is-layout-flow\">\n<figure class=\"wp-block-video\"><video controls src=\"https:\/\/wroclawaikikai.pl\/wp-content\/uploads\/2022\/11\/shomen-uchi-ikkyo-sw.mp4\"><\/video><\/figure>\n<\/div>\n<\/div>\n\n\n\n<div class=\"wp-block-columns is-layout-flex wp-container-core-columns-is-layout-9 wp-block-columns-is-layout-flex\">\n<div class=\"wp-block-column is-layout-flow wp-block-column-is-layout-flow\">\n<p><strong>Suwari waza ryote dori kokyu ho<\/strong><\/p>\n<\/div>\n\n\n\n<div class=\"wp-block-column is-layout-flow wp-block-column-is-layout-flow\">\n<p><strong>Suwari waza<\/strong> &#8211; pozycja kl\u0119cz\u0105ca<br><strong>Ryote dori<\/strong> &#8211; uchwyt za dwa nadgarstki<br><strong>Kokyu<\/strong> &#8211; oddycha\u0107<br><strong>Ho<\/strong> &#8211; metoda<\/p>\n<\/div>\n\n\n\n<div class=\"wp-block-column is-layout-flow wp-block-column-is-layout-flow\">\n<figure class=\"wp-block-video\"><video controls src=\"https:\/\/wroclawaikikai.pl\/wp-content\/uploads\/2022\/11\/kokyu-ho-sw.mp4\"><\/video><\/figure>\n<\/div>\n<\/div>","protected":false},"excerpt":{"rendered":"<p>Materia\u0142y filmowe maj\u0105 jedynie pom\u00f3c w powt\u00f3rce i usystematyzowaniu wiedzy. Podstawowa praca musi by\u0107 wykonana w dojo w czasie regularnych zaj\u0119\u0107. Wymagane umiej\u0119tno\u015bci:Liczenie do 10&hellip; <\/p>","protected":false},"author":2,"featured_media":0,"parent":0,"menu_order":0,"comment_status":"closed","ping_status":"closed","template":"","meta":{"footnotes":""},"class_list":["post-2319","page","type-page","status-publish","hentry"],"_links":{"self":[{"href":"https:\/\/wroclawaikikai.pl\/en\/wp-json\/wp\/v2\/pages\/2319"}],"collection":[{"href":"https:\/\/wroclawaikikai.pl\/en\/wp-json\/wp\/v2\/pages"}],"about":[{"href":"https:\/\/wroclawaikikai.pl\/en\/wp-json\/wp\/v2\/types\/page"}],"author":[{"embeddable":true,"href":"https:\/\/wroclawaikikai.pl\/en\/wp-json\/wp\/v2\/users\/2"}],"replies":[{"embeddable":true,"href":"https:\/\/wroclawaikikai.pl\/en\/wp-json\/wp\/v2\/comments?post=2319"}],"version-history":[{"count":0,"href":"https:\/\/wroclawaikikai.pl\/en\/wp-json\/wp\/v2\/pages\/2319\/revisions"}],"wp:attachment":[{"href":"https:\/\/wroclawaikikai.pl\/en\/wp-json\/wp\/v2\/media?parent=2319"}],"curies":[{"name":"wp","href":"https:\/\/api.w.org\/{rel}","templated":true}]}}