{"id":1961,"date":"2022-01-28T16:27:10","date_gmt":"2022-01-28T15:27:10","guid":{"rendered":"https:\/\/wroclawaikikai.pl\/?page_id=1961"},"modified":"2024-02-22T07:07:46","modified_gmt":"2024-02-22T06:07:46","slug":"jenny-flower-sensei-zajecia-sobotnie","status":"publish","type":"page","link":"https:\/\/wroclawaikikai.pl\/en\/jenny-flower-sensei-zajecia-sobotnie\/","title":{"rendered":"SWFIS Politechniki Wroc\u0142awskiej"},"content":{"rendered":"<h2 class=\"wp-block-heading has-text-align-left has-large-font-size\" id=\"drodzy-przyjaciele-w-zwiazku-z-aktualna-sytuacja-zmuszeni-jestesmy-do-zachowania-w-czasie-stazu-szczegolnej-ostroznosci-zajecia-sobotnie-9-00-12-00-i-16-30-18-00-zostaja-przeniesione-do-nowej-sali-sztuk-walki-w-studium-wf-politechniki-wr-przy-ul-chelmonskiego-16-zajecia-niedzielne-odbywaja-sie-w-dojo-ul-hubskiej-20-osoby-pewne-swojego-udzialu-w-stazu-prosimy-o-zarejestrowanie-przycisk-ponizej\"><\/h2>\n\n\n\n<div class=\"wp-block-buttons is-layout-flex wp-block-buttons-is-layout-flex\">\n<div class=\"wp-block-button\"><a class=\"wp-block-button__link wp-element-button\" href=\"https:\/\/docs.google.com\/forms\/d\/e\/1FAIpQLSfJtQxAqkeLyZ2BXCAs8nktelYUib1oReivvvKIxe9lwrze5Q\/viewform\">Zarejestruj si\u0119 <\/a><\/div>\n<\/div>\n\n\n\n<div class=\"wp-block-columns is-layout-flex wp-container-core-columns-is-layout-1 wp-block-columns-is-layout-flex\">\n<div class=\"wp-block-column is-layout-flow wp-block-column-is-layout-flow\">\n<h3 class=\"wp-block-heading\" id=\"block-b848833c-8482-430f-ae1e-644c222a5db0\"><\/h3>\n\n\n<\/div>\n<\/div>\n\n\n\n<h2 class=\"wp-block-heading\" id=\"nowy-budynek-swfis-pwr-ul-chelmonskiego-16zasady-poruszania-sie\">NOWY BUDYNEK SWFIS PWR UL. CHE\u0141MO\u0143SKIEGO 16<br>ZASADY PORUSZANIA SI\u0118<br><\/h2>\n\n\n\n<div class=\"wp-block-columns is-layout-flex wp-container-core-columns-is-layout-2 wp-block-columns-is-layout-flex\">\n<div class=\"wp-block-column is-layout-flow wp-block-column-is-layout-flow\">\n<figure class=\"wp-block-image size-full\"><img loading=\"lazy\" decoding=\"async\" width=\"960\" height=\"720\" src=\"https:\/\/wroclawaikikai.pl\/wp-content\/uploads\/2021\/12\/262996036_205808418292912_5373027872847852834_n.jpg\" alt=\"\" class=\"wp-image-1857\" srcset=\"https:\/\/wroclawaikikai.pl\/wp-content\/uploads\/2021\/12\/262996036_205808418292912_5373027872847852834_n.jpg 960w, https:\/\/wroclawaikikai.pl\/wp-content\/uploads\/2021\/12\/262996036_205808418292912_5373027872847852834_n-300x225.jpg 300w, https:\/\/wroclawaikikai.pl\/wp-content\/uploads\/2021\/12\/262996036_205808418292912_5373027872847852834_n-768x576.jpg 768w, https:\/\/wroclawaikikai.pl\/wp-content\/uploads\/2021\/12\/262996036_205808418292912_5373027872847852834_n-16x12.jpg 16w, https:\/\/wroclawaikikai.pl\/wp-content\/uploads\/2021\/12\/262996036_205808418292912_5373027872847852834_n-400x300.jpg 400w\" sizes=\"(max-width: 960px) 100vw, 960px\" \/><\/figure>\n<\/div>\n\n\n\n<div class=\"wp-block-column is-layout-flow wp-block-column-is-layout-flow\">\n<p><\/p>\n\n\n\n<p>Do Studium wje\u017cd\u017camy\/wchodzimy PIERWSZ\u0104 BRAM\u0104 na ul. Che\u0142mo\u0144skiego (od ul. Wr\u00f3blewskiego\/ Olszewskiego)<\/p>\n<\/div>\n<\/div>\n\n\n\n<div class=\"wp-block-columns is-layout-flex wp-container-core-columns-is-layout-3 wp-block-columns-is-layout-flex\">\n<div class=\"wp-block-column is-layout-flow wp-block-column-is-layout-flow\">\n<figure class=\"wp-block-image size-full\"><img loading=\"lazy\" decoding=\"async\" width=\"816\" height=\"612\" src=\"https:\/\/wroclawaikikai.pl\/wp-content\/uploads\/2021\/12\/262708903_967190034214341_5451464184135861307_n.jpg\" alt=\"\" class=\"wp-image-1856\" srcset=\"https:\/\/wroclawaikikai.pl\/wp-content\/uploads\/2021\/12\/262708903_967190034214341_5451464184135861307_n.jpg 816w, https:\/\/wroclawaikikai.pl\/wp-content\/uploads\/2021\/12\/262708903_967190034214341_5451464184135861307_n-300x225.jpg 300w, https:\/\/wroclawaikikai.pl\/wp-content\/uploads\/2021\/12\/262708903_967190034214341_5451464184135861307_n-768x576.jpg 768w, https:\/\/wroclawaikikai.pl\/wp-content\/uploads\/2021\/12\/262708903_967190034214341_5451464184135861307_n-16x12.jpg 16w, https:\/\/wroclawaikikai.pl\/wp-content\/uploads\/2021\/12\/262708903_967190034214341_5451464184135861307_n-400x300.jpg 400w\" sizes=\"(max-width: 816px) 100vw, 816px\" \/><\/figure>\n<\/div>\n\n\n\n<div class=\"wp-block-column is-layout-flow wp-block-column-is-layout-flow\">\n<p><\/p>\n\n\n\n<p>Samochody zostawiamy na parkingu po prawej stronie budynku.<\/p>\n<\/div>\n<\/div>\n\n\n\n<div class=\"wp-block-columns is-layout-flex wp-container-core-columns-is-layout-4 wp-block-columns-is-layout-flex\">\n<div class=\"wp-block-column is-layout-flow wp-block-column-is-layout-flow\">\n<figure class=\"wp-block-image size-full\"><img loading=\"lazy\" decoding=\"async\" width=\"816\" height=\"612\" src=\"https:\/\/wroclawaikikai.pl\/wp-content\/uploads\/2021\/12\/263056012_864868874195369_1459429426302780037_n.jpg\" alt=\"\" class=\"wp-image-1855\" srcset=\"https:\/\/wroclawaikikai.pl\/wp-content\/uploads\/2021\/12\/263056012_864868874195369_1459429426302780037_n.jpg 816w, https:\/\/wroclawaikikai.pl\/wp-content\/uploads\/2021\/12\/263056012_864868874195369_1459429426302780037_n-300x225.jpg 300w, https:\/\/wroclawaikikai.pl\/wp-content\/uploads\/2021\/12\/263056012_864868874195369_1459429426302780037_n-768x576.jpg 768w, https:\/\/wroclawaikikai.pl\/wp-content\/uploads\/2021\/12\/263056012_864868874195369_1459429426302780037_n-16x12.jpg 16w, https:\/\/wroclawaikikai.pl\/wp-content\/uploads\/2021\/12\/263056012_864868874195369_1459429426302780037_n-400x300.jpg 400w\" sizes=\"(max-width: 816px) 100vw, 816px\" \/><\/figure>\n<\/div>\n\n\n\n<div class=\"wp-block-column is-layout-flow wp-block-column-is-layout-flow\">\n<p><\/p>\n\n\n\n<p>Wej\u015bcie do budynku mie\u015bci si\u0119 przy parkingu<\/p>\n<\/div>\n<\/div>\n\n\n\n<div class=\"wp-block-columns is-layout-flex wp-container-core-columns-is-layout-5 wp-block-columns-is-layout-flex\">\n<div class=\"wp-block-column is-layout-flow wp-block-column-is-layout-flow\">\n<figure class=\"wp-block-image size-full\"><img loading=\"lazy\" decoding=\"async\" width=\"816\" height=\"612\" src=\"https:\/\/wroclawaikikai.pl\/wp-content\/uploads\/2021\/12\/262671885_1081991049301264_5697028949761928172_n.jpg\" alt=\"\" class=\"wp-image-1854\" srcset=\"https:\/\/wroclawaikikai.pl\/wp-content\/uploads\/2021\/12\/262671885_1081991049301264_5697028949761928172_n.jpg 816w, https:\/\/wroclawaikikai.pl\/wp-content\/uploads\/2021\/12\/262671885_1081991049301264_5697028949761928172_n-300x225.jpg 300w, https:\/\/wroclawaikikai.pl\/wp-content\/uploads\/2021\/12\/262671885_1081991049301264_5697028949761928172_n-768x576.jpg 768w, https:\/\/wroclawaikikai.pl\/wp-content\/uploads\/2021\/12\/262671885_1081991049301264_5697028949761928172_n-16x12.jpg 16w, https:\/\/wroclawaikikai.pl\/wp-content\/uploads\/2021\/12\/262671885_1081991049301264_5697028949761928172_n-400x300.jpg 400w\" sizes=\"(max-width: 816px) 100vw, 816px\" \/><\/figure>\n<\/div>\n\n\n\n<div class=\"wp-block-column is-layout-flow wp-block-column-is-layout-flow\">\n<p><\/p>\n\n\n\n<p>Po wej\u015bciu do budynku za portierni\u0105 <span style=\"background-color:rgba(0, 0, 0, 0)\" class=\"has-inline-color has-vivid-red-color\">OD RAZU SKR\u0118CAMY W LEWO I WCHODZIMY PO SCHODACH NA 1 PI\u0118TRO.  <\/span><br>Kierujemy si\u0119 do Sali Sztuk Walki D<span style=\"background-color:rgba(0, 0, 0, 0)\" class=\"has-inline-color has-vivid-red-color\"><br><\/span><\/p>\n<\/div>\n<\/div>\n\n\n\n<div class=\"wp-block-columns is-layout-flex wp-container-core-columns-is-layout-6 wp-block-columns-is-layout-flex\">\n<div class=\"wp-block-column is-layout-flow wp-block-column-is-layout-flow\">\n<figure class=\"wp-block-image size-full\"><img loading=\"lazy\" decoding=\"async\" width=\"816\" height=\"612\" src=\"https:\/\/wroclawaikikai.pl\/wp-content\/uploads\/2021\/12\/262763764_198133295841385_2265865550133042248_n.jpg\" alt=\"\" class=\"wp-image-1851\" srcset=\"https:\/\/wroclawaikikai.pl\/wp-content\/uploads\/2021\/12\/262763764_198133295841385_2265865550133042248_n.jpg 816w, https:\/\/wroclawaikikai.pl\/wp-content\/uploads\/2021\/12\/262763764_198133295841385_2265865550133042248_n-300x225.jpg 300w, https:\/\/wroclawaikikai.pl\/wp-content\/uploads\/2021\/12\/262763764_198133295841385_2265865550133042248_n-768x576.jpg 768w, https:\/\/wroclawaikikai.pl\/wp-content\/uploads\/2021\/12\/262763764_198133295841385_2265865550133042248_n-16x12.jpg 16w, https:\/\/wroclawaikikai.pl\/wp-content\/uploads\/2021\/12\/262763764_198133295841385_2265865550133042248_n-400x300.jpg 400w\" sizes=\"(max-width: 816px) 100vw, 816px\" \/><\/figure>\n<\/div>\n\n\n\n<div class=\"wp-block-column is-layout-flow wp-block-column-is-layout-flow\">\n<p><\/p>\n\n\n\n<p>Bezpo\u015brednio przed sal\u0105 rozlokowany b\u0119dzie punkt rejestracyjny, z kt\u00f3rego zostaniecie skierowani do szatni i dojo. <br>Zapraszamy.  <\/p>\n<\/div>\n<\/div>\n\n\n\n<p class=\"has-text-align-center\"><mark style=\"background-color:rgba(0, 0, 0, 0)\" class=\"has-inline-color has-luminous-vivid-orange-color\">Op\u0142aty przed seminarium. <\/mark><\/p>","protected":false},"excerpt":{"rendered":"<p>NOWY BUDYNEK SWFIS PWR UL. CHE\u0141MO\u0143SKIEGO 16ZASADY PORUSZANIA SI\u0118 Do Studium wje\u017cd\u017camy\/wchodzimy PIERWSZ\u0104 BRAM\u0104 na ul. Che\u0142mo\u0144skiego (od ul. Wr\u00f3blewskiego\/ Olszewskiego) Samochody zostawiamy na parkingu&hellip; <\/p>","protected":false},"author":2,"featured_media":0,"parent":0,"menu_order":0,"comment_status":"closed","ping_status":"closed","template":"","meta":{"footnotes":""},"class_list":["post-1961","page","type-page","status-publish","hentry"],"_links":{"self":[{"href":"https:\/\/wroclawaikikai.pl\/en\/wp-json\/wp\/v2\/pages\/1961"}],"collection":[{"href":"https:\/\/wroclawaikikai.pl\/en\/wp-json\/wp\/v2\/pages"}],"about":[{"href":"https:\/\/wroclawaikikai.pl\/en\/wp-json\/wp\/v2\/types\/page"}],"author":[{"embeddable":true,"href":"https:\/\/wroclawaikikai.pl\/en\/wp-json\/wp\/v2\/users\/2"}],"replies":[{"embeddable":true,"href":"https:\/\/wroclawaikikai.pl\/en\/wp-json\/wp\/v2\/comments?post=1961"}],"version-history":[{"count":0,"href":"https:\/\/wroclawaikikai.pl\/en\/wp-json\/wp\/v2\/pages\/1961\/revisions"}],"wp:attachment":[{"href":"https:\/\/wroclawaikikai.pl\/en\/wp-json\/wp\/v2\/media?parent=1961"}],"curies":[{"name":"wp","href":"https:\/\/api.w.org\/{rel}","templated":true}]}}