{"id":1570,"date":"2021-04-15T00:11:02","date_gmt":"2021-04-14T22:11:02","guid":{"rendered":"http:\/\/wroclawaikikai.pl\/nowa\/?page_id=1570"},"modified":"2024-04-12T22:58:05","modified_gmt":"2024-04-12T20:58:05","slug":"zywe-dojo-biuletyn","status":"publish","type":"page","link":"https:\/\/wroclawaikikai.pl\/en\/wesprzyj-nas\/zywe-dojo-biuletyn\/","title":{"rendered":"\u017bywe Dojo &#8211; biuletyn"},"content":{"rendered":"<p>Nasz biuletyn to kolejna aktywno\u015b\u0107 dojo. Zapraszamy do lektury i wsparcia naszego dojo!<br><\/p>\n\n\n\n<div class=\"wp-block-buttons is-layout-flex wp-block-buttons-is-layout-flex\">\n<div class=\"wp-block-button\"><a class=\"wp-block-button__link wp-element-button\" href=\"https:\/\/wroclawaikikai.pl\/en\/patroni-wroclaw-aikikai\/\">Wesprzyj dojo!<\/a><\/div>\n<\/div>\n\n\n\n<div class=\"wp-block-columns are-vertically-aligned-bottom is-layout-flex wp-container-core-columns-is-layout-2 wp-block-columns-is-layout-flex\">\n<div class=\"wp-block-column is-vertically-aligned-bottom is-layout-flow wp-block-column-is-layout-flow\" style=\"flex-basis:33.33%\"><div class=\"wp-block-image\">\n<figure class=\"alignright size-full\"><img loading=\"lazy\" decoding=\"async\" width=\"397\" height=\"561\" src=\"https:\/\/wroclawaikikai.pl\/wp-content\/uploads\/2024\/04\/2024-1.png\" alt=\"\" class=\"wp-image-3281\" srcset=\"https:\/\/wroclawaikikai.pl\/wp-content\/uploads\/2024\/04\/2024-1.png 397w, https:\/\/wroclawaikikai.pl\/wp-content\/uploads\/2024\/04\/2024-1-212x300.png 212w, https:\/\/wroclawaikikai.pl\/wp-content\/uploads\/2024\/04\/2024-1-8x12.png 8w\" sizes=\"(max-width: 397px) 100vw, 397px\" \/><\/figure><\/div><\/div>\n\n\n\n<div class=\"wp-block-column is-vertically-aligned-bottom is-layout-flow wp-block-column-is-layout-flow\" style=\"flex-basis:66.66%\">\n<div class=\"wp-block-columns is-layout-flex wp-container-core-columns-is-layout-1 wp-block-columns-is-layout-flex\">\n<div class=\"wp-block-column is-layout-flow wp-block-column-is-layout-flow\" style=\"flex-basis:100%\">\n<p><strong>\u017bywe Dojo nr 01\/2024<\/strong><\/p>\n\n\n\n<div class=\"wp-block-group\"><div class=\"wp-block-group__inner-container is-layout-flow wp-block-group-is-layout-flow\">\n<ul class=\"wp-block-list\" start=\"8\">\n<li>Wst\u0119p<\/li>\n\n\n\n<li>Aikido Ekologia<\/li>\n\n\n\n<li>&#8230;drewniani Buddowie nie mog\u0105<\/li>\n\n\n\n<li>Napisz mi tekst<\/li>\n\n\n\n<li>Brat<\/li>\n\n\n\n<li>Aikido Las Patologia<\/li>\n\n\n\n<li>Sierra Nevada<\/li>\n\n\n\n<li>Drewno<\/li>\n\n\n\n<li>Gra zmys\u0142\u00f3w<\/li>\n\n\n\n<li>Ci\u0119cie<\/li>\n\n\n\n<li>S\u0119ki<\/li>\n<\/ul>\n<\/div><\/div>\n<\/div>\n<\/div>\n\n\n\n<div class=\"wp-block-buttons is-horizontal is-content-justification-left is-layout-flex wp-container-core-buttons-is-layout-2 wp-block-buttons-is-layout-flex\">\n<div class=\"wp-block-button\"><a class=\"wp-block-button__link has-background wp-element-button\" href=\"https:\/\/wroclawaikikai.pl\/en\/wesprzyj-nas\/zywe-dojo-biuletyn\/biuletyn-zywe-dojo-1-2024\/\" style=\"border-radius:3px;background-color:#e8b46d\">Czytaj online<\/a><\/div>\n\n\n\n<div class=\"wp-block-button\"><a class=\"wp-block-button__link has-vivid-red-background-color has-background wp-element-button\" href=\"https:\/\/pomagam.pl\/eafcfwrf\" style=\"border-radius:2px\" target=\"_blank\" rel=\"noreferrer noopener\">Wesprzyj<\/a><\/div>\n<\/div>\n<\/div>\n<\/div>\n\n\n\n<div class=\"wp-block-columns are-vertically-aligned-bottom is-layout-flex wp-container-core-columns-is-layout-4 wp-block-columns-is-layout-flex\">\n<div class=\"wp-block-column is-vertically-aligned-bottom is-layout-flow wp-block-column-is-layout-flow\" style=\"flex-basis:33.33%\">\n<figure class=\"wp-block-image size-full\"><a href=\"https:\/\/wroclawaikikai.pl\/en\/wesprzyj-nas\/zywe-dojo-biuletyn\/living-dojo-4-2021\/\"><img loading=\"lazy\" decoding=\"async\" width=\"572\" height=\"801\" src=\"https:\/\/wroclawaikikai.pl\/wp-content\/uploads\/2021\/12\/living-dojo.jpg\" alt=\"\" class=\"wp-image-1904\" srcset=\"https:\/\/wroclawaikikai.pl\/wp-content\/uploads\/2021\/12\/living-dojo.jpg 572w, https:\/\/wroclawaikikai.pl\/wp-content\/uploads\/2021\/12\/living-dojo-214x300.jpg 214w, https:\/\/wroclawaikikai.pl\/wp-content\/uploads\/2021\/12\/living-dojo-9x12.jpg 9w, https:\/\/wroclawaikikai.pl\/wp-content\/uploads\/2021\/12\/living-dojo-400x560.jpg 400w\" sizes=\"(max-width: 572px) 100vw, 572px\" \/><\/a><\/figure>\n<\/div>\n\n\n\n<div class=\"wp-block-column is-vertically-aligned-bottom is-layout-flow wp-block-column-is-layout-flow\" style=\"flex-basis:66.66%\">\n<div class=\"wp-block-columns is-layout-flex wp-container-core-columns-is-layout-3 wp-block-columns-is-layout-flex\">\n<div class=\"wp-block-column is-layout-flow wp-block-column-is-layout-flow\" style=\"flex-basis:100%\">\n<p><strong><strong>Living Dojo EN 04\/2021<\/strong><\/strong><\/p>\n\n\n\n<div class=\"wp-block-group\"><div class=\"wp-block-group__inner-container is-layout-flow wp-block-group-is-layout-flow\">\n<ul class=\"wp-block-list\" start=\"8\">\n<li>Breaking shell<\/li>\n<\/ul>\n\n\n\n<p><\/p>\n\n\n\n<p><\/p>\n\n\n\n<p><\/p>\n\n\n\n<p><\/p>\n\n\n\n<p><\/p>\n<\/div><\/div>\n<\/div>\n<\/div>\n\n\n\n<div class=\"wp-block-buttons is-horizontal is-content-justification-left is-layout-flex wp-container-core-buttons-is-layout-3 wp-block-buttons-is-layout-flex\">\n<div class=\"wp-block-button\"><a class=\"wp-block-button__link has-background wp-element-button\" href=\"https:\/\/wroclawaikikai.pl\/en\/wesprzyj-nas\/zywe-dojo-biuletyn\/living-dojo-4-2021\/\" style=\"border-radius:3px;background-color:#e8b46d\">Read online<\/a><\/div>\n\n\n\n<div class=\"wp-block-button\"><a class=\"wp-block-button__link has-vivid-red-background-color has-background wp-element-button\" href=\"https:\/\/pomagam.pl\/eafcfwrf\" style=\"border-radius:2px\" target=\"_blank\" rel=\"noreferrer noopener\">Support us!<\/a><\/div>\n<\/div>\n\n\n\n<p><\/p>\n<\/div>\n<\/div>\n\n\n\n<div class=\"wp-block-columns are-vertically-aligned-bottom is-layout-flex wp-container-core-columns-is-layout-6 wp-block-columns-is-layout-flex\">\n<div class=\"wp-block-column is-vertically-aligned-bottom is-layout-flow wp-block-column-is-layout-flow\" style=\"flex-basis:33.33%\">\n<figure class=\"wp-block-image size-full\"><img loading=\"lazy\" decoding=\"async\" width=\"568\" height=\"802\" src=\"https:\/\/wroclawaikikai.pl\/wp-content\/uploads\/2021\/12\/1.jpg\" alt=\"\" class=\"wp-image-1880\" srcset=\"https:\/\/wroclawaikikai.pl\/wp-content\/uploads\/2021\/12\/1.jpg 568w, https:\/\/wroclawaikikai.pl\/wp-content\/uploads\/2021\/12\/1-212x300.jpg 212w, https:\/\/wroclawaikikai.pl\/wp-content\/uploads\/2021\/12\/1-8x12.jpg 8w, https:\/\/wroclawaikikai.pl\/wp-content\/uploads\/2021\/12\/1-400x565.jpg 400w\" sizes=\"(max-width: 568px) 100vw, 568px\" \/><\/figure>\n<\/div>\n\n\n\n<div class=\"wp-block-column is-vertically-aligned-bottom is-layout-flow wp-block-column-is-layout-flow\" style=\"flex-basis:66.66%\">\n<div class=\"wp-block-columns is-layout-flex wp-container-core-columns-is-layout-5 wp-block-columns-is-layout-flex\">\n<div class=\"wp-block-column is-layout-flow wp-block-column-is-layout-flow\" style=\"flex-basis:100%\">\n<p><strong>\u017bywe Dojo PL  nr 04\/2021<\/strong><\/p>\n\n\n\n<div class=\"wp-block-group\"><div class=\"wp-block-group__inner-container is-layout-flow wp-block-group-is-layout-flow\">\n<ul class=\"wp-block-list\" start=\"8\">\n<li>Skorupa<\/li>\n\n\n\n<li>I co wysz\u0142o ze \u015brodka?<\/li>\n<\/ul>\n\n\n\n<p><\/p>\n\n\n\n<p><\/p>\n\n\n\n<p><\/p>\n\n\n\n<p><\/p>\n\n\n\n<p><\/p>\n<\/div><\/div>\n<\/div>\n<\/div>\n\n\n\n<div class=\"wp-block-buttons is-horizontal is-content-justification-left is-layout-flex wp-container-core-buttons-is-layout-4 wp-block-buttons-is-layout-flex\">\n<div class=\"wp-block-button\"><a class=\"wp-block-button__link has-background wp-element-button\" href=\"https:\/\/wroclawaikikai.pl\/en\/wesprzyj-nas\/zywe-dojo-biuletyn\/biuletyn-zywe-dojo-4-2021\/\" style=\"border-radius:3px;background-color:#e8b46d\">Czytaj online<\/a><\/div>\n\n\n\n<div class=\"wp-block-button\"><a class=\"wp-block-button__link has-vivid-red-background-color has-background wp-element-button\" href=\"https:\/\/pomagam.pl\/eafcfwrf\" style=\"border-radius:2px\" target=\"_blank\" rel=\"noreferrer noopener\">Wesprzyj<\/a><\/div>\n<\/div>\n<\/div>\n<\/div>\n\n\n\n<div class=\"wp-block-columns are-vertically-aligned-bottom is-layout-flex wp-container-core-columns-is-layout-8 wp-block-columns-is-layout-flex\">\n<div class=\"wp-block-column is-vertically-aligned-bottom is-layout-flow wp-block-column-is-layout-flow\" style=\"flex-basis:33.33%\"><div class=\"wp-block-image\">\n<figure class=\"alignright size-large\"><img loading=\"lazy\" decoding=\"async\" width=\"556\" height=\"784\" src=\"https:\/\/wroclawaikikai.pl\/wp-content\/uploads\/2021\/03\/zywe3.jpg\" alt=\"\" class=\"wp-image-525\" srcset=\"https:\/\/wroclawaikikai.pl\/wp-content\/uploads\/2021\/03\/zywe3.jpg 556w, https:\/\/wroclawaikikai.pl\/wp-content\/uploads\/2021\/03\/zywe3-213x300.jpg 213w\" sizes=\"(max-width: 556px) 100vw, 556px\" \/><\/figure><\/div><\/div>\n\n\n\n<div class=\"wp-block-column is-vertically-aligned-bottom is-layout-flow wp-block-column-is-layout-flow\" style=\"flex-basis:66.66%\">\n<div class=\"wp-block-columns is-layout-flex wp-container-core-columns-is-layout-7 wp-block-columns-is-layout-flex\">\n<div class=\"wp-block-column is-layout-flow wp-block-column-is-layout-flow\" style=\"flex-basis:100%\">\n<p><strong>\u017bywe Dojo nr 03\/2020<\/strong><\/p>\n\n\n\n<div class=\"wp-block-group\"><div class=\"wp-block-group__inner-container is-layout-flow wp-block-group-is-layout-flow\">\n<ul class=\"wp-block-list\" start=\"8\">\n<li>Tytu\u0142em wst\u0119pu<\/li>\n\n\n\n<li>B\u0119dzie blizna<\/li>\n\n\n\n<li>Matecznik<\/li>\n\n\n\n<li>Brzezinkowy zawr\u00f3t g\u0142owy<\/li>\n\n\n\n<li>P\u0119kaj\u0105ca skorupka<\/li>\n\n\n\n<li>A zamiast m\u00f3zgu-kasza jaglana<\/li>\n\n\n\n<li>Sadza<\/li>\n\n\n\n<li>Co\u015b wi\u0119kszego<\/li>\n\n\n\n<li>Poranna herbatka<\/li>\n\n\n\n<li>Wszystko mija, nawet najd\u0142u\u017csza \u017cmija<\/li>\n\n\n\n<li>20 minut przez las. Wszystko jest treningiem<\/li>\n\n\n\n<li>Ichimando. Zabija. I mo\u017cna zaczyna\u0107 od nowa<\/li>\n\n\n\n<li>Dwa miecze<\/li>\n\n\n\n<li>Takim, jakim si\u0119 jest, ca\u0142y<\/li>\n\n\n\n<li>Kuchnia Aikido. Przepis na samogon<\/li>\n\n\n\n<li>Co to Brzezinka, Misogi Harai, Ichimando<\/li>\n<\/ul>\n<\/div><\/div>\n<\/div>\n<\/div>\n\n\n\n<div class=\"wp-block-buttons is-horizontal is-content-justification-left is-layout-flex wp-container-core-buttons-is-layout-5 wp-block-buttons-is-layout-flex\">\n<div class=\"wp-block-button\"><a class=\"wp-block-button__link has-background wp-element-button\" href=\"https:\/\/wroclawaikikai.pl\/en\/the-kingdom-of-dust\/%d0%ba%d0%be%d1%80%d0%be%d0%bb%d0%b5%d0%b2%d1%81%d1%82%d0%b2%d0%be-%d0%bf%d1%8b%d0%bb%d0%b8\/\" style=\"border-radius:3px;background-color:#e8b46d\">Czytaj online<\/a><\/div>\n\n\n\n<div class=\"wp-block-button\"><a class=\"wp-block-button__link has-vivid-red-background-color has-background wp-element-button\" href=\"https:\/\/pomagam.pl\/eafcfwrf\" style=\"border-radius:2px\" target=\"_blank\" rel=\"noreferrer noopener\">Wesprzyj<\/a><\/div>\n<\/div>\n<\/div>\n<\/div>\n\n\n\n<div class=\"wp-block-columns is-layout-flex wp-container-core-columns-is-layout-10 wp-block-columns-is-layout-flex\">\n<div class=\"wp-block-column is-vertically-aligned-center is-layout-flow wp-block-column-is-layout-flow\" style=\"flex-basis:33.33%\"><div class=\"wp-block-image\">\n<figure class=\"alignright size-large\"><img loading=\"lazy\" decoding=\"async\" width=\"608\" height=\"865\" src=\"https:\/\/wroclawaikikai.pl\/wp-content\/uploads\/2021\/03\/zywe2.jpg\" alt=\"\" class=\"wp-image-524\" srcset=\"https:\/\/wroclawaikikai.pl\/wp-content\/uploads\/2021\/03\/zywe2.jpg 608w, https:\/\/wroclawaikikai.pl\/wp-content\/uploads\/2021\/03\/zywe2-600x854.jpg 600w, https:\/\/wroclawaikikai.pl\/wp-content\/uploads\/2021\/03\/zywe2-211x300.jpg 211w\" sizes=\"(max-width: 608px) 100vw, 608px\" \/><\/figure><\/div><\/div>\n\n\n\n<div class=\"wp-block-column is-vertically-aligned-bottom is-layout-flow wp-block-column-is-layout-flow\" style=\"flex-basis:66.66%\">\n<div class=\"wp-block-columns is-layout-flex wp-container-core-columns-is-layout-9 wp-block-columns-is-layout-flex\">\n<div class=\"wp-block-column is-vertically-aligned-top is-layout-flow wp-block-column-is-layout-flow\" style=\"flex-basis:100%\">\n<p><strong>\u017bywe Dojo nr 02\/2020<\/strong><\/p>\n\n\n\n<div class=\"wp-block-group\"><div class=\"wp-block-group__inner-container is-layout-flow wp-block-group-is-layout-flow\">\n<ul class=\"wp-block-list\">\n<li>Cia\u0142o<\/li>\n\n\n\n<li>Dojo<\/li>\n\n\n\n<li>Uchideshi<\/li>\n\n\n\n<li>Harai <\/li>\n<\/ul>\n<\/div><\/div>\n<\/div>\n<\/div>\n\n\n\n<div class=\"wp-block-buttons is-horizontal is-content-justification-left is-layout-flex wp-container-core-buttons-is-layout-6 wp-block-buttons-is-layout-flex\">\n<div class=\"wp-block-button\"><a class=\"wp-block-button__link has-background wp-element-button\" href=\"https:\/\/wroclawaikikai.pl\/en\/the-kingdom-of-dust\/%d0%ba%d0%be%d1%80%d0%be%d0%bb%d0%b5%d0%b2%d1%81%d1%82%d0%b2%d0%be-%d0%bf%d1%8b%d0%bb%d0%b8\/\" style=\"border-radius:3px;background-color:#e8b46d\">Czytaj online<\/a><\/div>\n\n\n\n<div class=\"wp-block-button\"><a class=\"wp-block-button__link has-vivid-red-background-color has-background wp-element-button\" href=\"https:\/\/pomagam.pl\/eafcfwrf\" style=\"border-radius:2px\" target=\"_blank\" rel=\"noreferrer noopener\">Wesprzyj<\/a><\/div>\n<\/div>\n<\/div>\n<\/div>\n\n\n\n<p><\/p>","protected":false},"excerpt":{"rendered":"<p>Nasz biuletyn to kolejna aktywno\u015b\u0107 dojo. Zapraszamy do lektury i wsparcia naszego dojo! \u017bywe Dojo nr 01\/2024 Living Dojo EN 04\/2021 \u017bywe Dojo PL nr&hellip; <\/p>","protected":false},"author":1,"featured_media":521,"parent":404,"menu_order":0,"comment_status":"closed","ping_status":"closed","template":"","meta":{"footnotes":""},"class_list":["post-1570","page","type-page","status-publish","has-post-thumbnail","hentry"],"_links":{"self":[{"href":"https:\/\/wroclawaikikai.pl\/en\/wp-json\/wp\/v2\/pages\/1570"}],"collection":[{"href":"https:\/\/wroclawaikikai.pl\/en\/wp-json\/wp\/v2\/pages"}],"about":[{"href":"https:\/\/wroclawaikikai.pl\/en\/wp-json\/wp\/v2\/types\/page"}],"author":[{"embeddable":true,"href":"https:\/\/wroclawaikikai.pl\/en\/wp-json\/wp\/v2\/users\/1"}],"replies":[{"embeddable":true,"href":"https:\/\/wroclawaikikai.pl\/en\/wp-json\/wp\/v2\/comments?post=1570"}],"version-history":[{"count":0,"href":"https:\/\/wroclawaikikai.pl\/en\/wp-json\/wp\/v2\/pages\/1570\/revisions"}],"up":[{"embeddable":true,"href":"https:\/\/wroclawaikikai.pl\/en\/wp-json\/wp\/v2\/pages\/404"}],"wp:featuredmedia":[{"embeddable":true,"href":"https:\/\/wroclawaikikai.pl\/en\/wp-json\/wp\/v2\/media\/521"}],"wp:attachment":[{"href":"https:\/\/wroclawaikikai.pl\/en\/wp-json\/wp\/v2\/media?parent=1570"}],"curies":[{"name":"wp","href":"https:\/\/api.w.org\/{rel}","templated":true}]}}