{"id":1406,"date":"2021-04-09T22:18:02","date_gmt":"2021-04-09T20:18:02","guid":{"rendered":"http:\/\/wroclawaikikai.pl\/nowa\/?page_id=1406"},"modified":"2021-04-14T19:09:16","modified_gmt":"2021-04-14T17:09:16","slug":"grupa-mlodziezowa","status":"publish","type":"page","link":"https:\/\/wroclawaikikai.pl\/en\/aikido-dla-doroslych\/grafik-treningow-aikido-dla-doroslych\/grupa-mlodziezowa\/","title":{"rendered":"Grupa m\u0142odzie\u017cowa"},"content":{"rendered":"<div class=\"wp-block-columns is-layout-flex wp-container-core-columns-is-layout-1 wp-block-columns-is-layout-flex\">\n<div class=\"wp-block-column is-layout-flow wp-block-column-is-layout-flow\" style=\"flex-basis:66.66%\">\n<figure class=\"wp-block-image size-large\"><img loading=\"lazy\" decoding=\"async\" width=\"1024\" height=\"386\" src=\"https:\/\/wroclawaikikai.pl\/wp-content\/uploads\/2021\/04\/NOV_4131-1024x386.jpg\" alt=\"\" class=\"wp-image-1407\" srcset=\"https:\/\/wroclawaikikai.pl\/wp-content\/uploads\/2021\/04\/NOV_4131-1024x386.jpg 1024w, https:\/\/wroclawaikikai.pl\/wp-content\/uploads\/2021\/04\/NOV_4131-300x113.jpg 300w, https:\/\/wroclawaikikai.pl\/wp-content\/uploads\/2021\/04\/NOV_4131-768x290.jpg 768w, https:\/\/wroclawaikikai.pl\/wp-content\/uploads\/2021\/04\/NOV_4131.jpg 1355w\" sizes=\"(max-width: 1024px) 100vw, 1024px\" \/><\/figure>\n<\/div>\n\n\n\n<div class=\"wp-block-column is-vertically-aligned-center is-layout-flow wp-block-column-is-layout-flow\" style=\"flex-basis:33.33%\">\n<p class=\"has-medium-font-size\"><strong>Grupa m\u0142odzie\u017cowa<\/strong> (11-16 lat) ma zaj\u0119cia dwa razy w tygodniu, ale jej cz\u0142onkowie maj\u0105 r\u00f3wnie\u017c mo\u017cliwo\u015b\u0107 \u0107wiczenia z doros\u0142ymi w grupach og\u00f3lnych. <\/p>\n\n\n\n<p class=\"has-medium-font-size\">M\u0142odzie\u017c \u0107wiczy ju\u017c w systemie stopni dla doros\u0142ych (5-1 kyu) a zaj\u0119cia maj\u0105 ju\u017c charakter zwyk\u0142ych zaj\u0119\u0107 Aikido dla doros\u0142ych. <\/p>\n\n\n\n<p class=\"has-medium-font-size\">M\u0142odzie\u017c bierze ju\u017c udzia\u0142 w sta\u017cach, obozach i wyjazdach dla doros\u0142ych.  <\/p>\n<\/div>\n<\/div>\n\n\n\n<p><\/p>","protected":false},"excerpt":{"rendered":"<p>Grupa m\u0142odzie\u017cowa (11-16 lat) ma zaj\u0119cia dwa razy w tygodniu, ale jej cz\u0142onkowie maj\u0105 r\u00f3wnie\u017c mo\u017cliwo\u015b\u0107 \u0107wiczenia z doros\u0142ymi w grupach og\u00f3lnych. M\u0142odzie\u017c \u0107wiczy ju\u017c&hellip; <\/p>","protected":false},"author":2,"featured_media":0,"parent":270,"menu_order":0,"comment_status":"closed","ping_status":"closed","template":"page-templates\/gallery-template.php","meta":{"footnotes":""},"class_list":["post-1406","page","type-page","status-publish","hentry"],"_links":{"self":[{"href":"https:\/\/wroclawaikikai.pl\/en\/wp-json\/wp\/v2\/pages\/1406"}],"collection":[{"href":"https:\/\/wroclawaikikai.pl\/en\/wp-json\/wp\/v2\/pages"}],"about":[{"href":"https:\/\/wroclawaikikai.pl\/en\/wp-json\/wp\/v2\/types\/page"}],"author":[{"embeddable":true,"href":"https:\/\/wroclawaikikai.pl\/en\/wp-json\/wp\/v2\/users\/2"}],"replies":[{"embeddable":true,"href":"https:\/\/wroclawaikikai.pl\/en\/wp-json\/wp\/v2\/comments?post=1406"}],"version-history":[{"count":0,"href":"https:\/\/wroclawaikikai.pl\/en\/wp-json\/wp\/v2\/pages\/1406\/revisions"}],"up":[{"embeddable":true,"href":"https:\/\/wroclawaikikai.pl\/en\/wp-json\/wp\/v2\/pages\/270"}],"wp:attachment":[{"href":"https:\/\/wroclawaikikai.pl\/en\/wp-json\/wp\/v2\/media?parent=1406"}],"curies":[{"name":"wp","href":"https:\/\/api.w.org\/{rel}","templated":true}]}}