{"id":1378,"date":"2021-04-08T16:08:46","date_gmt":"2021-04-08T14:08:46","guid":{"rendered":"http:\/\/wroclawaikikai.pl\/nowa\/?page_id=1378"},"modified":"2021-04-14T19:09:16","modified_gmt":"2021-04-14T17:09:16","slug":"iaido","status":"publish","type":"page","link":"https:\/\/wroclawaikikai.pl\/en\/aikido-dla-doroslych\/grafik-treningow-aikido-dla-doroslych\/iaido\/","title":{"rendered":"Iaido \/ Batto Ho"},"content":{"rendered":"<div class=\"wp-block-columns is-layout-flex wp-container-core-columns-is-layout-1 wp-block-columns-is-layout-flex\">\n<div class=\"wp-block-column is-vertically-aligned-center is-layout-flow wp-block-column-is-layout-flow\" style=\"flex-basis:33.33%\">\n<p class=\"has-medium-font-size\">Iaido &#8211; to sztuka wyci\u0105gania miecza. <\/p>\n\n\n\n<p class=\"has-medium-font-size\">W naszym systemie Aikido jest bardzo wa\u017cnym elementem trening\u00f3w bezpo\u015brednio po\u0142\u0105czonym z zasadami praktyki form Aikido. <\/p>\n<\/div>\n\n\n\n<div class=\"wp-block-column is-layout-flow wp-block-column-is-layout-flow\" style=\"flex-basis:66.66%\">\n<figure class=\"wp-block-image size-large\"><img loading=\"lazy\" decoding=\"async\" width=\"1024\" height=\"431\" src=\"https:\/\/wroclawaikikai.pl\/wp-content\/uploads\/2021\/04\/Sequence-01.18_06_00_02.Still036-1024x431.jpg\" alt=\"\" class=\"wp-image-1379\" srcset=\"https:\/\/wroclawaikikai.pl\/wp-content\/uploads\/2021\/04\/Sequence-01.18_06_00_02.Still036-1024x431.jpg 1024w, https:\/\/wroclawaikikai.pl\/wp-content\/uploads\/2021\/04\/Sequence-01.18_06_00_02.Still036-300x126.jpg 300w, https:\/\/wroclawaikikai.pl\/wp-content\/uploads\/2021\/04\/Sequence-01.18_06_00_02.Still036-768x323.jpg 768w, https:\/\/wroclawaikikai.pl\/wp-content\/uploads\/2021\/04\/Sequence-01.18_06_00_02.Still036-1536x646.jpg 1536w, https:\/\/wroclawaikikai.pl\/wp-content\/uploads\/2021\/04\/Sequence-01.18_06_00_02.Still036.jpg 1920w\" sizes=\"(max-width: 1024px) 100vw, 1024px\" \/><\/figure>\n<\/div>\n<\/div>","protected":false},"excerpt":{"rendered":"<p>Iaido &#8211; to sztuka wyci\u0105gania miecza. W naszym systemie Aikido jest bardzo wa\u017cnym elementem trening\u00f3w bezpo\u015brednio po\u0142\u0105czonym z zasadami praktyki form Aikido.<\/p>","protected":false},"author":2,"featured_media":0,"parent":270,"menu_order":0,"comment_status":"closed","ping_status":"closed","template":"page-templates\/gallery-template.php","meta":{"footnotes":""},"class_list":["post-1378","page","type-page","status-publish","hentry"],"_links":{"self":[{"href":"https:\/\/wroclawaikikai.pl\/en\/wp-json\/wp\/v2\/pages\/1378"}],"collection":[{"href":"https:\/\/wroclawaikikai.pl\/en\/wp-json\/wp\/v2\/pages"}],"about":[{"href":"https:\/\/wroclawaikikai.pl\/en\/wp-json\/wp\/v2\/types\/page"}],"author":[{"embeddable":true,"href":"https:\/\/wroclawaikikai.pl\/en\/wp-json\/wp\/v2\/users\/2"}],"replies":[{"embeddable":true,"href":"https:\/\/wroclawaikikai.pl\/en\/wp-json\/wp\/v2\/comments?post=1378"}],"version-history":[{"count":0,"href":"https:\/\/wroclawaikikai.pl\/en\/wp-json\/wp\/v2\/pages\/1378\/revisions"}],"up":[{"embeddable":true,"href":"https:\/\/wroclawaikikai.pl\/en\/wp-json\/wp\/v2\/pages\/270"}],"wp:attachment":[{"href":"https:\/\/wroclawaikikai.pl\/en\/wp-json\/wp\/v2\/media?parent=1378"}],"curies":[{"name":"wp","href":"https:\/\/api.w.org\/{rel}","templated":true}]}}