{"id":1374,"date":"2021-04-08T16:01:39","date_gmt":"2021-04-08T14:01:39","guid":{"rendered":"http:\/\/wroclawaikikai.pl\/nowa\/?page_id=1374"},"modified":"2021-04-14T19:09:16","modified_gmt":"2021-04-14T17:09:16","slug":"zazen","status":"publish","type":"page","link":"https:\/\/wroclawaikikai.pl\/en\/aikido-dla-doroslych\/grafik-treningow-aikido-dla-doroslych\/zazen\/","title":{"rendered":"Zazen"},"content":{"rendered":"<div class=\"wp-block-columns is-layout-flex wp-container-core-columns-is-layout-1 wp-block-columns-is-layout-flex\">\n<div class=\"wp-block-column is-vertically-aligned-center is-layout-flow wp-block-column-is-layout-flow\" style=\"flex-basis:33.33%\">\n<p class=\"has-medium-font-size\">Zazen to praktyka medytacyjna. W naszym treningu tak samo wa\u017cna jak fizyczna praktyka z partnerem wa\u017cny jest trening wewn\u0119trzny. <\/p>\n\n\n\n<p class=\"has-medium-font-size\">Sesja trwaj\u0105 p\u00f3\u0142 godziny. Prosimy by\u0107 na miejscu na 15 minut przed rozpocz\u0119ciem. <\/p>\n<\/div>\n\n\n\n<div class=\"wp-block-column is-layout-flow wp-block-column-is-layout-flow\" style=\"flex-basis:66.66%\">\n<figure class=\"wp-block-image size-large\"><img loading=\"lazy\" decoding=\"async\" width=\"1024\" height=\"431\" src=\"https:\/\/wroclawaikikai.pl\/wp-content\/uploads\/2021\/04\/Sequence-01.18_03_34_12.Still016-1024x431.jpg\" alt=\"\" class=\"wp-image-1375\" srcset=\"https:\/\/wroclawaikikai.pl\/wp-content\/uploads\/2021\/04\/Sequence-01.18_03_34_12.Still016-1024x431.jpg 1024w, https:\/\/wroclawaikikai.pl\/wp-content\/uploads\/2021\/04\/Sequence-01.18_03_34_12.Still016-300x126.jpg 300w, https:\/\/wroclawaikikai.pl\/wp-content\/uploads\/2021\/04\/Sequence-01.18_03_34_12.Still016-768x323.jpg 768w, https:\/\/wroclawaikikai.pl\/wp-content\/uploads\/2021\/04\/Sequence-01.18_03_34_12.Still016-1536x646.jpg 1536w, https:\/\/wroclawaikikai.pl\/wp-content\/uploads\/2021\/04\/Sequence-01.18_03_34_12.Still016.jpg 1920w\" sizes=\"(max-width: 1024px) 100vw, 1024px\" \/><\/figure>\n<\/div>\n<\/div>","protected":false},"excerpt":{"rendered":"<p>Zazen to praktyka medytacyjna. W naszym treningu tak samo wa\u017cna jak fizyczna praktyka z partnerem wa\u017cny jest trening wewn\u0119trzny. Sesja trwaj\u0105 p\u00f3\u0142 godziny. Prosimy by\u0107&hellip; <\/p>","protected":false},"author":2,"featured_media":0,"parent":270,"menu_order":0,"comment_status":"closed","ping_status":"closed","template":"page-templates\/gallery-template.php","meta":{"footnotes":""},"class_list":["post-1374","page","type-page","status-publish","hentry"],"_links":{"self":[{"href":"https:\/\/wroclawaikikai.pl\/en\/wp-json\/wp\/v2\/pages\/1374"}],"collection":[{"href":"https:\/\/wroclawaikikai.pl\/en\/wp-json\/wp\/v2\/pages"}],"about":[{"href":"https:\/\/wroclawaikikai.pl\/en\/wp-json\/wp\/v2\/types\/page"}],"author":[{"embeddable":true,"href":"https:\/\/wroclawaikikai.pl\/en\/wp-json\/wp\/v2\/users\/2"}],"replies":[{"embeddable":true,"href":"https:\/\/wroclawaikikai.pl\/en\/wp-json\/wp\/v2\/comments?post=1374"}],"version-history":[{"count":0,"href":"https:\/\/wroclawaikikai.pl\/en\/wp-json\/wp\/v2\/pages\/1374\/revisions"}],"up":[{"embeddable":true,"href":"https:\/\/wroclawaikikai.pl\/en\/wp-json\/wp\/v2\/pages\/270"}],"wp:attachment":[{"href":"https:\/\/wroclawaikikai.pl\/en\/wp-json\/wp\/v2\/media?parent=1374"}],"curies":[{"name":"wp","href":"https:\/\/api.w.org\/{rel}","templated":true}]}}