{"id":1369,"date":"2021-04-08T15:47:13","date_gmt":"2021-04-08T13:47:13","guid":{"rendered":"http:\/\/wroclawaikikai.pl\/nowa\/?page_id=1369"},"modified":"2021-04-14T19:09:16","modified_gmt":"2021-04-14T17:09:16","slug":"misogi","status":"publish","type":"page","link":"https:\/\/wroclawaikikai.pl\/en\/aikido-dla-doroslych\/grafik-treningow-aikido-dla-doroslych\/misogi\/","title":{"rendered":"Misogi"},"content":{"rendered":"<div class=\"wp-block-columns is-layout-flex wp-container-core-columns-is-layout-1 wp-block-columns-is-layout-flex\">\n<div class=\"wp-block-column is-layout-flow wp-block-column-is-layout-flow\" style=\"flex-basis:66.66%\">\n<figure class=\"wp-block-image size-large\"><img loading=\"lazy\" decoding=\"async\" width=\"1024\" height=\"482\" src=\"https:\/\/wroclawaikikai.pl\/wp-content\/uploads\/2021\/04\/56702175_1240943846082463_3713537614427455488_n-1024x482.jpg\" alt=\"\" class=\"wp-image-1370\" srcset=\"https:\/\/wroclawaikikai.pl\/wp-content\/uploads\/2021\/04\/56702175_1240943846082463_3713537614427455488_n-1024x482.jpg 1024w, https:\/\/wroclawaikikai.pl\/wp-content\/uploads\/2021\/04\/56702175_1240943846082463_3713537614427455488_n-300x141.jpg 300w, https:\/\/wroclawaikikai.pl\/wp-content\/uploads\/2021\/04\/56702175_1240943846082463_3713537614427455488_n-768x362.jpg 768w, https:\/\/wroclawaikikai.pl\/wp-content\/uploads\/2021\/04\/56702175_1240943846082463_3713537614427455488_n-1536x724.jpg 1536w, https:\/\/wroclawaikikai.pl\/wp-content\/uploads\/2021\/04\/56702175_1240943846082463_3713537614427455488_n.jpg 1968w\" sizes=\"(max-width: 1024px) 100vw, 1024px\" \/><\/figure>\n<\/div>\n\n\n\n<div class=\"wp-block-column is-vertically-aligned-center is-layout-flow wp-block-column-is-layout-flow\" style=\"flex-basis:33.33%\">\n<p class=\"has-medium-font-size\">Misogi-no-kokyu-ho (oczyszczenie przez oddech) to praktyki oddechowe. <\/p>\n\n\n\n<p class=\"has-medium-font-size\">Sesja trwa p\u00f3\u0142 godziny. \u0106wicz\u0105cy musz\u0105 by\u0107 w stanie przesiedzie\u0107 30 minut w pozycji seiza (siad japo\u0144ski na p\u0142askich stopach). Prosimy zjawi\u0107 si\u0119. 15 minut przed zaj\u0119ciami. <\/p>\n\n\n\n<p class=\"has-medium-font-size\">Ch\u0119tnych prosimy o kontakt z instruktorem. <\/p>\n<\/div>\n<\/div>\n\n\n\n<p><\/p>","protected":false},"excerpt":{"rendered":"<p>Misogi-no-kokyu-ho (oczyszczenie przez oddech) to praktyki oddechowe. Sesja trwa p\u00f3\u0142 godziny. \u0106wicz\u0105cy musz\u0105 by\u0107 w stanie przesiedzie\u0107 30 minut w pozycji seiza (siad japo\u0144ski na&hellip; <\/p>","protected":false},"author":2,"featured_media":0,"parent":270,"menu_order":0,"comment_status":"closed","ping_status":"closed","template":"page-templates\/gallery-template.php","meta":{"footnotes":""},"class_list":["post-1369","page","type-page","status-publish","hentry"],"_links":{"self":[{"href":"https:\/\/wroclawaikikai.pl\/en\/wp-json\/wp\/v2\/pages\/1369"}],"collection":[{"href":"https:\/\/wroclawaikikai.pl\/en\/wp-json\/wp\/v2\/pages"}],"about":[{"href":"https:\/\/wroclawaikikai.pl\/en\/wp-json\/wp\/v2\/types\/page"}],"author":[{"embeddable":true,"href":"https:\/\/wroclawaikikai.pl\/en\/wp-json\/wp\/v2\/users\/2"}],"replies":[{"embeddable":true,"href":"https:\/\/wroclawaikikai.pl\/en\/wp-json\/wp\/v2\/comments?post=1369"}],"version-history":[{"count":0,"href":"https:\/\/wroclawaikikai.pl\/en\/wp-json\/wp\/v2\/pages\/1369\/revisions"}],"up":[{"embeddable":true,"href":"https:\/\/wroclawaikikai.pl\/en\/wp-json\/wp\/v2\/pages\/270"}],"wp:attachment":[{"href":"https:\/\/wroclawaikikai.pl\/en\/wp-json\/wp\/v2\/media?parent=1369"}],"curies":[{"name":"wp","href":"https:\/\/api.w.org\/{rel}","templated":true}]}}