{"id":1026,"date":"2021-03-30T15:35:25","date_gmt":"2021-03-30T13:35:25","guid":{"rendered":"http:\/\/wroclawaikikai.pl\/nowa\/?page_id=1026"},"modified":"2024-12-24T14:54:15","modified_gmt":"2024-12-24T13:54:15","slug":"1026-2","status":"publish","type":"page","link":"https:\/\/wroclawaikikai.pl\/en\/kim-jestesmy\/1026-2\/","title":{"rendered":"Spotkajmy si\u0119 na macie &#8211;  wywiady z naszymi studentami"},"content":{"rendered":"<figure class=\"wp-block-image alignwide size-large is-style-default\"><img loading=\"lazy\" decoding=\"async\" width=\"1024\" height=\"359\" src=\"https:\/\/wroclawaikikai.pl\/wp-content\/uploads\/2021\/04\/Spotkajmy-sie-na-macie1-1024x359.jpg\" alt=\"\" class=\"wp-image-1155\" srcset=\"https:\/\/wroclawaikikai.pl\/wp-content\/uploads\/2021\/04\/Spotkajmy-sie-na-macie1-1024x359.jpg 1024w, https:\/\/wroclawaikikai.pl\/wp-content\/uploads\/2021\/04\/Spotkajmy-sie-na-macie1-300x105.jpg 300w, https:\/\/wroclawaikikai.pl\/wp-content\/uploads\/2021\/04\/Spotkajmy-sie-na-macie1-768x269.jpg 768w, https:\/\/wroclawaikikai.pl\/wp-content\/uploads\/2021\/04\/Spotkajmy-sie-na-macie1-1536x538.jpg 1536w, https:\/\/wroclawaikikai.pl\/wp-content\/uploads\/2021\/04\/Spotkajmy-sie-na-macie1-600x210.jpg 600w, https:\/\/wroclawaikikai.pl\/wp-content\/uploads\/2021\/04\/Spotkajmy-sie-na-macie1.jpg 1997w\" sizes=\"(max-width: 1024px) 100vw, 1024px\" \/><\/figure>\n\n\n\n<hr class=\"wp-block-separator has-css-opacity is-style-dots\"\/>\n\n\n\n<hr class=\"wp-block-separator has-css-opacity is-style-dots\"\/>\n\n\n\n<div class=\"wp-block-columns is-layout-flex wp-container-core-columns-is-layout-1 wp-block-columns-is-layout-flex\">\n<div class=\"wp-block-column is-vertically-aligned-center is-layout-flow wp-block-column-is-layout-flow\">\n<h4 class=\"wp-block-heading\">Wywiad z Robertem Madejewskim<\/h4>\n\n\n\n<ul class=\"wp-block-list\">\n<li>Dlaczego zacz\u0105\u0142e\u015b trenowa\u0107 aikido?<\/li>\n\n\n\n<li>O co chodzi w aikido?<\/li>\n\n\n\n<li>Jak trafi\u0142e\u015b do Wroc\u0142aw Aikikai?<\/li>\n\n\n\n<li>Co daje Ci aikido?<\/li>\n<\/ul>\n<\/div>\n\n\n\n<div class=\"wp-block-column is-layout-flow wp-block-column-is-layout-flow\">\n<figure class=\"wp-block-embed is-type-video is-provider-youtube wp-block-embed-youtube wp-embed-aspect-16-9 wp-has-aspect-ratio\"><div class=\"wp-block-embed__wrapper\">\n<iframe loading=\"lazy\" title=\"SPOTKAJMY SI\u0118 NA MACIE\/ 02\" width=\"1778\" height=\"1000\" src=\"https:\/\/www.youtube.com\/embed\/ou09jkFY91M?feature=oembed&#038;enablejsapi=1&#038;origin=https:\/\/wroclawaikikai.pl\" frameborder=\"0\" allow=\"accelerometer; autoplay; clipboard-write; encrypted-media; gyroscope; picture-in-picture; web-share\" allowfullscreen><\/iframe>\n<\/div><\/figure>\n<\/div>\n<\/div>\n\n\n\n<hr class=\"wp-block-separator has-css-opacity is-style-dots\"\/>\n\n\n\n<div class=\"wp-block-columns is-layout-flex wp-container-core-columns-is-layout-2 wp-block-columns-is-layout-flex\">\n<div class=\"wp-block-column is-layout-flow wp-block-column-is-layout-flow\">\n<figure class=\"wp-block-embed is-type-video is-provider-youtube wp-block-embed-youtube wp-embed-aspect-16-9 wp-has-aspect-ratio\"><div class=\"wp-block-embed__wrapper\">\n<iframe loading=\"lazy\" title=\"SPOTKAJMY SI\u0118 NA MACIE \/03\" width=\"1778\" height=\"1000\" src=\"https:\/\/www.youtube.com\/embed\/iCapVBhuyAY?feature=oembed&#038;enablejsapi=1&#038;origin=https:\/\/wroclawaikikai.pl\" frameborder=\"0\" allow=\"accelerometer; autoplay; clipboard-write; encrypted-media; gyroscope; picture-in-picture; web-share\" allowfullscreen><\/iframe>\n<\/div><\/figure>\n<\/div>\n\n\n\n<div class=\"wp-block-column is-vertically-aligned-center is-layout-flow wp-block-column-is-layout-flow\">\n<h4 class=\"wp-block-heading\">Wywiad z Wojciechem Dereniem<\/h4>\n\n\n\n<ul class=\"wp-block-list\">\n<li>Co to jest aikido?<\/li>\n\n\n\n<li>O czym trzeba pami\u0119ta\u0107 na macie?<\/li>\n\n\n\n<li>Po co trenujesz aikido?<\/li>\n<\/ul>\n<\/div>\n<\/div>\n\n\n\n<hr class=\"wp-block-separator has-css-opacity is-style-dots\"\/>\n\n\n\n<div class=\"wp-block-columns is-layout-flex wp-container-core-columns-is-layout-3 wp-block-columns-is-layout-flex\">\n<div class=\"wp-block-column is-vertically-aligned-center is-layout-flow wp-block-column-is-layout-flow\">\n<h4 class=\"wp-block-heading\">Wywiad z Bart\u0142omiejem Malarskim<\/h4>\n\n\n\n<ul class=\"wp-block-list\">\n<li>Jakie s\u0105 cechy charakterystyczne stylu Birankai, do kt\u00f3rego nale\u017cy Wroc\u0142aw Aikikai?<\/li>\n\n\n\n<li>Jak trafi\u0107 do \u015brodka ko\u0142a?<\/li>\n\n\n\n<li>Co Ci daje aikido?<\/li>\n<\/ul>\n<\/div>\n\n\n\n<div class=\"wp-block-column is-layout-flow wp-block-column-is-layout-flow\">\n<figure class=\"wp-block-embed is-type-video is-provider-youtube wp-block-embed-youtube wp-embed-aspect-16-9 wp-has-aspect-ratio\"><div class=\"wp-block-embed__wrapper\">\n<iframe loading=\"lazy\" title=\"SPOTKAJMY SI\u0118 NA MACIE \/04\" width=\"1778\" height=\"1000\" src=\"https:\/\/www.youtube.com\/embed\/6yH3eg6_N_8?feature=oembed&#038;enablejsapi=1&#038;origin=https:\/\/wroclawaikikai.pl\" frameborder=\"0\" allow=\"accelerometer; autoplay; clipboard-write; encrypted-media; gyroscope; picture-in-picture; web-share\" allowfullscreen><\/iframe>\n<\/div><\/figure>\n<\/div>\n<\/div>\n\n\n\n<hr class=\"wp-block-separator has-css-opacity is-style-dots\"\/>\n\n\n\n<div class=\"wp-block-columns is-layout-flex wp-container-core-columns-is-layout-4 wp-block-columns-is-layout-flex\">\n<div class=\"wp-block-column is-layout-flow wp-block-column-is-layout-flow\">\n<figure class=\"wp-block-embed is-type-video is-provider-youtube wp-block-embed-youtube wp-embed-aspect-16-9 wp-has-aspect-ratio\"><div class=\"wp-block-embed__wrapper\">\n<iframe loading=\"lazy\" title=\"SPOTKAJMY SI\u0118 NA MACIE \/10\" width=\"1778\" height=\"1000\" src=\"https:\/\/www.youtube.com\/embed\/PXnX1iXGKQQ?feature=oembed&#038;enablejsapi=1&#038;origin=https:\/\/wroclawaikikai.pl\" frameborder=\"0\" allow=\"accelerometer; autoplay; clipboard-write; encrypted-media; gyroscope; picture-in-picture; web-share\" allowfullscreen><\/iframe>\n<\/div><\/figure>\n<\/div>\n\n\n\n<div class=\"wp-block-column is-vertically-aligned-center is-layout-flow wp-block-column-is-layout-flow\">\n<h4 class=\"wp-block-heading\">Wywiad z Dmytro Tuchyk (j. rosyjski)<\/h4>\n\n\n\n<ul class=\"wp-block-list\">\n<li>Dlaczego zacz\u0105\u0142e\u015b trenowa\u0107 Aikido?<\/li>\n\n\n\n<li>Dlaczego wybra\u0142e\u015b w\u0142a\u015bnie Aikido?<\/li>\n\n\n\n<li>Czy dojo jest miejscem przyjaznym dla obcokrajowc\u00f3w?<\/li>\n<\/ul>\n<\/div>\n<\/div>\n\n\n\n<hr class=\"wp-block-separator has-css-opacity is-style-dots\"\/>\n\n\n\n<div class=\"wp-block-columns is-layout-flex wp-container-core-columns-is-layout-5 wp-block-columns-is-layout-flex\">\n<div class=\"wp-block-column is-vertically-aligned-center is-layout-flow wp-block-column-is-layout-flow\">\n<h4 class=\"wp-block-heading\"><strong>Wywiad z Mateuszem Wag\u0105<\/strong><\/h4>\n\n\n\n<ul class=\"wp-block-list\">\n<li>Czym jest dla Ciebie Aikido?<\/li>\n\n\n\n<li>Czym jest ShuHaRi?<\/li>\n\n\n\n<li>Co daje Aikido?<\/li>\n\n\n\n<li>O co chodzi w Aikido?<\/li>\n<\/ul>\n<\/div>\n\n\n\n<div class=\"wp-block-column is-layout-flow wp-block-column-is-layout-flow\">\n<figure class=\"wp-block-embed is-type-video is-provider-youtube wp-block-embed-youtube wp-embed-aspect-16-9 wp-has-aspect-ratio\"><div class=\"wp-block-embed__wrapper\">\n<iframe loading=\"lazy\" title=\"SPOTKAJMY SI\u0118 NA MACIE \/06\" width=\"1778\" height=\"1000\" src=\"https:\/\/www.youtube.com\/embed\/Cflj_dujqDc?feature=oembed&#038;enablejsapi=1&#038;origin=https:\/\/wroclawaikikai.pl\" frameborder=\"0\" allow=\"accelerometer; autoplay; clipboard-write; encrypted-media; gyroscope; picture-in-picture; web-share\" allowfullscreen><\/iframe>\n<\/div><\/figure>\n<\/div>\n<\/div>\n\n\n\n<hr class=\"wp-block-separator has-css-opacity is-style-dots\"\/>\n\n\n\n<div class=\"wp-block-columns is-layout-flex wp-container-core-columns-is-layout-6 wp-block-columns-is-layout-flex\">\n<div class=\"wp-block-column is-layout-flow wp-block-column-is-layout-flow\">\n<figure class=\"wp-block-embed is-type-video is-provider-youtube wp-block-embed-youtube wp-embed-aspect-16-9 wp-has-aspect-ratio\"><div class=\"wp-block-embed__wrapper\">\n<iframe loading=\"lazy\" title=\"SPOTKAJMY SI\u0118 NA MACIE \/07\" width=\"1778\" height=\"1000\" src=\"https:\/\/www.youtube.com\/embed\/kPC-_BmSNZA?feature=oembed&#038;enablejsapi=1&#038;origin=https:\/\/wroclawaikikai.pl\" frameborder=\"0\" allow=\"accelerometer; autoplay; clipboard-write; encrypted-media; gyroscope; picture-in-picture; web-share\" allowfullscreen><\/iframe>\n<\/div><\/figure>\n<\/div>\n\n\n\n<div class=\"wp-block-column is-vertically-aligned-center is-layout-flow wp-block-column-is-layout-flow\">\n<h4 class=\"wp-block-heading\">Wywiad z Ma\u0142gorzat\u0105 Matiaszewsk\u0105, Jakubem Cie\u015blakiem <br>i Adamem \u017bakiem<\/h4>\n\n\n\n<ul class=\"wp-block-list\">\n<li>Jak d\u0142ugo trenujesz Aikido?<\/li>\n\n\n\n<li>Dlaczego lubisz trenowa\u0107 Aikido?<\/li>\n\n\n\n<li>Jak wygl\u0105daj\u0105 egzaminy?<\/li>\n\n\n\n<li>Dlaczego egzaminy mog\u0105 by\u0107 stresuj\u0105ce?<\/li>\n\n\n\n<li>O czym trzeba pami\u0119ta\u0107 na macie?<\/li>\n\n\n\n<li>Co to jest Aikido?<\/li>\n\n\n\n<li>Dlaczego warto poleci\u0107 Aikido innym?<\/li>\n<\/ul>\n<\/div>\n<\/div>\n\n\n\n<hr class=\"wp-block-separator has-css-opacity is-style-dots\"\/>\n\n\n\n<div class=\"wp-block-columns is-layout-flex wp-container-core-columns-is-layout-7 wp-block-columns-is-layout-flex\">\n<div class=\"wp-block-column is-vertically-aligned-center is-layout-flow wp-block-column-is-layout-flow\">\n<h4 class=\"wp-block-heading\">Wywiad z Andrzejem Kalbarczykiem<\/h4>\n\n\n\n<ul class=\"wp-block-list\">\n<li>Dlaczego trenujesz Aikido?<\/li>\n\n\n\n<li>Co to jest Ki?<\/li>\n\n\n\n<li>Czy to czego uczysz si\u0119 na macie mo\u017cesz wykorzysta\u0107 w \u017cyciu codziennym?<\/li>\n<\/ul>\n<\/div>\n\n\n\n<div class=\"wp-block-column is-layout-flow wp-block-column-is-layout-flow\">\n<figure class=\"wp-block-embed is-type-video is-provider-youtube wp-block-embed-youtube wp-embed-aspect-16-9 wp-has-aspect-ratio\"><div class=\"wp-block-embed__wrapper\">\n<iframe loading=\"lazy\" title=\"SPOTKAJMY SI\u0118 NA MACIE \/08\" width=\"1778\" height=\"1000\" src=\"https:\/\/www.youtube.com\/embed\/cgbqttEdRms?feature=oembed&#038;enablejsapi=1&#038;origin=https:\/\/wroclawaikikai.pl\" frameborder=\"0\" allow=\"accelerometer; autoplay; clipboard-write; encrypted-media; gyroscope; picture-in-picture; web-share\" allowfullscreen><\/iframe>\n<\/div><\/figure>\n<\/div>\n<\/div>\n\n\n\n<hr class=\"wp-block-separator has-css-opacity is-style-dots\"\/>\n\n\n\n<div class=\"wp-block-columns is-layout-flex wp-container-core-columns-is-layout-8 wp-block-columns-is-layout-flex\">\n<div class=\"wp-block-column is-layout-flow wp-block-column-is-layout-flow\">\n<figure class=\"wp-block-embed is-type-video is-provider-youtube wp-block-embed-youtube wp-embed-aspect-16-9 wp-has-aspect-ratio\"><div class=\"wp-block-embed__wrapper\">\n<iframe loading=\"lazy\" title=\"SPOTKAJMY SI\u0118 NA MACIE \/09\" width=\"1778\" height=\"1000\" src=\"https:\/\/www.youtube.com\/embed\/Z1gqp38us5U?start=46&#038;feature=oembed&#038;enablejsapi=1&#038;origin=https:\/\/wroclawaikikai.pl\" frameborder=\"0\" allow=\"accelerometer; autoplay; clipboard-write; encrypted-media; gyroscope; picture-in-picture; web-share\" allowfullscreen><\/iframe>\n<\/div><\/figure>\n<\/div>\n\n\n\n<div class=\"wp-block-column is-vertically-aligned-center is-layout-flow wp-block-column-is-layout-flow\">\n<h4 class=\"wp-block-heading\">Wywiad z Wojciechem Kuli\u0144skim<\/h4>\n\n\n\n<ul class=\"wp-block-list\">\n<li>Jak to si\u0119 sta\u0142o, \u017ce zacz\u0105\u0142e\u015b trenowa\u0107 Aikido?<\/li>\n\n\n\n<li>Jak d\u0142ugo trenujesz Aikido?<\/li>\n\n\n\n<li>Co Ci daje Aikido?<\/li>\n\n\n\n<li>Czym dla Ciebie jest Aikido?<\/li>\n<\/ul>\n<\/div>\n<\/div>\n\n\n\n<hr class=\"wp-block-separator has-css-opacity is-style-dots\"\/>\n\n\n\n<div class=\"wp-block-columns is-layout-flex wp-container-core-columns-is-layout-9 wp-block-columns-is-layout-flex\">\n<div class=\"wp-block-column is-vertically-aligned-center is-layout-flow wp-block-column-is-layout-flow\"><\/div>\n\n\n\n<div class=\"wp-block-column is-layout-flow wp-block-column-is-layout-flow\"><\/div>\n<\/div>\n\n\n\n<div class=\"wp-block-buttons is-layout-flex wp-block-buttons-is-layout-flex\">\n<div class=\"wp-block-button\"><a class=\"wp-block-button__link wp-element-button\" href=\"https:\/\/wroclawaikikai.pl\/en\/jak-do-nas-dolaczyc-2\/\">Jak do nas do\u0142\u0105czy\u0107?<\/a><\/div>\n<\/div>","protected":false},"excerpt":{"rendered":"<p>Wywiad z Katarzyn\u0105 Masztalerz, Robertem Madejewskim, Wojciechem Dereniem, Bart\u0142omiejem Malarskim, Jakubem Wro\u0144skim, Mateuszem Wag\u0105, Ma\u0142gorzat\u0105 Matiaszewsk\u0105, Jakubem Cie\u015blakiem<br \/>\noraz Adamem \u017bakiem, Andrzejem Kalbarczykiem, Wojciechem Kuli\u0144skim i Dmytro Tuchyk<\/p>","protected":false},"author":2,"featured_media":1155,"parent":1398,"menu_order":0,"comment_status":"closed","ping_status":"closed","template":"page-templates\/gallery-template.php","meta":{"footnotes":""},"class_list":["post-1026","page","type-page","status-publish","has-post-thumbnail","hentry"],"_links":{"self":[{"href":"https:\/\/wroclawaikikai.pl\/en\/wp-json\/wp\/v2\/pages\/1026"}],"collection":[{"href":"https:\/\/wroclawaikikai.pl\/en\/wp-json\/wp\/v2\/pages"}],"about":[{"href":"https:\/\/wroclawaikikai.pl\/en\/wp-json\/wp\/v2\/types\/page"}],"author":[{"embeddable":true,"href":"https:\/\/wroclawaikikai.pl\/en\/wp-json\/wp\/v2\/users\/2"}],"replies":[{"embeddable":true,"href":"https:\/\/wroclawaikikai.pl\/en\/wp-json\/wp\/v2\/comments?post=1026"}],"version-history":[{"count":0,"href":"https:\/\/wroclawaikikai.pl\/en\/wp-json\/wp\/v2\/pages\/1026\/revisions"}],"up":[{"embeddable":true,"href":"https:\/\/wroclawaikikai.pl\/en\/wp-json\/wp\/v2\/pages\/1398"}],"wp:featuredmedia":[{"embeddable":true,"href":"https:\/\/wroclawaikikai.pl\/en\/wp-json\/wp\/v2\/media\/1155"}],"wp:attachment":[{"href":"https:\/\/wroclawaikikai.pl\/en\/wp-json\/wp\/v2\/media?parent=1026"}],"curies":[{"name":"wp","href":"https:\/\/api.w.org\/{rel}","templated":true}]}}